{"id":11,"date":"2020-04-15T02:25:27","date_gmt":"2020-04-15T02:25:27","guid":{"rendered":"https:\/\/wp.usssinc.net\/?page_id=5"},"modified":"2020-12-09T21:26:23","modified_gmt":"2020-12-09T21:26:23","slug":"about","status":"publish","type":"page","link":"https:\/\/usssinc.net\/fr\/about\/","title":{"rendered":"About"},"content":{"rendered":"<div id=\"main-contents\" class=\"page-about\"> <!-- #main-contents -->\r\n  <section class=\"goal\">\r\n    <div class=\"goal-contents\">\r\n      <p class=\"goal-title\">Notre objectif<span>Exp\u00e9rience \u00e9lev\u00e9e \u00e0 bas prix<\/span><\/p>\r\n      <div class=\"wrapper\">\r\n        <span class=\"goal-description\">\r\n          USSS, Student Services INC.(U.S.S.S.)\r\n        <\/span>\r\n        <span class=\"goal-description\">\r\n          USSS servira la diversit\u00e9 des demandes avec un h\u00e9bergement et un service de haute qualit\u00e9 \u00e0 un prix raisonnable\r\n        <\/span>\r\n        <span class=\"goal-description\">Los Angeles &#8211; l\u2019une des villes les plus multiculturelles d\u2019Am\u00e9rique.<br \/>\r\n          Nous vous soutiendrons et vous fournirons un h\u00e9bergement s\u00fbr et confortable.<br \/>\r\n          En plus de notre assistance \u00e0 l&#8217;h\u00e9bergement, nous fournirons \u00e9galement un soutien avec nos programmes partenaires ESL et Dance.\r\n        <\/span>\r\n        <span class=\"goal-description\">\r\n        La famille d&#8217;accueil soigneusement s\u00e9lectionn\u00e9e vous accueillera comme l&#8217;un des membres de sa propre famille pour vous faire sentir comme chez vous et maximiser votre exp\u00e9rience culturelle\r\n        <\/span>\r\n      <\/div>\r\n    <\/div>\r\n  <\/section>\r\n  <section class=\"about-staff\">\r\n    <h2 class=\"about-staff-title\">Voici nos collaborateurs qui vous accompagneront <br \/>Support en 10 langues diff\u00e9rentes<\/h2>\r\n    <div class=\"wrapper\">\r\n      <div class=\"about-staff-contents\">\r\n        <div class=\"staff-item\">\r\n          <figure class=\"staff-cover\">\r\n            <img decoding=\"async\" src=\"https:\/\/wp.usssinc.net\/wp-content\/themes\/usss\/images\/staff_img_01.png\" alt=\"\">\r\n          <\/figure>\r\n          <h3 class=\"staff-title\">Quartier de Westwood<\/h3>\r\n        <\/div>\r\n        <div class=\"staff-item\">\r\n          <figure class=\"staff-cover\">\r\n            <img decoding=\"async\" src=\"https:\/\/wp.usssinc.net\/wp-content\/themes\/usss\/images\/staff_img_02.png\" alt=\"\">\r\n          <\/figure>\r\n          <h3 class=\"staff-title\">Quartier d&#8217;Hollywood<\/h3>\r\n        <\/div>\r\n      <\/div>\r\n    <\/div>\r\n  <\/section>\r\n  <\/div> <!-- \/\/ #main-contents -->","protected":false},"excerpt":{"rendered":"Notre objectifExp\u00e9rience \u00e9lev\u00e9e \u00e0 bas prix USSS, Student Services INC.(U.S.S.S.) USSS servira la diversit\u00e9 des demandes avec un h\u00e9bergement et un service de haute qualit\u00e9 \u00e0 un prix raisonnable Los Angeles &#8211; l\u2019une des villes les plus multiculturelles d\u2019Am\u00e9rique. Nous vous soutiendrons et vous fournirons un h\u00e9bergement s\u00fbr et confortable. En plus de notre assistance [&hellip;]","protected":false},"author":1,"featured_media":0,"parent":0,"menu_order":0,"comment_status":"closed","ping_status":"closed","template":"","meta":[],"yoast_head":"<!-- This site is optimized with the Yoast SEO plugin v20.11 - https:\/\/yoast.com\/wordpress\/plugins\/seo\/ -->\n<title>About - U.S. Support Service Inc<\/title>\n<meta name=\"robots\" content=\"index, follow, max-snippet:-1, max-image-preview:large, max-video-preview:-1\" \/>\n<link rel=\"canonical\" href=\"https:\/\/usssinc.net\/fr\/about\/\" \/>\n<meta property=\"og:locale\" content=\"en_US\" \/>\n<meta property=\"og:type\" content=\"article\" \/>\n<meta property=\"og:title\" content=\"About - U.S. Support Service Inc\" \/>\n<meta property=\"og:description\" content=\"Notre objectifExp\u00e9rience \u00e9lev\u00e9e \u00e0 bas prix USSS, Student Services INC.(U.S.S.S.) USSS servira la diversit\u00e9 des demandes avec un h\u00e9bergement et un service de haute qualit\u00e9 \u00e0 un prix raisonnable Los Angeles &#8211; l\u2019une des villes les plus multiculturelles d\u2019Am\u00e9rique. Nous vous soutiendrons et vous fournirons un h\u00e9bergement s\u00fbr et confortable. En plus de notre assistance [&hellip;]\" \/>\n<meta property=\"og:url\" content=\"https:\/\/usssinc.net\/fr\/about\/\" \/>\n<meta property=\"og:site_name\" content=\"U.S. Support Service Inc\" \/>\n<meta property=\"article:modified_time\" content=\"2020-12-09T21:26:23+00:00\" \/>\n<meta property=\"og:image\" content=\"https:\/\/wp.usssinc.net\/wp-content\/themes\/usss\/images\/staff_img_01.png\" \/>\n<meta name=\"twitter:card\" content=\"summary_large_image\" \/>\n<meta name=\"twitter:label1\" content=\"Est. reading time\" \/>\n\t<meta name=\"twitter:data1\" content=\"1 minute\" \/>\n<script type=\"application\/ld+json\" class=\"yoast-schema-graph\">{\"@context\":\"https:\/\/schema.org\",\"@graph\":[{\"@type\":\"WebPage\",\"@id\":\"https:\/\/usssinc.net\/fr\/about\/\",\"url\":\"https:\/\/usssinc.net\/fr\/about\/\",\"name\":\"About - U.S. Support Service Inc\",\"isPartOf\":{\"@id\":\"https:\/\/usssinc.net\/fr\/#website\"},\"datePublished\":\"2020-04-15T02:25:27+00:00\",\"dateModified\":\"2020-12-09T21:26:23+00:00\",\"breadcrumb\":{\"@id\":\"https:\/\/usssinc.net\/fr\/about\/#breadcrumb\"},\"inLanguage\":\"en-US\",\"potentialAction\":[{\"@type\":\"ReadAction\",\"target\":[\"https:\/\/usssinc.net\/fr\/about\/\"]}]},{\"@type\":\"BreadcrumbList\",\"@id\":\"https:\/\/usssinc.net\/fr\/about\/#breadcrumb\",\"itemListElement\":[{\"@type\":\"ListItem\",\"position\":1,\"name\":\"Home\",\"item\":\"https:\/\/usssinc.net\/fr\/\"},{\"@type\":\"ListItem\",\"position\":2,\"name\":\"About\"}]},{\"@type\":\"WebSite\",\"@id\":\"https:\/\/usssinc.net\/fr\/#website\",\"url\":\"https:\/\/usssinc.net\/fr\/\",\"name\":\"U.S. Support Service Inc\",\"description\":\"Just another USSS Inc Sites site\",\"potentialAction\":[{\"@type\":\"SearchAction\",\"target\":{\"@type\":\"EntryPoint\",\"urlTemplate\":\"https:\/\/usssinc.net\/fr\/?s={search_term_string}\"},\"query-input\":\"required name=search_term_string\"}],\"inLanguage\":\"en-US\"}]}<\/script>\n<!-- \/ Yoast SEO plugin. -->","yoast_head_json":{"title":"About - U.S. Support Service Inc","robots":{"index":"index","follow":"follow","max-snippet":"max-snippet:-1","max-image-preview":"max-image-preview:large","max-video-preview":"max-video-preview:-1"},"canonical":"https:\/\/usssinc.net\/fr\/about\/","og_locale":"en_US","og_type":"article","og_title":"About - U.S. Support Service Inc","og_description":"Notre objectifExp\u00e9rience \u00e9lev\u00e9e \u00e0 bas prix USSS, Student Services INC.(U.S.S.S.) USSS servira la diversit\u00e9 des demandes avec un h\u00e9bergement et un service de haute qualit\u00e9 \u00e0 un prix raisonnable Los Angeles &#8211; l\u2019une des villes les plus multiculturelles d\u2019Am\u00e9rique. Nous vous soutiendrons et vous fournirons un h\u00e9bergement s\u00fbr et confortable. En plus de notre assistance [&hellip;]","og_url":"https:\/\/usssinc.net\/fr\/about\/","og_site_name":"U.S. Support Service Inc","article_modified_time":"2020-12-09T21:26:23+00:00","og_image":[{"url":"https:\/\/wp.usssinc.net\/wp-content\/themes\/usss\/images\/staff_img_01.png"}],"twitter_card":"summary_large_image","twitter_misc":{"Est. reading time":"1 minute"},"schema":{"@context":"https:\/\/schema.org","@graph":[{"@type":"WebPage","@id":"https:\/\/usssinc.net\/fr\/about\/","url":"https:\/\/usssinc.net\/fr\/about\/","name":"About - U.S. Support Service Inc","isPartOf":{"@id":"https:\/\/usssinc.net\/fr\/#website"},"datePublished":"2020-04-15T02:25:27+00:00","dateModified":"2020-12-09T21:26:23+00:00","breadcrumb":{"@id":"https:\/\/usssinc.net\/fr\/about\/#breadcrumb"},"inLanguage":"en-US","potentialAction":[{"@type":"ReadAction","target":["https:\/\/usssinc.net\/fr\/about\/"]}]},{"@type":"BreadcrumbList","@id":"https:\/\/usssinc.net\/fr\/about\/#breadcrumb","itemListElement":[{"@type":"ListItem","position":1,"name":"Home","item":"https:\/\/usssinc.net\/fr\/"},{"@type":"ListItem","position":2,"name":"About"}]},{"@type":"WebSite","@id":"https:\/\/usssinc.net\/fr\/#website","url":"https:\/\/usssinc.net\/fr\/","name":"U.S. Support Service Inc","description":"Just another USSS Inc Sites site","potentialAction":[{"@type":"SearchAction","target":{"@type":"EntryPoint","urlTemplate":"https:\/\/usssinc.net\/fr\/?s={search_term_string}"},"query-input":"required name=search_term_string"}],"inLanguage":"en-US"}]}},"_links":{"self":[{"href":"https:\/\/usssinc.net\/fr\/wp-json\/wp\/v2\/pages\/11"}],"collection":[{"href":"https:\/\/usssinc.net\/fr\/wp-json\/wp\/v2\/pages"}],"about":[{"href":"https:\/\/usssinc.net\/fr\/wp-json\/wp\/v2\/types\/page"}],"author":[{"embeddable":true,"href":"https:\/\/usssinc.net\/fr\/wp-json\/wp\/v2\/users\/1"}],"replies":[{"embeddable":true,"href":"https:\/\/usssinc.net\/fr\/wp-json\/wp\/v2\/comments?post=11"}],"version-history":[{"count":2,"href":"https:\/\/usssinc.net\/fr\/wp-json\/wp\/v2\/pages\/11\/revisions"}],"predecessor-version":[{"id":327,"href":"https:\/\/usssinc.net\/fr\/wp-json\/wp\/v2\/pages\/11\/revisions\/327"}],"wp:attachment":[{"href":"https:\/\/usssinc.net\/fr\/wp-json\/wp\/v2\/media?parent=11"}],"curies":[{"name":"wp","href":"https:\/\/api.w.org\/{rel}","templated":true}]}}