{"id":19,"date":"2020-04-15T03:35:09","date_gmt":"2020-04-15T03:35:09","guid":{"rendered":"https:\/\/wp.usssinc.net\/?page_id=19"},"modified":"2020-12-09T22:35:48","modified_gmt":"2020-12-09T22:35:48","slug":"faq","status":"publish","type":"page","link":"https:\/\/usssinc.net\/fr\/faq\/","title":{"rendered":"FAQ"},"content":{"rendered":"<div id=\"main-contents\" class=\"page-faq\"> <!-- #main-contents -->\r\n  <section class=\"faq\">\r\n    <div class=\"wrapper\">\r\n      <div class=\"faq-contents\">\r\n        <div class=\"q-lists\">\r\n          <div class=\"q-lists--item\">\r\n            <a href=\"#Q1\">\r\n              <p>Comment puis-je commencer \u00e0 postuler\uff1f<\/p>\r\n            <\/a>\r\n          <\/div>\r\n          <div class=\"q-lists--item\">\r\n            <a href=\"#Q2\">\r\n              <p>Dois-je nettoyer les chambres?<\/p>\r\n            <\/a>\r\n          <\/div>\r\n          <div class=\"q-lists--item\">\r\n            <a href=\"#Q3\">\r\n              <p>Puis-je changer de type d&#8217;h\u00e9bergement? (par exemple, dortoir \u00e0 famille d&#8217;accueil)<\/p>\r\n            <\/a>\r\n          <\/div>\r\n          <div class=\"q-lists--item\">\r\n            <a href=\"#Q4\">\r\n              <p>Quelle est la politique d&#8217;annulation?<\/p>\r\n            <\/a>\r\n          <\/div>\r\n          <div class=\"q-lists--item\">\r\n            <a href=\"#Q5\">\r\n              <p>Puis-je voir la maison de la famille d&#8217;accueil avant d&#8217;emm\u00e9nager?<\/p>\r\n            <\/a>\r\n          <\/div>\r\n          <div class=\"q-lists--item\">\r\n            <a href=\"#Q6\">\r\n              <p>Quand vais-je r\u00e9cup\u00e9rer mon d\u00e9p\u00f4t de garantie?<\/p>\r\n            <\/a>\r\n          <\/div>\r\n\t\t\t\t\t<div class=\"q-lists--item\">\r\n            <a href=\"#Q13\">\r\n              <p>Combien de salle de bain y a t-il??<\/p>\r\n            <\/a>\r\n          <\/div>\r\n          <div class=\"q-lists--item\">\r\n            <a href=\"#Q14\">\r\n              <p>Y a-t-il un couvre-feu?<\/p>\r\n            <\/a>\r\n          <\/div>\r\n          <div class=\"q-lists--item\">\r\n            <a href=\"#Q15\">\r\n              <p>Puis-je boire de l&#8217;alcool?<\/p>\r\n            <\/a>\r\n          <\/div>\r\n          <div class=\"q-lists--item\">\r\n            <a href=\"#Q16\">\r\n              <p>Y a-t-il une chambre ou un espace fumeur?<\/p>\r\n            <\/a>\r\n          <\/div>\r\n          <div class=\"q-lists--item\">\r\n            <a href=\"#Q17\">\r\n              <p>Y a-t-il une machine \u00e0 laver?<\/p>\r\n            <\/a>\r\n          <\/div>\r\n          <div class=\"q-lists--item\">\r\n            <a href=\"#Q18\">\r\n              <p>Puis-je changer de chambre?<\/p>\r\n            <\/a>\r\n          <\/div>\r\n        <\/div>\r\n        <div class=\"q-contents-lists\">\r\n          <div class=\"q-contents-lists--item\" id=\"Q1\">\r\n            <div class=\"q-header\">\r\n              <p>Comment puis-je commencer \u00e0 postuler?<\/p>\r\n            <\/div>\r\n            <div class=\"q-info\">\r\n              <p>\r\n                Dois-je nettoyer les chambres?\r\n              <\/p>\r\n            <\/div>\r\n          <\/div>\r\n          <div class=\"q-contents-lists--item\" id=\"Q2\">\r\n            <div class=\"q-header\">\r\n              <p>Dois-je nettoyer les chambres?<\/p>\r\n            <\/div>\r\n            <div class=\"q-info\">\r\n              <p>\r\n                Nous embauchons des nettoyeurs professionnels pour nettoyer les espaces communs, \r\ntels que la salle de bain, la cuisine et le salon.\r\n              <\/p>\r\n            <\/div>\r\n          <\/div>\r\n          <div class=\"q-contents-lists--item\" id=\"Q3\">\r\n            <div class=\"q-header\">\r\n              <p>Puis-je changer de type d&#8217;h\u00e9bergement? \r\n(par exemple, dortoir \u00e0 famille d&#8217;accueil)<\/p>\r\n            <\/div>\r\n            <div class=\"q-info\">\r\n              <p>\r\n                Oui, vous pouvez. Il vous suffira de payer la moiti\u00e9 du prix de vos frais de placement, ainsi que la diff\u00e9rence de loyer (le cas \u00e9ch\u00e9ant)\r\n              <\/p>\r\n            <\/div>\r\n          <\/div>\r\n          <div class=\"q-contents-lists--item\" id=\"Q4\">\r\n            <div class=\"q-header\">\r\n              <p>Quelle est la politique d&#8217;annulation?<\/p>\r\n            <\/div>\r\n            <div class=\"q-info\">\r\n              <p>\r\n                Si vous annulez 30 jours ou plus avant votre date d&#8217;emm\u00e9nagement, vous serez enti\u00e8rement rembours\u00e9.\r\nSi vous nous contactez dans les 30 jours suivant votre date d&#8217;emm\u00e9nagement, vos frais de placement seront les frais d&#8217;annulation. Nous collecterons \u00e9galement 4 semaines de location conform\u00e9ment \u00e0 la loi de l&#8217;\u00c9tat de Californie (veuillez consulter la politique d&#8217;annulation pour plus de d\u00e9tails)\r\n              <\/p>\r\n            <\/div>\r\n          <\/div>\r\n          <div class=\"q-contents-lists--item\" id=\"Q5\">\r\n            <div class=\"q-header\">\r\n              <p>Puis-je voir la maison de la famille d&#8217;accueil avant d&#8217;emm\u00e9nager?<\/p>\r\n            <\/div>\r\n            <div class=\"q-info\">\r\n              <p>\r\n                Malheureusement, vous ne pouvez pas le faire. Cependant, si vous avez des demandes, nous trouverons la meilleure famille pour r\u00e9pondre \u00e0 vos besoins.\r\n              <\/p>\r\n            <\/div>\r\n          <\/div>\r\n          <div class=\"q-contents-lists--item\" id=\"Q6\">\r\n            <div class=\"q-header\">\r\n              <p>Quand vais-je r\u00e9cup\u00e9rer mon d\u00e9p\u00f4t de garantie?<\/p>\r\n            <\/div>\r\n            <div class=\"q-info\">\r\n              <p>\r\n               Vous devez payer un d\u00e9p\u00f4t de garantie de 200 $ lorsque vous emm\u00e9nagez. (Visa ou Mastercard si vous payez avec une carte de cr\u00e9dit) \r\nLors de votre d\u00e9m\u00e9nagement, vous devrez remplir un formulaire d&#8217;avis de remboursement afin de recevoir le remboursement. Il faut g\u00e9n\u00e9ralement 2 semaines pour recevoir le remboursement.\r\n              <\/p>\r\n            <\/div>\r\n          <\/div>\r\n\t\t\t\t\t<div class=\"q-contents-lists--item\" id=\"Q13\">\r\n            <div class=\"q-header\">\r\n              <p>Combien de salle de bain y a t-il\uff1f<\/p>\r\n            <\/div>\r\n            <div class=\"q-info\">\r\n              <p>\r\n                Chaque chambre a une salle de bain. Bakman dispose de 3 chambres et 2 salles de bains.\r\n              <\/p>\r\n            <\/div>\r\n          <\/div>\r\n          <div class=\"q-contents-lists--item\" id=\"Q14\">\r\n            <div class=\"q-header\">\r\n              <p>Y a-t-il un couvre-feu?<\/p>\r\n            <\/div>\r\n            <div class=\"q-info\">\r\n              <p>\r\n               Non, il n&#8217;y a pas de couvre-feu, mais soyez respectueux et attentionn\u00e9 envers les autres.\r\n              <\/p>\r\n            <\/div>\r\n          <\/div>\r\n          <div class=\"q-contents-lists--item\" id=\"Q15\">\r\n            <div class=\"q-header\">\r\n              <p>Puis-je boire de l&#8217;alcool?<\/p>\r\n            <\/div>\r\n            <div class=\"q-info\">\r\n              <p>\r\n                Selon la loi, si vous avez 21 ans ou plus, \r\nvous \u00eates autoris\u00e9 \u00e0 boire dans la r\u00e9sidence. \r\nNous n&#8217;autorisons aucun type de fumer dans la r\u00e9sidence.\r\n              <\/p>\r\n            <\/div>\r\n          <\/div>\r\n          <div class=\"q-contents-lists--item\" id=\"Q16\">\r\n            <div class=\"q-header\">\r\n              <p>Y a-t-il une chambre ou un espace fumeur?<\/p>\r\n            <\/div>\r\n            <div class=\"q-info\">\r\n              <p>\r\n                Non. Toutes les chambres du dortoir (y compris le balcon) sont non-fumeurs. \r\nVeuillez sortir du b\u00e2timent pour fumer.\r\n              <\/p>\r\n            <\/div>\r\n          <\/div>\r\n          <div class=\"q-contents-lists--item\" id=\"Q17\">\r\n            <div class=\"q-header\">\r\n              <p>Y a-t-il une machine \u00e0 laver?<\/p>\r\n            <\/div>\r\n            <div class=\"q-info\">\r\n              <p>\r\n                Oui, chaque r\u00e9sidence dispose d&#8217;une machine \u00e0 laver. \r\nNous d\u00e9duisons 3 $ par semaine du d\u00e9p\u00f4t de garantie comme frais de machine \u00e0 laver.\r\n              <\/p>\r\n            <\/div>\r\n          <\/div>\r\n          <div class=\"q-contents-lists--item\" id=\"Q18\">\r\n            <div class=\"q-header\">\r\n              <p>Puis-je changer de chambre?<\/p>\r\n            <\/div>\r\n            <div class=\"q-info\">\r\n              <p>\r\n                A. Il est possible de surclasser votre chambre (par exemple, d&#8217;une chambre quadruple \u00e0 une chambre simple): \r\nsi une chambre est disponible, vous pouvez changer de chambre en payant simplement la diff\u00e9rence de prix.<br \/>\r\n                B. Vous pouvez \u00e9galement passer au m\u00eame type de chambre (par exemple, partag\u00e9e vers partag\u00e9e): \r\nsi une chambre est disponible, vous pouvez changer de chambre.<br \/>\r\n                C Il est \u00e9galement possible de d\u00e9classer votre chambre (par exemple, simple \u00e0 quadruple): \r\nsi une chambre est disponible, vous pouvez changer de chambre.\r\n              <\/p>\r\n            <\/div>\r\n          <\/div>\r\n        <\/div>\r\n      <\/div>\r\n    <\/div>\r\n  <\/section>\r\n<\/div> <!-- \/\/ #main-contents -->","protected":false},"excerpt":{"rendered":"Comment puis-je commencer \u00e0 postuler\uff1f Dois-je nettoyer les chambres? Puis-je changer de type d&#8217;h\u00e9bergement? (par exemple, dortoir \u00e0 famille d&#8217;accueil) Quelle est la politique d&#8217;annulation? Puis-je voir la maison de la famille d&#8217;accueil avant d&#8217;emm\u00e9nager? Quand vais-je r\u00e9cup\u00e9rer mon d\u00e9p\u00f4t de garantie? Combien de salle de bain y a t-il?? Y a-t-il un couvre-feu? Puis-je [&hellip;]","protected":false},"author":1,"featured_media":0,"parent":0,"menu_order":0,"comment_status":"closed","ping_status":"closed","template":"","meta":[],"yoast_head":"<!-- This site is optimized with the Yoast SEO plugin v20.11 - https:\/\/yoast.com\/wordpress\/plugins\/seo\/ -->\n<title>FAQ - U.S. Support Service Inc<\/title>\n<meta name=\"robots\" content=\"index, follow, max-snippet:-1, max-image-preview:large, max-video-preview:-1\" \/>\n<link rel=\"canonical\" href=\"https:\/\/usssinc.net\/fr\/faq\/\" \/>\n<meta property=\"og:locale\" content=\"en_US\" \/>\n<meta property=\"og:type\" content=\"article\" \/>\n<meta property=\"og:title\" content=\"FAQ - U.S. Support Service Inc\" \/>\n<meta property=\"og:description\" content=\"Comment puis-je commencer \u00e0 postuler\uff1f Dois-je nettoyer les chambres? Puis-je changer de type d&#8217;h\u00e9bergement? (par exemple, dortoir \u00e0 famille d&#8217;accueil) Quelle est la politique d&#8217;annulation? Puis-je voir la maison de la famille d&#8217;accueil avant d&#8217;emm\u00e9nager? Quand vais-je r\u00e9cup\u00e9rer mon d\u00e9p\u00f4t de garantie? Combien de salle de bain y a t-il?? Y a-t-il un couvre-feu? Puis-je [&hellip;]\" \/>\n<meta property=\"og:url\" content=\"https:\/\/usssinc.net\/fr\/faq\/\" \/>\n<meta property=\"og:site_name\" content=\"U.S. Support Service Inc\" \/>\n<meta property=\"article:modified_time\" content=\"2020-12-09T22:35:48+00:00\" \/>\n<meta name=\"twitter:card\" content=\"summary_large_image\" \/>\n<meta name=\"twitter:label1\" content=\"Est. reading time\" \/>\n\t<meta name=\"twitter:data1\" content=\"3 minutes\" \/>\n<script type=\"application\/ld+json\" class=\"yoast-schema-graph\">{\"@context\":\"https:\/\/schema.org\",\"@graph\":[{\"@type\":\"WebPage\",\"@id\":\"https:\/\/usssinc.net\/fr\/faq\/\",\"url\":\"https:\/\/usssinc.net\/fr\/faq\/\",\"name\":\"FAQ - U.S. Support Service Inc\",\"isPartOf\":{\"@id\":\"https:\/\/usssinc.net\/fr\/#website\"},\"datePublished\":\"2020-04-15T03:35:09+00:00\",\"dateModified\":\"2020-12-09T22:35:48+00:00\",\"breadcrumb\":{\"@id\":\"https:\/\/usssinc.net\/fr\/faq\/#breadcrumb\"},\"inLanguage\":\"en-US\",\"potentialAction\":[{\"@type\":\"ReadAction\",\"target\":[\"https:\/\/usssinc.net\/fr\/faq\/\"]}]},{\"@type\":\"BreadcrumbList\",\"@id\":\"https:\/\/usssinc.net\/fr\/faq\/#breadcrumb\",\"itemListElement\":[{\"@type\":\"ListItem\",\"position\":1,\"name\":\"Home\",\"item\":\"https:\/\/usssinc.net\/fr\/\"},{\"@type\":\"ListItem\",\"position\":2,\"name\":\"FAQ\"}]},{\"@type\":\"WebSite\",\"@id\":\"https:\/\/usssinc.net\/fr\/#website\",\"url\":\"https:\/\/usssinc.net\/fr\/\",\"name\":\"U.S. Support Service Inc\",\"description\":\"Just another USSS Inc Sites site\",\"potentialAction\":[{\"@type\":\"SearchAction\",\"target\":{\"@type\":\"EntryPoint\",\"urlTemplate\":\"https:\/\/usssinc.net\/fr\/?s={search_term_string}\"},\"query-input\":\"required name=search_term_string\"}],\"inLanguage\":\"en-US\"}]}<\/script>\n<!-- \/ Yoast SEO plugin. -->","yoast_head_json":{"title":"FAQ - U.S. Support Service Inc","robots":{"index":"index","follow":"follow","max-snippet":"max-snippet:-1","max-image-preview":"max-image-preview:large","max-video-preview":"max-video-preview:-1"},"canonical":"https:\/\/usssinc.net\/fr\/faq\/","og_locale":"en_US","og_type":"article","og_title":"FAQ - U.S. Support Service Inc","og_description":"Comment puis-je commencer \u00e0 postuler\uff1f Dois-je nettoyer les chambres? Puis-je changer de type d&#8217;h\u00e9bergement? (par exemple, dortoir \u00e0 famille d&#8217;accueil) Quelle est la politique d&#8217;annulation? Puis-je voir la maison de la famille d&#8217;accueil avant d&#8217;emm\u00e9nager? Quand vais-je r\u00e9cup\u00e9rer mon d\u00e9p\u00f4t de garantie? Combien de salle de bain y a t-il?? Y a-t-il un couvre-feu? Puis-je [&hellip;]","og_url":"https:\/\/usssinc.net\/fr\/faq\/","og_site_name":"U.S. Support Service Inc","article_modified_time":"2020-12-09T22:35:48+00:00","twitter_card":"summary_large_image","twitter_misc":{"Est. reading time":"3 minutes"},"schema":{"@context":"https:\/\/schema.org","@graph":[{"@type":"WebPage","@id":"https:\/\/usssinc.net\/fr\/faq\/","url":"https:\/\/usssinc.net\/fr\/faq\/","name":"FAQ - U.S. Support Service Inc","isPartOf":{"@id":"https:\/\/usssinc.net\/fr\/#website"},"datePublished":"2020-04-15T03:35:09+00:00","dateModified":"2020-12-09T22:35:48+00:00","breadcrumb":{"@id":"https:\/\/usssinc.net\/fr\/faq\/#breadcrumb"},"inLanguage":"en-US","potentialAction":[{"@type":"ReadAction","target":["https:\/\/usssinc.net\/fr\/faq\/"]}]},{"@type":"BreadcrumbList","@id":"https:\/\/usssinc.net\/fr\/faq\/#breadcrumb","itemListElement":[{"@type":"ListItem","position":1,"name":"Home","item":"https:\/\/usssinc.net\/fr\/"},{"@type":"ListItem","position":2,"name":"FAQ"}]},{"@type":"WebSite","@id":"https:\/\/usssinc.net\/fr\/#website","url":"https:\/\/usssinc.net\/fr\/","name":"U.S. Support Service Inc","description":"Just another USSS Inc Sites site","potentialAction":[{"@type":"SearchAction","target":{"@type":"EntryPoint","urlTemplate":"https:\/\/usssinc.net\/fr\/?s={search_term_string}"},"query-input":"required name=search_term_string"}],"inLanguage":"en-US"}]}},"_links":{"self":[{"href":"https:\/\/usssinc.net\/fr\/wp-json\/wp\/v2\/pages\/19"}],"collection":[{"href":"https:\/\/usssinc.net\/fr\/wp-json\/wp\/v2\/pages"}],"about":[{"href":"https:\/\/usssinc.net\/fr\/wp-json\/wp\/v2\/types\/page"}],"author":[{"embeddable":true,"href":"https:\/\/usssinc.net\/fr\/wp-json\/wp\/v2\/users\/1"}],"replies":[{"embeddable":true,"href":"https:\/\/usssinc.net\/fr\/wp-json\/wp\/v2\/comments?post=19"}],"version-history":[{"count":2,"href":"https:\/\/usssinc.net\/fr\/wp-json\/wp\/v2\/pages\/19\/revisions"}],"predecessor-version":[{"id":335,"href":"https:\/\/usssinc.net\/fr\/wp-json\/wp\/v2\/pages\/19\/revisions\/335"}],"wp:attachment":[{"href":"https:\/\/usssinc.net\/fr\/wp-json\/wp\/v2\/media?parent=19"}],"curies":[{"name":"wp","href":"https:\/\/api.w.org\/{rel}","templated":true}]}}