{"id":42,"date":"2020-04-20T03:18:14","date_gmt":"2020-04-20T03:18:14","guid":{"rendered":"https:\/\/wp.usssinc.net\/?page_id=42"},"modified":"2020-12-20T01:49:31","modified_gmt":"2020-12-20T01:49:31","slug":"homestay","status":"publish","type":"page","link":"https:\/\/usssinc.net\/fr\/homestay\/","title":{"rendered":"Homestay"},"content":{"rendered":"<div id=\"main-contents\" class=\"page-homestay\"> <!-- #main-contents -->\r\n  <section class=\"homestay\">\r\n    <div class=\"homestay-contents\">\r\n      <p class=\"homestay-title\">Notre famille d&#8217;accueil<\/p>\r\n      <div class=\"wrapper\">\r\n        <span class=\"homestay-description pc\">\r\n        Nous recommandons l&#8217;h\u00e9bergement chez l&#8217;habitant aux personnes qui souhaitent vivre avec une famille am\u00e9ricaine. Les repas sont fournis (petit-d\u00e9jeuner et d\u00eener)\r\n        <\/span>\r\n        <span class=\"homestay-description sp\">\r\n        Nous recommandons l&#8217;h\u00e9bergement chez l&#8217;habitant aux personnes qui souhaitent vivre avec une famille am\u00e9ricaine. Les repas sont fournis (petit-d\u00e9jeuner et d\u00eener)\r\n        <\/span>\r\n        <figure class=\"homestay-cover\" style=\"background-image: url('https:\/\/usssinc.net\/wp-content\/themes\/usss\/images\/homestay-cover.png')\">\r\n          <div class=\"homestay-info\">\r\n            <p class=\"homestay-text\">Laissez-nous vous pr\u00e9senter l&#8217;une de nos familles d&#8217;accueil soigneusement s\u00e9lectionn\u00e9es.<\/p>\r\n          <\/div>\r\n        <\/figure>\r\n      <\/div>\r\n    <\/div>\r\n  <\/section>\r\n  <section class=\"area\">\r\n    <div class=\"wrapper\">\r\n      <h2 class=\"title\">Zone<\/h2>\r\n      <span class=\"sub-title\">Plus de 100 familles d&#8217;accueil \u00e0 L.A sont affili\u00e9es<\/span>\r\n      <div class=\"area-contents\">\r\n        <figure>\r\n        <\/figure>\r\n      <\/div>\r\n    <\/div>\r\n  <\/section>\r\n  <section class=\"families\">\r\n    <div class=\"wrapper\">\r\n      <h2 class=\"title\">Familles d&#8217;accueil<\/h2>\r\n      <span class=\"sub-title\">Rencontrez certaines de nos familles d&#8217;accueil soigneusement s\u00e9lectionn\u00e9es<\/span>\r\n      <div class=\"families-contents\">\r\n        <ul class=\"families-lists\">\r\n          <li class=\"families-lists--item\">\r\n            <h3 class=\"families-title\">Profil de la famille Sigh #1<\/h3>\r\n            <figure class=\"families-cover\">\r\n              <img decoding=\"async\" src=\"https:\/\/usssinc.net\/wp-content\/themes\/usss\/images\/families_cover_01.png\" alt=\"\">\r\n            <\/figure>\r\n            <div class=\"families-info\">\r\n              <ul class=\"info-lists\">\r\n                <li class=\"info-lists--item\">Nom : Sigh<\/li>\r\n                <li class=\"info-lists--item\">Emplacement: Santa Monica<\/li>\r\n                <li class=\"info-lists--item\">30 minutes en bus de la plage de Santa Monica<\/li>\r\n                <li class=\"info-lists--item\">Animal: No<\/li>\r\n              <\/ul>\r\n              <p class=\"families-description\">\r\n              Nous accueillons des \u00e9tudiants depuis 2011 et avons eu de nombreux \u00e9tudiants de diff\u00e9rents pays. C\u2019est un plaisir de rencontrer diff\u00e9rents \u00e9tudiants de diff\u00e9rents pays. Nos \u00e9tudiants sont devenus comme des membres de la famille et nous avons quelqu&#8217;un dans de nombreuses r\u00e9gions du monde. J&#8217;ai eu le plaisir d&#8217;\u00eatre revisit\u00e9 par plusieurs de mes \u00e9tudiants qui sont revenus \u00e0 Los Angeles.\r\n              <\/p>\r\n            <\/div>\r\n          <\/li>\r\n          <li class=\"families-lists--item\">\r\n            <h3 class=\"families-title\">Profil de la famille Miriam #2<\/h3>\r\n            <figure class=\"families-cover\">\r\n              <img decoding=\"async\" src=\"https:\/\/usssinc.net\/wp-content\/themes\/usss\/images\/families_cover_02.png\" alt=\"\">\r\n            <\/figure>\r\n            <div class=\"families-info\">\r\n              <ul class=\"info-lists\">\r\n                <li class=\"info-lists--item\">Nom: Miriam<\/li>\r\n                <li class=\"info-lists--item\">Emplacement: R\u00e9gion de North Hollywood<\/li>\r\n                <li class=\"info-lists--item\">30 minutes en bus jusqu&#8217;\u00e0 Movement Lifestyle<\/li>\r\n                <li class=\"info-lists--item\">Animal: Non<\/li>\r\n              <\/ul>\r\n              <p class=\"families-description\">\r\n              Ma fille et moi avons aim\u00e9 \u00eatre une famille d&#8217;accueil parce que non seulement nous acqu\u00e9rons de l&#8217;exp\u00e9rience avec d&#8217;autres cultures, mais nous gagnons \u00e9galement des amiti\u00e9s.\r\n              <\/p>\r\n            <\/div>\r\n          <\/li>\r\n          <li class=\"families-lists--item\">\r\n            <h3 class=\"families-title\">Profil de la famille Sanvicente #3<\/h3>\r\n            <figure class=\"families-cover\">\r\n              <img decoding=\"async\" src=\"https:\/\/usssinc.net\/wp-content\/themes\/usss\/images\/families_cover_03.png\" alt=\"\">\r\n            <\/figure>\r\n            <div class=\"families-info\">\r\n              <ul class=\"info-lists\">\r\n                <li class=\"info-lists--item\">Nom: Sanvicente<\/li>\r\n                <li class=\"info-lists--item\">Emplacement: North Hollywood<\/li>\r\n                <li class=\"info-lists--item\">10 minutes en bus des studios Universal<\/li>\r\n                <li class=\"info-lists--item\">Animal: Non<\/li>\r\n              <\/ul>\r\n              <p class=\"families-description\">\r\n              Nous aimons saisir l&#8217;opportunit\u00e9 d&#8217;\u00eatre une famille d&#8217;accueil pour les \u00e9tudiants internationaux. Notre famille appr\u00e9cie la diversit\u00e9 o\u00f9 nous pouvons partager notre culture am\u00e9ricaine, nos traditions et notre style de vie tout en d\u00e9couvrant les leurs. Nous avons h\u00e2te de b\u00e2tir de nouvelles relations et de nouveaux souvenirs sinc\u00e8res.\r\n              <\/p>\r\n            <\/div>\r\n          <\/li>\r\n          <li class=\"families-lists--item\">\r\n            <h3 class=\"families-title\">Profil de la famille Rodriguez #4<\/h3>\r\n            <figure class=\"families-cover\">\r\n              <img decoding=\"async\" src=\"https:\/\/usssinc.net\/wp-content\/themes\/usss\/images\/families_cover_04.png\" alt=\"\">\r\n            <\/figure>\r\n            <div class=\"families-info\">\r\n              <ul class=\"info-lists\">\r\n                <li class=\"info-lists--item\">Nom: Rodriguez<\/li>\r\n                <li class=\"info-lists--item\">Emplacement: North Hollywood<\/li>\r\n                <li class=\"info-lists--item\">CPr\u00e8s du studio de danse Millennium Dance Complex<\/li>\r\n                <li class=\"info-lists--item\">Animal: Non<\/li>\r\n              <\/ul>\r\n              <p class=\"families-description\">\r\n              Nous aimerions vous souhaiter la bienvenue dans notre maison \u00e0 Hollywood, en Californie !!<br \/>Nous esp\u00e9rons que vous vivrez une exp\u00e9rience incroyable et que vous en appr\u00e9cierez chaque seconde!\r\n              <\/p>\r\n            <\/div>\r\n          <\/li>\r\n          <li class=\"families-lists--item\">\r\n            <h3 class=\"families-title\">Profil de Marcela #5<\/h3>\r\n            <figure class=\"families-cover\">\r\n              <img decoding=\"async\" src=\"https:\/\/usssinc.net\/wp-content\/themes\/usss\/images\/families_cover_05.png\" alt=\"\">\r\n            <\/figure>\r\n            <div class=\"families-info\">\r\n              <ul class=\"info-lists\">\r\n                <li class=\"info-lists--item\">Nom: Marcela<\/li>\r\n                <li class=\"info-lists--item\">Emplacement: North hollywood<\/li>\r\n                <li class=\"info-lists--item\">10 minutes aux \u00c9tats-Unis pour se rendre \u00e0 Disney Studio<\/li>\r\n                <li class=\"info-lists--item\">Animal: Chiens de compagnie<\/li>\r\n              <\/ul>\r\n              <p class=\"families-description more-height\">\r\n              Bonjour ma famille c&#8217;est Bartolo et Marcela Gonz\u00e1lez, nous sommes un couple mari\u00e9 depuis 33 ans, nous sommes des parents chez l&#8217;habitant depuis plus de 20 ans, profitant de chaque minute pour apprendre la culture de nos \u00e9tudiants chez l&#8217;habitant, que nous gardons en contact au fil des ans. Ils reviennent avec leur famille apr\u00e8s quelques ann\u00e9es pass\u00e9es chez nous, nous sommes devenus maman et papa de ce c\u00f4t\u00e9-ci du mot pour eux! nous faire tr\u00e8s plaisir, nous faisons nos d\u00eeners maison! Pour eux de profiter de 3 cultures diff\u00e9rentes .. Les aliments am\u00e9ricains, chiliens et mexicains sont toujours la priorit\u00e9, cr\u00e9ez une ambiance s\u00fbre car notre supposition est n \u00b0 1, Dieu ne nous a pas b\u00e9nis avec les enfants .. il nous a b\u00e9nis avec les \u00e9tudiants en famille d&#8217;accueil Merci beaucoup beaucoup\r\n              <\/p>\r\n            <\/div>\r\n          <\/li>\r\n          <li class=\"families-lists--item\">\r\n            <h3 class=\"families-title\">Profil de la famille Washington #6<\/h3>\r\n            <figure class=\"families-cover\">\r\n              <img decoding=\"async\" src=\"https:\/\/usssinc.net\/wp-content\/themes\/usss\/images\/families_cover_06.png\" alt=\"\">\r\n            <\/figure>\r\n            <div class=\"families-info\">\r\n              <ul class=\"info-lists\">\r\n                <li class=\"info-lists--item\">Nom: Washington<\/li>\r\n                <li class=\"info-lists--item\">Emplacement: Nord 20<\/li>\r\n                <li class=\"info-lists--item\">20 minutes en bus de Beverly Hills<\/li>\r\n                <li class=\"info-lists--item\">Animal: Non<\/li>\r\n              <\/ul>\r\n              <p class=\"families-description\">\r\n              Salut les gars! C\u2019est d\u00e9j\u00e0 agr\u00e9able d\u2019avoir \/ d\u2019accueillir des \u00e9tudiants chez nous et de passer du temps ensemble! Nous avons souvent une f\u00eate chez nous et c\u2019est vraiment amusant! Notre famille sera ravie de vous avoir! Merci beaucoup!\r\n              <\/p>\r\n            <\/div>\r\n          <\/li>\r\n        <\/ul>\r\n      <\/div>\r\n    <\/div>\r\n  <\/section>\r\n  <\/div> <!-- \/\/ #main-contents -->","protected":false},"excerpt":{"rendered":"Notre famille d&#8217;accueil Nous recommandons l&#8217;h\u00e9bergement chez l&#8217;habitant aux personnes qui souhaitent vivre avec une famille am\u00e9ricaine. Les repas sont fournis (petit-d\u00e9jeuner et d\u00eener) Nous recommandons l&#8217;h\u00e9bergement chez l&#8217;habitant aux personnes qui souhaitent vivre avec une famille am\u00e9ricaine. Les repas sont fournis (petit-d\u00e9jeuner et d\u00eener) Laissez-nous vous pr\u00e9senter l&#8217;une de nos familles d&#8217;accueil soigneusement s\u00e9lectionn\u00e9es. [&hellip;]","protected":false},"author":1,"featured_media":0,"parent":0,"menu_order":0,"comment_status":"closed","ping_status":"closed","template":"","meta":[],"yoast_head":"<!-- This site is optimized with the Yoast SEO plugin v20.11 - https:\/\/yoast.com\/wordpress\/plugins\/seo\/ -->\n<title>Homestay - U.S. Support Service Inc<\/title>\n<meta name=\"robots\" content=\"index, follow, max-snippet:-1, max-image-preview:large, max-video-preview:-1\" \/>\n<link rel=\"canonical\" href=\"https:\/\/usssinc.net\/fr\/homestay\/\" \/>\n<meta property=\"og:locale\" content=\"en_US\" \/>\n<meta property=\"og:type\" content=\"article\" \/>\n<meta property=\"og:title\" content=\"Homestay - U.S. Support Service Inc\" \/>\n<meta property=\"og:description\" content=\"Notre famille d&#8217;accueil Nous recommandons l&#8217;h\u00e9bergement chez l&#8217;habitant aux personnes qui souhaitent vivre avec une famille am\u00e9ricaine. Les repas sont fournis (petit-d\u00e9jeuner et d\u00eener) Nous recommandons l&#8217;h\u00e9bergement chez l&#8217;habitant aux personnes qui souhaitent vivre avec une famille am\u00e9ricaine. Les repas sont fournis (petit-d\u00e9jeuner et d\u00eener) Laissez-nous vous pr\u00e9senter l&#8217;une de nos familles d&#8217;accueil soigneusement s\u00e9lectionn\u00e9es. [&hellip;]\" \/>\n<meta property=\"og:url\" content=\"https:\/\/usssinc.net\/fr\/homestay\/\" \/>\n<meta property=\"og:site_name\" content=\"U.S. Support Service Inc\" \/>\n<meta property=\"article:modified_time\" content=\"2020-12-20T01:49:31+00:00\" \/>\n<meta property=\"og:image\" content=\"https:\/\/usssinc.net\/wp-content\/themes\/usss\/images\/families_cover_01.png\" \/>\n<meta name=\"twitter:card\" content=\"summary_large_image\" \/>\n<meta name=\"twitter:label1\" content=\"Est. reading time\" \/>\n\t<meta name=\"twitter:data1\" content=\"3 minutes\" \/>\n<script type=\"application\/ld+json\" class=\"yoast-schema-graph\">{\"@context\":\"https:\/\/schema.org\",\"@graph\":[{\"@type\":\"WebPage\",\"@id\":\"https:\/\/usssinc.net\/fr\/homestay\/\",\"url\":\"https:\/\/usssinc.net\/fr\/homestay\/\",\"name\":\"Homestay - U.S. Support Service Inc\",\"isPartOf\":{\"@id\":\"https:\/\/usssinc.net\/fr\/#website\"},\"datePublished\":\"2020-04-20T03:18:14+00:00\",\"dateModified\":\"2020-12-20T01:49:31+00:00\",\"breadcrumb\":{\"@id\":\"https:\/\/usssinc.net\/fr\/homestay\/#breadcrumb\"},\"inLanguage\":\"en-US\",\"potentialAction\":[{\"@type\":\"ReadAction\",\"target\":[\"https:\/\/usssinc.net\/fr\/homestay\/\"]}]},{\"@type\":\"BreadcrumbList\",\"@id\":\"https:\/\/usssinc.net\/fr\/homestay\/#breadcrumb\",\"itemListElement\":[{\"@type\":\"ListItem\",\"position\":1,\"name\":\"Home\",\"item\":\"https:\/\/usssinc.net\/fr\/\"},{\"@type\":\"ListItem\",\"position\":2,\"name\":\"Homestay\"}]},{\"@type\":\"WebSite\",\"@id\":\"https:\/\/usssinc.net\/fr\/#website\",\"url\":\"https:\/\/usssinc.net\/fr\/\",\"name\":\"U.S. Support Service Inc\",\"description\":\"Just another USSS Inc Sites site\",\"potentialAction\":[{\"@type\":\"SearchAction\",\"target\":{\"@type\":\"EntryPoint\",\"urlTemplate\":\"https:\/\/usssinc.net\/fr\/?s={search_term_string}\"},\"query-input\":\"required name=search_term_string\"}],\"inLanguage\":\"en-US\"}]}<\/script>\n<!-- \/ Yoast SEO plugin. -->","yoast_head_json":{"title":"Homestay - U.S. Support Service Inc","robots":{"index":"index","follow":"follow","max-snippet":"max-snippet:-1","max-image-preview":"max-image-preview:large","max-video-preview":"max-video-preview:-1"},"canonical":"https:\/\/usssinc.net\/fr\/homestay\/","og_locale":"en_US","og_type":"article","og_title":"Homestay - U.S. Support Service Inc","og_description":"Notre famille d&#8217;accueil Nous recommandons l&#8217;h\u00e9bergement chez l&#8217;habitant aux personnes qui souhaitent vivre avec une famille am\u00e9ricaine. Les repas sont fournis (petit-d\u00e9jeuner et d\u00eener) Nous recommandons l&#8217;h\u00e9bergement chez l&#8217;habitant aux personnes qui souhaitent vivre avec une famille am\u00e9ricaine. Les repas sont fournis (petit-d\u00e9jeuner et d\u00eener) Laissez-nous vous pr\u00e9senter l&#8217;une de nos familles d&#8217;accueil soigneusement s\u00e9lectionn\u00e9es. [&hellip;]","og_url":"https:\/\/usssinc.net\/fr\/homestay\/","og_site_name":"U.S. Support Service Inc","article_modified_time":"2020-12-20T01:49:31+00:00","og_image":[{"url":"https:\/\/usssinc.net\/wp-content\/themes\/usss\/images\/families_cover_01.png"}],"twitter_card":"summary_large_image","twitter_misc":{"Est. reading time":"3 minutes"},"schema":{"@context":"https:\/\/schema.org","@graph":[{"@type":"WebPage","@id":"https:\/\/usssinc.net\/fr\/homestay\/","url":"https:\/\/usssinc.net\/fr\/homestay\/","name":"Homestay - U.S. Support Service Inc","isPartOf":{"@id":"https:\/\/usssinc.net\/fr\/#website"},"datePublished":"2020-04-20T03:18:14+00:00","dateModified":"2020-12-20T01:49:31+00:00","breadcrumb":{"@id":"https:\/\/usssinc.net\/fr\/homestay\/#breadcrumb"},"inLanguage":"en-US","potentialAction":[{"@type":"ReadAction","target":["https:\/\/usssinc.net\/fr\/homestay\/"]}]},{"@type":"BreadcrumbList","@id":"https:\/\/usssinc.net\/fr\/homestay\/#breadcrumb","itemListElement":[{"@type":"ListItem","position":1,"name":"Home","item":"https:\/\/usssinc.net\/fr\/"},{"@type":"ListItem","position":2,"name":"Homestay"}]},{"@type":"WebSite","@id":"https:\/\/usssinc.net\/fr\/#website","url":"https:\/\/usssinc.net\/fr\/","name":"U.S. Support Service Inc","description":"Just another USSS Inc Sites site","potentialAction":[{"@type":"SearchAction","target":{"@type":"EntryPoint","urlTemplate":"https:\/\/usssinc.net\/fr\/?s={search_term_string}"},"query-input":"required name=search_term_string"}],"inLanguage":"en-US"}]}},"_links":{"self":[{"href":"https:\/\/usssinc.net\/fr\/wp-json\/wp\/v2\/pages\/42"}],"collection":[{"href":"https:\/\/usssinc.net\/fr\/wp-json\/wp\/v2\/pages"}],"about":[{"href":"https:\/\/usssinc.net\/fr\/wp-json\/wp\/v2\/types\/page"}],"author":[{"embeddable":true,"href":"https:\/\/usssinc.net\/fr\/wp-json\/wp\/v2\/users\/1"}],"replies":[{"embeddable":true,"href":"https:\/\/usssinc.net\/fr\/wp-json\/wp\/v2\/comments?post=42"}],"version-history":[{"count":3,"href":"https:\/\/usssinc.net\/fr\/wp-json\/wp\/v2\/pages\/42\/revisions"}],"predecessor-version":[{"id":340,"href":"https:\/\/usssinc.net\/fr\/wp-json\/wp\/v2\/pages\/42\/revisions\/340"}],"wp:attachment":[{"href":"https:\/\/usssinc.net\/fr\/wp-json\/wp\/v2\/media?parent=42"}],"curies":[{"name":"wp","href":"https:\/\/api.w.org\/{rel}","templated":true}]}}