{"id":45,"date":"2020-04-20T03:21:26","date_gmt":"2020-04-20T03:21:26","guid":{"rendered":"https:\/\/wp.usssinc.net\/?page_id=45"},"modified":"2026-01-08T03:24:52","modified_gmt":"2026-01-08T03:24:52","slug":"pickup","status":"publish","type":"page","link":"https:\/\/usssinc.net\/fr\/pickup\/","title":{"rendered":"Airport Pickup"},"content":{"rendered":"<div id=\"main-contents\" class=\"page-pickup\"><!-- #main-contents -->\n<span class=\"pickup-title\">Service de transport a\u00e9roportuaire<\/span>\n<p class=\"pickup-description pc\">Service de transport s\u00fbr et confortable\nNous fournissons un service porte-\u00e0-porte s\u00fbr et pratique de l&#8217;a\u00e9roport \u00e0 votre h\u00e9bergement. Si vous \u00eates nouveau \u00e0 Los Angeles, nous vous recommandons vivement ce service. Nous fournissons un service porte-\u00e0-porte s\u00fbr et pratique de l&#8217;a\u00e9roport \u00e0 votre h\u00e9bergement<\/p>\n<p class=\"pickup-description sp\">Service de transport s\u00fbr et confortable\nNous fournissons un service porte-\u00e0-porte s\u00fbr et pratique de l&#8217;a\u00e9roport \u00e0 votre h\u00e9bergement. Si vous \u00eates nouveau \u00e0 Los Angeles, nous vous recommandons vivement ce service. Nous fournissons un service porte-\u00e0-porte s\u00fbr et pratique de l&#8217;a\u00e9roport \u00e0 votre h\u00e9bergement<\/p>\n\n<section class=\"pickup\">\n<div class=\"wrapper\">\n<div class=\"pickup-contents\">\n<figure class=\"cover-img\"><img decoding=\"async\" src=\"https:\/\/usssinc.net\/wp-content\/themes\/usss\/images\/img_pickup_cover_img02.jpg\" alt=\"\"><\/figure>\n<h3 class=\"inner-title\"><span>Facile \u00e0 trouver<\/span><\/h3>\n<div class=\"find\">\n<div class=\"info\">\n<figure class=\"cover-find-sp\"><img decoding=\"async\" src=\"https:\/\/usssinc.net\/wp-content\/themes\/usss\/images\/pickup.jpg\" alt=\"\"><\/figure>\n<h4 class=\"inner-subtitle\">Notre personnel USSS vous attendra \u00e0 l&#8217;a\u00e9roport<\/h4>\n<p class=\"pickup-description\">Notre personnel USSS vous attendra \u00e0 la porte de l&#8217;a\u00e9roport LAX et portera un t-shirt rose vif avec le logo USSS. Veuillez rechercher un membre de notre personnel qui tient une pancarte avec votre nom.<\/p>\n\n<\/div>\n<figure class=\"cover-find\"><img decoding=\"async\" src=\"https:\/\/usssinc.net\/wp-content\/themes\/usss\/images\/pickup.jpg\" alt=\"\"><\/figure>\n<\/div>\n<\/div>\n<\/div>\n<\/section>\n<section class=\"price\">\n<div class=\"wrapper\">\n<div class=\"price-contents\">\n<h3 class=\"price-title\"><span>Prix<\/span><\/h3>\n<p class=\"price-description\">Nous facturons un tarif forfaitaire, quel que soit l&#8217;emplacement<\/p>\n\n<div class=\"price-table01\">\n<div class=\"tabs\">\n<h3 class=\"tabs-title\">Prises en charge<\/h3>\n<div class=\"tabs--item\">\n<div class=\"left\">\n\n8:00 AM &#8211; 8:00 PM\n\n<\/div>\n<div class=\"right\">\n\n$170\n\n<\/div>\n<\/div>\n<div class=\"tabs--item\">\n<div class=\"left\">\n\n8:01 PM &#8211; 10:00 PM\n\n<\/div>\n<div class=\"right\">\n\n$170+ $40\n\n<\/div>\n<\/div>\n<div class=\"tabs--item\">\n<div class=\"left\">\n\n10:00 PM &#8211; 7:59 AM\n\n<\/div>\n<div class=\"right\">\n\nIndisponible\n\n<\/div>\n<\/div>\n<div class=\"etc\">We are able to pick you up starting from 8:00AM\nTransportation service will only be available for flights that arrive before 8:00 PM<\/div>\n<\/div>\n<div class=\"tabs\">\n<h3 class=\"tabs-title\">Retour<\/h3>\n<div class=\"tabs--item\">\n<div class=\"left\">\n\n7:00 AM &#8211; 7:00 PM\n\n<\/div>\n<div class=\"right\">\n\n$150\n\n<\/div>\n<\/div>\n<div class=\"tabs--item\">\n<div class=\"left\">\n\n6:00 AM &#8211; 6:59 AM\n\n<\/div>\n<div class=\"right\">\n\n$150+ $40\n\n<\/div>\n<\/div>\n<div class=\"tabs--item\">\n<div class=\"left\">\n\n7:01 PM &#8211; 5:59 AM\n\n<\/div>\n<div class=\"right\">\n\nIndisponible\n\n<\/div>\n<\/div>\n<div class=\"etc\">&#8220;L&#8217;heure de prise en charge \u00e0 votre h\u00e9bergement sera appliqu\u00e9e.\nSi notre service de transport n&#8217;est pas disponible, nous serons heureux de vous aider \u00e0 r\u00e9server un Uber, Lyft, etc.<\/div>\n<\/div>\n<\/div>\n<span class=\"precaution\">Remarque: Ce service est uniquement offert aux personnes qui s\u00e9journeront dans une r\u00e9sidence USSS<\/span>\n<div class=\"contact-table\">\n<div class=\"info-wrapper\">\n<div class=\"info-left\">\n<h4 class=\"info-title\">Num\u00e9ro de contact en cas d&#8217;urgence<\/h4>\n<\/div>\n<div class=\"info-right\">\n                        <span class=\"emergency\">Num\u00e9ro de contact en cas d&#8217;urgence<\/span><\/div>\n<div>+1 310-766-6016<\/div>\n<\/div>\n<div class=\"etc-contact\">Veuillez appeler le num\u00e9ro d&#8217;urgence en cas d&#8217;annulation ou de retard de vol.<\/div>\n<\/div>\n<\/div>\n<\/div>\n<\/section><\/div>\n<!-- \/\/ #main-contents -->","protected":false},"excerpt":{"rendered":"Service de transport a\u00e9roportuaire Service de transport s\u00fbr et confortable Nous fournissons un service porte-\u00e0-porte s\u00fbr et pratique de l&#8217;a\u00e9roport \u00e0 votre h\u00e9bergement. Si vous \u00eates nouveau \u00e0 Los Angeles, nous vous recommandons vivement ce service. Nous fournissons un service porte-\u00e0-porte s\u00fbr et pratique de l&#8217;a\u00e9roport \u00e0 votre h\u00e9bergement Service de transport s\u00fbr et confortable [&hellip;]","protected":false},"author":1,"featured_media":0,"parent":0,"menu_order":0,"comment_status":"closed","ping_status":"closed","template":"page-pickup.php","meta":[],"yoast_head":"<!-- This site is optimized with the Yoast SEO plugin v20.11 - https:\/\/yoast.com\/wordpress\/plugins\/seo\/ -->\n<title>Airport Pickup - U.S. Support Service Inc<\/title>\n<meta name=\"robots\" content=\"index, follow, max-snippet:-1, max-image-preview:large, max-video-preview:-1\" \/>\n<link rel=\"canonical\" href=\"https:\/\/usssinc.net\/fr\/pickup\/\" \/>\n<meta property=\"og:locale\" content=\"en_US\" \/>\n<meta property=\"og:type\" content=\"article\" \/>\n<meta property=\"og:title\" content=\"Airport Pickup - U.S. Support Service Inc\" \/>\n<meta property=\"og:description\" content=\"Service de transport a\u00e9roportuaire Service de transport s\u00fbr et confortable Nous fournissons un service porte-\u00e0-porte s\u00fbr et pratique de l&#8217;a\u00e9roport \u00e0 votre h\u00e9bergement. Si vous \u00eates nouveau \u00e0 Los Angeles, nous vous recommandons vivement ce service. Nous fournissons un service porte-\u00e0-porte s\u00fbr et pratique de l&#8217;a\u00e9roport \u00e0 votre h\u00e9bergement Service de transport s\u00fbr et confortable [&hellip;]\" \/>\n<meta property=\"og:url\" content=\"https:\/\/usssinc.net\/fr\/pickup\/\" \/>\n<meta property=\"og:site_name\" content=\"U.S. Support Service Inc\" \/>\n<meta property=\"article:modified_time\" content=\"2026-01-08T03:24:52+00:00\" \/>\n<meta property=\"og:image\" content=\"https:\/\/usssinc.net\/wp-content\/themes\/usss\/images\/img_pickup_cover_img02.jpg\" \/>\n<meta name=\"twitter:card\" content=\"summary_large_image\" \/>\n<meta name=\"twitter:label1\" content=\"Est. reading time\" \/>\n\t<meta name=\"twitter:data1\" content=\"2 minutes\" \/>\n<script type=\"application\/ld+json\" class=\"yoast-schema-graph\">{\"@context\":\"https:\/\/schema.org\",\"@graph\":[{\"@type\":\"WebPage\",\"@id\":\"https:\/\/usssinc.net\/fr\/pickup\/\",\"url\":\"https:\/\/usssinc.net\/fr\/pickup\/\",\"name\":\"Airport Pickup - U.S. Support Service Inc\",\"isPartOf\":{\"@id\":\"https:\/\/usssinc.net\/fr\/#website\"},\"datePublished\":\"2020-04-20T03:21:26+00:00\",\"dateModified\":\"2026-01-08T03:24:52+00:00\",\"breadcrumb\":{\"@id\":\"https:\/\/usssinc.net\/fr\/pickup\/#breadcrumb\"},\"inLanguage\":\"en-US\",\"potentialAction\":[{\"@type\":\"ReadAction\",\"target\":[\"https:\/\/usssinc.net\/fr\/pickup\/\"]}]},{\"@type\":\"BreadcrumbList\",\"@id\":\"https:\/\/usssinc.net\/fr\/pickup\/#breadcrumb\",\"itemListElement\":[{\"@type\":\"ListItem\",\"position\":1,\"name\":\"Home\",\"item\":\"https:\/\/usssinc.net\/fr\/\"},{\"@type\":\"ListItem\",\"position\":2,\"name\":\"Airport Pickup\"}]},{\"@type\":\"WebSite\",\"@id\":\"https:\/\/usssinc.net\/fr\/#website\",\"url\":\"https:\/\/usssinc.net\/fr\/\",\"name\":\"U.S. Support Service Inc\",\"description\":\"Just another USSS Inc Sites site\",\"potentialAction\":[{\"@type\":\"SearchAction\",\"target\":{\"@type\":\"EntryPoint\",\"urlTemplate\":\"https:\/\/usssinc.net\/fr\/?s={search_term_string}\"},\"query-input\":\"required name=search_term_string\"}],\"inLanguage\":\"en-US\"}]}<\/script>\n<!-- \/ Yoast SEO plugin. -->","yoast_head_json":{"title":"Airport Pickup - U.S. Support Service Inc","robots":{"index":"index","follow":"follow","max-snippet":"max-snippet:-1","max-image-preview":"max-image-preview:large","max-video-preview":"max-video-preview:-1"},"canonical":"https:\/\/usssinc.net\/fr\/pickup\/","og_locale":"en_US","og_type":"article","og_title":"Airport Pickup - U.S. Support Service Inc","og_description":"Service de transport a\u00e9roportuaire Service de transport s\u00fbr et confortable Nous fournissons un service porte-\u00e0-porte s\u00fbr et pratique de l&#8217;a\u00e9roport \u00e0 votre h\u00e9bergement. Si vous \u00eates nouveau \u00e0 Los Angeles, nous vous recommandons vivement ce service. Nous fournissons un service porte-\u00e0-porte s\u00fbr et pratique de l&#8217;a\u00e9roport \u00e0 votre h\u00e9bergement Service de transport s\u00fbr et confortable [&hellip;]","og_url":"https:\/\/usssinc.net\/fr\/pickup\/","og_site_name":"U.S. Support Service Inc","article_modified_time":"2026-01-08T03:24:52+00:00","og_image":[{"url":"https:\/\/usssinc.net\/wp-content\/themes\/usss\/images\/img_pickup_cover_img02.jpg"}],"twitter_card":"summary_large_image","twitter_misc":{"Est. reading time":"2 minutes"},"schema":{"@context":"https:\/\/schema.org","@graph":[{"@type":"WebPage","@id":"https:\/\/usssinc.net\/fr\/pickup\/","url":"https:\/\/usssinc.net\/fr\/pickup\/","name":"Airport Pickup - U.S. Support Service Inc","isPartOf":{"@id":"https:\/\/usssinc.net\/fr\/#website"},"datePublished":"2020-04-20T03:21:26+00:00","dateModified":"2026-01-08T03:24:52+00:00","breadcrumb":{"@id":"https:\/\/usssinc.net\/fr\/pickup\/#breadcrumb"},"inLanguage":"en-US","potentialAction":[{"@type":"ReadAction","target":["https:\/\/usssinc.net\/fr\/pickup\/"]}]},{"@type":"BreadcrumbList","@id":"https:\/\/usssinc.net\/fr\/pickup\/#breadcrumb","itemListElement":[{"@type":"ListItem","position":1,"name":"Home","item":"https:\/\/usssinc.net\/fr\/"},{"@type":"ListItem","position":2,"name":"Airport Pickup"}]},{"@type":"WebSite","@id":"https:\/\/usssinc.net\/fr\/#website","url":"https:\/\/usssinc.net\/fr\/","name":"U.S. Support Service Inc","description":"Just another USSS Inc Sites site","potentialAction":[{"@type":"SearchAction","target":{"@type":"EntryPoint","urlTemplate":"https:\/\/usssinc.net\/fr\/?s={search_term_string}"},"query-input":"required name=search_term_string"}],"inLanguage":"en-US"}]}},"_links":{"self":[{"href":"https:\/\/usssinc.net\/fr\/wp-json\/wp\/v2\/pages\/45"}],"collection":[{"href":"https:\/\/usssinc.net\/fr\/wp-json\/wp\/v2\/pages"}],"about":[{"href":"https:\/\/usssinc.net\/fr\/wp-json\/wp\/v2\/types\/page"}],"author":[{"embeddable":true,"href":"https:\/\/usssinc.net\/fr\/wp-json\/wp\/v2\/users\/1"}],"replies":[{"embeddable":true,"href":"https:\/\/usssinc.net\/fr\/wp-json\/wp\/v2\/comments?post=45"}],"version-history":[{"count":4,"href":"https:\/\/usssinc.net\/fr\/wp-json\/wp\/v2\/pages\/45\/revisions"}],"predecessor-version":[{"id":389,"href":"https:\/\/usssinc.net\/fr\/wp-json\/wp\/v2\/pages\/45\/revisions\/389"}],"wp:attachment":[{"href":"https:\/\/usssinc.net\/fr\/wp-json\/wp\/v2\/media?parent=45"}],"curies":[{"name":"wp","href":"https:\/\/api.w.org\/{rel}","templated":true}]}}