{"id":52,"date":"2020-04-20T03:32:04","date_gmt":"2020-04-20T03:32:04","guid":{"rendered":"https:\/\/wp.usssinc.net\/?page_id=52"},"modified":"2020-12-23T19:10:38","modified_gmt":"2020-12-23T19:10:38","slug":"voice","status":"publish","type":"page","link":"https:\/\/usssinc.net\/fr\/voice\/","title":{"rendered":"Student Testimonials"},"content":{"rendered":"<div id=\"main-contents\" class=\"page-voice\"> <!-- #main-contents -->\r\n    <section class=\"residence\">\r\n      <div class=\"wrapper\">\r\n        <div class=\"residence-contents\">\r\n          <h2 class=\"residence-title\"><p>R\u00e9sidence Luxualy<\/p><\/h2>\r\n          <div class=\"residence-lists\">\r\n            <div class=\"residence-lists--item\">\r\n              <div class=\"info\">\r\n                <p class=\"name\">Marco<\/p>\r\n                <div class=\"sub-info\">\r\n                  <p class=\"sub-info--item\">J&#8217;ai s\u00e9journ\u00e9 \u00e0 Brockton Residence<\/p>\r\n                  <p class=\"sub-info--item\">D&#8217;Italie<\/p>\r\n                <\/div>\r\n                <figure class=\"cover-sp\">\r\n                  <img decoding=\"async\" src=\"https:\/\/usssinc.net\/wp-content\/themes\/usss\/images\/img_voice_residence_01.png\" alt=\"\">\r\n                <\/figure>\r\n                <div class=\"quote\">\r\n                  <p>\r\n                    Le Brockton Dorm \u00e9tait au-dessus de mes attentes! L&#8217;appartement \u00e9tait propre, confortable et spacieux, je me suis senti comme chez moi pendant mon s\u00e9jour. Le quartier \u00e9tait super s\u00fbr et bien situ\u00e9. Les arr\u00eats de bus \u00e9taient \u00e0 seulement 5 minutes \u00e0 pied, vous pourrez rejoindre l&#8217;\u00e9cole et de nombreux sites c\u00e9l\u00e8bres en quelques minutes. Les \u00e9piceries, pharmacies, bars etc\u2026 sont tr\u00e8s proches et ouverts jusqu&#8217;\u00e0 tard. Le personnel de l&#8217;USSS \u00e9tait tr\u00e8s serviable, sympathique et super professionnel!\r\n                  <\/p>\r\n                <\/div>\r\n              <\/div>\r\n              <figure class=\"cover\">\r\n                <img decoding=\"async\" src=\"https:\/\/usssinc.net\/wp-content\/themes\/usss\/images\/img_voice_residence_01.png\" alt=\"\">\r\n              <\/figure>\r\n            <\/div>\r\n            <div class=\"residence-lists--item\">\r\n              <div class=\"info\">\r\n                <p class=\"name\">Mizuki<\/p>\r\n                <div class=\"sub-info\">\r\n                  <p class=\"sub-info--item\">J&#8217;ai s\u00e9journ\u00e9 \u00e0 Bakman Residence<\/p>\r\n                  <p class=\"sub-info--item\">Du Japon<\/p>\r\n                <\/div>\r\n                <figure class=\"cover-sp\">\r\n                  <img decoding=\"async\" src=\"https:\/\/usssinc.net\/wp-content\/themes\/usss\/images\/img_voice_residence_02.png\" alt=\"\">\r\n                <\/figure>\r\n                <div class=\"quote\">\r\n                  <p>\r\n                    Vous pouvez facilement vous faire des amis internationaux et vivre une vie \u00e0 LA! De plus, ce dortoir est si propre et pratique que vous pouvez passer un bon moment en toute s\u00e9curit\u00e9, m\u00eame si c&#8217;est la premi\u00e8re fois que vous visitez Los Angeles.\r\n                  <\/p>\r\n                <\/div>\r\n              <\/div>\r\n              <figure class=\"cover\">\r\n                <img decoding=\"async\" src=\"https:\/\/usssinc.net\/wp-content\/themes\/usss\/images\/img_voice_residence_02.png\" alt=\"\">\r\n              <\/figure>\r\n            <\/div>\r\n            <div class=\"residence-lists--item\">\r\n              <div class=\"info\">\r\n                <p class=\"name\">Raphael<\/p>\r\n                <div class=\"sub-info\">\r\n                  <p class=\"sub-info--item\">J&#8217;ai s\u00e9journ\u00e9 \u00e0 Poinsettia Residence<\/p>\r\n                  <p class=\"sub-info--item\">De France<\/p>\r\n                <\/div>\r\n                <figure class=\"cover-sp\">\r\n                  <img decoding=\"async\" src=\"https:\/\/usssinc.net\/wp-content\/themes\/usss\/images\/img_voice_residence_03.png\" alt=\"\">\r\n                <\/figure>\r\n                <div class=\"quote\">\r\n                  <p>\r\n                    Exp\u00e9rience incroyable. J\u2019ai rencontr\u00e9 des gens du monde entier. Le dortoir est propre, organis\u00e9 et tr\u00e8s confortable. Tr\u00e8s bien situ\u00e9, s\u00fbr et tr\u00e8s proche d&#8217;un tr\u00e8s beau centre commercial. Je le recommande \u00e0 tous ceux qui veulent passer un bon moment \u00e0 Los Angeles.\r\n                  <\/p>\r\n                <\/div>\r\n              <\/div>\r\n              <figure class=\"cover\">\r\n                <img decoding=\"async\" src=\"https:\/\/usssinc.net\/wp-content\/themes\/usss\/images\/img_voice_residence_03.png\" alt=\"\">\r\n              <\/figure>\r\n            <\/div>\r\n          <\/div>\r\n          <a href=\"https:\/\/usssinc.net\/residence\" class=\"residence-button\">Voir notre r\u00e9sidence<\/a>\r\n        <\/div>\r\n      <\/div>\r\n    <\/section>\r\n    <section class=\"homestay\">\r\n      <div class=\"wrapper\">\r\n        <div class=\"homestay-contents\">\r\n          <h2 class=\"homestay-title\"><p>Famille d&#8217;accueil<\/p><\/h2>\r\n          <div class=\"homestay-lists\">\r\n            <div class=\"homestay-lists--item\">\r\n              <div class=\"info\">\r\n                <p class=\"name\">Ami<\/p>\r\n                <div class=\"sub-info\">\r\n                  <p class=\"sub-info--item\">J&#8217;ai s\u00e9journ\u00e9 chez l&#8217;habitant<\/p>\r\n                  <p class=\"sub-info--item\">Du Japon<\/p>\r\n                <\/div>\r\n                <figure class=\"cover-sp\">\r\n                  <img decoding=\"async\" src=\"https:\/\/usssinc.net\/wp-content\/themes\/usss\/images\/img_voice_homestay_01.png\" alt=\"\">\r\n                <\/figure>\r\n                <div class=\"quote\">\r\n                  <p>\r\n                    J&#8217;ai s\u00e9journ\u00e9 dans 2 familles d&#8217;accueil pendant mon s\u00e9jour aux \u00c9tats-Unis pendant un demi-mois chacune. J&#8217;\u00e9tais peu anxieuse mais je cherchais aussi \u00e0 profiter. Il y avait tellement de diff\u00e9rences calturales mais c&#8217;\u00e9tait une grande chance de savoir comment voir la calture am\u00e9ricaine. Je parle anglais tout le temps, il y a des \u00e9v\u00e9nements et des f\u00eates tous les jours f\u00e9ri\u00e9s et vous pourriez avoir plus d&#8217;amis \u00e0 mon avis. Je ne savais rien de l&#8217;Am\u00e9rique avant de venir elle mais je sais que je sais beaucoup de choses et j&#8217;aime LA.\r\n                  <\/p>\r\n                <\/div>\r\n              <\/div>\r\n              <figure class=\"cover\">\r\n                <img decoding=\"async\" src=\"https:\/\/usssinc.net\/wp-content\/themes\/usss\/images\/img_voice_homestay_01.png\" alt=\"\">\r\n              <\/figure>\r\n            <\/div>\r\n            <div class=\"homestay-lists--item\">\r\n              <div class=\"info\">\r\n                <p class=\"name\">Yuka Seiki<\/p>\r\n                <div class=\"sub-info\">\r\n                  <p class=\"sub-info--item\">J&#8217;ai s\u00e9journ\u00e9 chez l&#8217;habitant<\/p>\r\n                  <p class=\"sub-info--item\">Du Japon<\/p>\r\n                <\/div>\r\n                <figure class=\"cover-sp\">\r\n                  <img decoding=\"async\" src=\"https:\/\/usssinc.net\/wp-content\/themes\/usss\/images\/img_voice_homestay_02.png\" alt=\"\">\r\n                <\/figure>\r\n                <div class=\"quote\">\r\n                  <p>\r\n                    Passer du temps avec la famille am\u00e9ricaine est la meilleure fa\u00e7on de d\u00e9couvrir la vraie culture. Ils m&#8217;ont appris l&#8217;argot dr\u00f4le, les conversations quotidiennes et leurs habitudes uniques. Parfois, il y a des diff\u00e9rences culturelles, mais vous allez en profiter!\r\n                  <\/p>\r\n                <\/div>\r\n              <\/div>\r\n              <figure class=\"cover\">\r\n                <img decoding=\"async\" src=\"https:\/\/usssinc.net\/wp-content\/themes\/usss\/images\/img_voice_homestay_02.png\" alt=\"\">\r\n              <\/figure>\r\n            <\/div>\r\n            <div class=\"homestay-lists--item\">\r\n              <div class=\"info\">\r\n                <p class=\"name\">Iori Kubota<\/p>\r\n                <div class=\"sub-info\">\r\n                  <p class=\"sub-info--item\">J&#8217;ai s\u00e9journ\u00e9 dans une famille d&#8217;accueil du Japon<\/p>\r\n                  <p class=\"sub-info--item\">Du Japon<\/p>\r\n                <\/div>\r\n                <figure class=\"cover-sp\">\r\n                  <img decoding=\"async\" src=\"https:\/\/usssinc.net\/wp-content\/themes\/usss\/images\/img_voice_homestay_03.png\" alt=\"\">\r\n                <\/figure>\r\n                <div class=\"quote\">\r\n                  <p>\r\n                    J&#8217;ai vraiment de la chance que le premier logement soit cette maison car notre maison est tr\u00e8s propre et tr\u00e8s confortable pour moi. La m\u00e8re d\u2019accueil est attentionn\u00e9e, en plus lorsque nous d\u00eenons, nous parlons toujours de l\u2019histoire de chacun. Elle m&#8217;apprend souvent la culture am\u00e9ricaine.<br \/>\r\n                    Je pense que c&#8217;est une chance exclusive pour vous. Si vous vous inqui\u00e9tez pour votre vie dans ce pays, je vous recommande fortement de rester chez l&#8217;habitant.\r\n                  <\/p>\r\n                <\/div>\r\n              <\/div>\r\n              <figure class=\"cover\">\r\n                <img decoding=\"async\" src=\"https:\/\/usssinc.net\/wp-content\/themes\/usss\/images\/img_voice_homestay_03.png\" alt=\"\">\r\n              <\/figure>\r\n            <\/div>\r\n          <\/div>\r\n          <a href=\"https:\/\/usssinc.net\/homestay\" class=\"homestay-button\">Voir notre famille d&#8217;accueil<\/a>\r\n        <\/div>\r\n      <\/div>\r\n    <\/section>\r\n  <\/div> <!-- \/\/ #main-contents -->","protected":false},"excerpt":{"rendered":"R\u00e9sidence Luxualy Marco J&#8217;ai s\u00e9journ\u00e9 \u00e0 Brockton Residence D&#8217;Italie Le Brockton Dorm \u00e9tait au-dessus de mes attentes! L&#8217;appartement \u00e9tait propre, confortable et spacieux, je me suis senti comme chez moi pendant mon s\u00e9jour. Le quartier \u00e9tait super s\u00fbr et bien situ\u00e9. Les arr\u00eats de bus \u00e9taient \u00e0 seulement 5 minutes \u00e0 pied, vous pourrez rejoindre [&hellip;]","protected":false},"author":1,"featured_media":0,"parent":0,"menu_order":0,"comment_status":"closed","ping_status":"closed","template":"","meta":[],"yoast_head":"<!-- This site is optimized with the Yoast SEO plugin v20.11 - https:\/\/yoast.com\/wordpress\/plugins\/seo\/ -->\n<title>Student Testimonials - U.S. Support Service Inc<\/title>\n<meta name=\"robots\" content=\"index, follow, max-snippet:-1, max-image-preview:large, max-video-preview:-1\" \/>\n<link rel=\"canonical\" href=\"https:\/\/usssinc.net\/fr\/voice\/\" \/>\n<meta property=\"og:locale\" content=\"en_US\" \/>\n<meta property=\"og:type\" content=\"article\" \/>\n<meta property=\"og:title\" content=\"Student Testimonials - U.S. Support Service Inc\" \/>\n<meta property=\"og:description\" content=\"R\u00e9sidence Luxualy Marco J&#8217;ai s\u00e9journ\u00e9 \u00e0 Brockton Residence D&#8217;Italie Le Brockton Dorm \u00e9tait au-dessus de mes attentes! L&#8217;appartement \u00e9tait propre, confortable et spacieux, je me suis senti comme chez moi pendant mon s\u00e9jour. Le quartier \u00e9tait super s\u00fbr et bien situ\u00e9. Les arr\u00eats de bus \u00e9taient \u00e0 seulement 5 minutes \u00e0 pied, vous pourrez rejoindre [&hellip;]\" \/>\n<meta property=\"og:url\" content=\"https:\/\/usssinc.net\/fr\/voice\/\" \/>\n<meta property=\"og:site_name\" content=\"U.S. Support Service Inc\" \/>\n<meta property=\"article:modified_time\" content=\"2020-12-23T19:10:38+00:00\" \/>\n<meta property=\"og:image\" content=\"https:\/\/usssinc.net\/wp-content\/themes\/usss\/images\/img_voice_residence_01.png\" \/>\n<meta name=\"twitter:card\" content=\"summary_large_image\" \/>\n<meta name=\"twitter:label1\" content=\"Est. reading time\" \/>\n\t<meta name=\"twitter:data1\" content=\"2 minutes\" \/>\n<script type=\"application\/ld+json\" class=\"yoast-schema-graph\">{\"@context\":\"https:\/\/schema.org\",\"@graph\":[{\"@type\":\"WebPage\",\"@id\":\"https:\/\/usssinc.net\/fr\/voice\/\",\"url\":\"https:\/\/usssinc.net\/fr\/voice\/\",\"name\":\"Student Testimonials - U.S. Support Service Inc\",\"isPartOf\":{\"@id\":\"https:\/\/usssinc.net\/fr\/#website\"},\"datePublished\":\"2020-04-20T03:32:04+00:00\",\"dateModified\":\"2020-12-23T19:10:38+00:00\",\"breadcrumb\":{\"@id\":\"https:\/\/usssinc.net\/fr\/voice\/#breadcrumb\"},\"inLanguage\":\"en-US\",\"potentialAction\":[{\"@type\":\"ReadAction\",\"target\":[\"https:\/\/usssinc.net\/fr\/voice\/\"]}]},{\"@type\":\"BreadcrumbList\",\"@id\":\"https:\/\/usssinc.net\/fr\/voice\/#breadcrumb\",\"itemListElement\":[{\"@type\":\"ListItem\",\"position\":1,\"name\":\"Home\",\"item\":\"https:\/\/usssinc.net\/fr\/\"},{\"@type\":\"ListItem\",\"position\":2,\"name\":\"Student Testimonials\"}]},{\"@type\":\"WebSite\",\"@id\":\"https:\/\/usssinc.net\/fr\/#website\",\"url\":\"https:\/\/usssinc.net\/fr\/\",\"name\":\"U.S. Support Service Inc\",\"description\":\"Just another USSS Inc Sites site\",\"potentialAction\":[{\"@type\":\"SearchAction\",\"target\":{\"@type\":\"EntryPoint\",\"urlTemplate\":\"https:\/\/usssinc.net\/fr\/?s={search_term_string}\"},\"query-input\":\"required name=search_term_string\"}],\"inLanguage\":\"en-US\"}]}<\/script>\n<!-- \/ Yoast SEO plugin. -->","yoast_head_json":{"title":"Student Testimonials - U.S. Support Service Inc","robots":{"index":"index","follow":"follow","max-snippet":"max-snippet:-1","max-image-preview":"max-image-preview:large","max-video-preview":"max-video-preview:-1"},"canonical":"https:\/\/usssinc.net\/fr\/voice\/","og_locale":"en_US","og_type":"article","og_title":"Student Testimonials - U.S. Support Service Inc","og_description":"R\u00e9sidence Luxualy Marco J&#8217;ai s\u00e9journ\u00e9 \u00e0 Brockton Residence D&#8217;Italie Le Brockton Dorm \u00e9tait au-dessus de mes attentes! L&#8217;appartement \u00e9tait propre, confortable et spacieux, je me suis senti comme chez moi pendant mon s\u00e9jour. Le quartier \u00e9tait super s\u00fbr et bien situ\u00e9. Les arr\u00eats de bus \u00e9taient \u00e0 seulement 5 minutes \u00e0 pied, vous pourrez rejoindre [&hellip;]","og_url":"https:\/\/usssinc.net\/fr\/voice\/","og_site_name":"U.S. Support Service Inc","article_modified_time":"2020-12-23T19:10:38+00:00","og_image":[{"url":"https:\/\/usssinc.net\/wp-content\/themes\/usss\/images\/img_voice_residence_01.png"}],"twitter_card":"summary_large_image","twitter_misc":{"Est. reading time":"2 minutes"},"schema":{"@context":"https:\/\/schema.org","@graph":[{"@type":"WebPage","@id":"https:\/\/usssinc.net\/fr\/voice\/","url":"https:\/\/usssinc.net\/fr\/voice\/","name":"Student Testimonials - U.S. Support Service Inc","isPartOf":{"@id":"https:\/\/usssinc.net\/fr\/#website"},"datePublished":"2020-04-20T03:32:04+00:00","dateModified":"2020-12-23T19:10:38+00:00","breadcrumb":{"@id":"https:\/\/usssinc.net\/fr\/voice\/#breadcrumb"},"inLanguage":"en-US","potentialAction":[{"@type":"ReadAction","target":["https:\/\/usssinc.net\/fr\/voice\/"]}]},{"@type":"BreadcrumbList","@id":"https:\/\/usssinc.net\/fr\/voice\/#breadcrumb","itemListElement":[{"@type":"ListItem","position":1,"name":"Home","item":"https:\/\/usssinc.net\/fr\/"},{"@type":"ListItem","position":2,"name":"Student Testimonials"}]},{"@type":"WebSite","@id":"https:\/\/usssinc.net\/fr\/#website","url":"https:\/\/usssinc.net\/fr\/","name":"U.S. Support Service Inc","description":"Just another USSS Inc Sites site","potentialAction":[{"@type":"SearchAction","target":{"@type":"EntryPoint","urlTemplate":"https:\/\/usssinc.net\/fr\/?s={search_term_string}"},"query-input":"required name=search_term_string"}],"inLanguage":"en-US"}]}},"_links":{"self":[{"href":"https:\/\/usssinc.net\/fr\/wp-json\/wp\/v2\/pages\/52"}],"collection":[{"href":"https:\/\/usssinc.net\/fr\/wp-json\/wp\/v2\/pages"}],"about":[{"href":"https:\/\/usssinc.net\/fr\/wp-json\/wp\/v2\/types\/page"}],"author":[{"embeddable":true,"href":"https:\/\/usssinc.net\/fr\/wp-json\/wp\/v2\/users\/1"}],"replies":[{"embeddable":true,"href":"https:\/\/usssinc.net\/fr\/wp-json\/wp\/v2\/comments?post=52"}],"version-history":[{"count":3,"href":"https:\/\/usssinc.net\/fr\/wp-json\/wp\/v2\/pages\/52\/revisions"}],"predecessor-version":[{"id":342,"href":"https:\/\/usssinc.net\/fr\/wp-json\/wp\/v2\/pages\/52\/revisions\/342"}],"wp:attachment":[{"href":"https:\/\/usssinc.net\/fr\/wp-json\/wp\/v2\/media?parent=52"}],"curies":[{"name":"wp","href":"https:\/\/api.w.org\/{rel}","templated":true}]}}