{"id":55,"date":"2020-04-20T03:35:53","date_gmt":"2020-04-20T03:35:53","guid":{"rendered":"https:\/\/wp.usssinc.net\/?page_id=55"},"modified":"2021-01-11T21:14:21","modified_gmt":"2021-01-11T21:14:21","slug":"flow","status":"publish","type":"page","link":"https:\/\/usssinc.net\/fr\/flow\/","title":{"rendered":"How to apply"},"content":{"rendered":"<div id=\"main-contents\" class=\"page-flow\"> <!-- #main-contents -->\r\n  <span class=\"flow-title\">Processus de la demande \u00e0 l&#8217;enregistrement<\/span>\r\n  <section class=\"flow\">\r\n    <div class=\"wrapper\">\r\n      <div class=\"flow-contents\">\r\n        <div class=\"tabs-stage\">\r\n          <ul class=\"flow-lists\">\r\n            <li class=\"flow-lists--item\">\r\n              <b class=\"num\">1.<\/b>\r\n              <figure class=\"flow-cover\">\r\n                <img decoding=\"async\" src=\"https:\/\/usssinc.net\/wp-content\/themes\/usss\/images\/icon_flow_01.png\" alt=\"\">\r\n              <\/figure>\r\n              <span class=\"inner-title-sp\">V\u00e9rifiez d&#8217;abord la disponibilit\u00e9\uff01<\/span>\r\n              <div class=\"flow-info\">\r\n                <span class=\"inner-title\">V\u00e9rifiez d&#8217;abord la disponibilit\u00e9\uff01<\/span>\r\n                <p class=\"flow-description\">\r\n                  V\u00e9rifiez la disponibilit\u00e9 en remplissant la section pour la r\u00e9sidence \/ lieu \/ type de chambre \/ m\u00e9thode de s\u00e9jour pr\u00e9f\u00e9r\u00e9s.\r\n Notre personnel d&#8217;h\u00e9bergement v\u00e9rifiera la disponibilit\u00e9 et vous contactera. \r\nS&#8217;il vous pla\u00eet laissez-nous savoir si vous avez des questions ou des pr\u00e9occupations.\r\n                <\/p>\r\n                <a href=\"\/wp-content\/themes\/usss\/en\/document\/\" class=\"btn\">V\u00e9rifiez la disponibilit\u00e9\uff01<\/a>\r\n              <\/div>\r\n            <\/li>\r\n            <li class=\"flow-lists--item\">\r\n              <b class=\"num\">2.<\/b>\r\n              <figure class=\"flow-cover\">\r\n                <img decoding=\"async\" src=\"https:\/\/usssinc.net\/wp-content\/themes\/usss\/images\/icon_flow_02.png\" alt=\"\">\r\n              <\/figure>\r\n              <span class=\"inner-title-sp\">Postuler en ligne\uff01<\/span>\r\n              <div class=\"flow-info\">\r\n                <span class=\"inner-title\">Postuler en ligne\uff01<\/span>\r\n                <p class=\"flow-description\">\r\n                  Veuillez remplir toutes les sections pour notre application en ligne facile. \r\nUne fois que vous avez termin\u00e9 le processus de candidature, \r\ndes frais de placement vous seront factur\u00e9s. \r\nUne fois que vous avez termin\u00e9 le processus de paiement, notre personnel vous contactera.\r\n                <\/p>\r\n                <a href=\"https:\/\/usssinc.net\/booking\/\" class=\"btn\">Acc\u00e9dez \u00e0 l&#8217;application en ligne<\/a>\r\n              <\/div>\r\n            <\/li>\r\n            <li class=\"flow-lists--item\">\r\n              <b class=\"num\">3.<\/b>\r\n              <figure class=\"flow-cover\">\r\n                <img decoding=\"async\" src=\"https:\/\/usssinc.net\/wp-content\/themes\/usss\/images\/icon_flow_03.png\" alt=\"\">\r\n              <\/figure>\r\n              <span class=\"inner-title-sp\">Envoyez vos informations de vol\uff01<\/span>\r\n              <div class=\"flow-info\">\r\n                <span class=\"inner-title\">Envoyez vos informations de vol\uff01<\/span>\r\n                <p class=\"flow-description\">\r\n                  Une fois votre vol confirm\u00e9, veuillez nous envoyer votre num\u00e9ro de vol, votre heure d&#8217;arriv\u00e9e et votre date d&#8217;arriv\u00e9e au moins deux semaines avant votre date de d\u00e9part.\r\n                <\/p>\r\n              <\/div>\r\n            <\/li>\r\n            <li class=\"flow-lists--item\">\r\n              <b class=\"num\">4.<\/b>\r\n              <figure class=\"flow-cover\">\r\n                <i class=\"fas fa-file-alt\"><\/i>\r\n              <\/figure>\r\n              <span class=\"inner-title-sp\">Deux semaines avant votre d\u00e9part\uff01<\/span>\r\n              <div class=\"flow-info\">\r\n                <span class=\"inner-title\">Deux semaines avant votre d\u00e9part\uff01<\/span>\r\n                <p class=\"flow-description\">\r\n                  Notre personnel vous enverra une confirmation finale avec les d\u00e9tails du logement\r\n                <\/p>\r\n              <\/div>\r\n            <\/li>\r\n            <li class=\"flow-lists--item\">\r\n              <div class=\"flow-info\">\r\n                <p class=\"flow-description\">\r\n                  <span class=\"num\">5.<\/span>Enfin, pr\u00e9parons-nous \u00e0 partir pour Los Angeles!\r\n                <\/p>\r\n              <\/div>\r\n            <\/li>\r\n            <li class=\"flow-lists--item\">\r\n              <b class=\"num\">6.<\/b>\r\n              <figure class=\"flow-cover\">\r\n                <img decoding=\"async\" src=\"https:\/\/usssinc.net\/wp-content\/themes\/usss\/images\/icon_flow_06.png\" alt=\"\">\r\n              <\/figure>\r\n              <span class=\"inner-title-sp\">Prise en charge \u00e0 l&#8217;a\u00e9roport <\/span>\r\n              <div class=\"flow-info\">\r\n                <span class=\"inner-title\">Prise en charge \u00e0 l&#8217;a\u00e9roport <\/span>\r\n                <p class=\"flow-description\">\r\n                  Notre personnel viendra vous chercher \u00e0 l&#8217;a\u00e9roport\r\n                <\/p>\r\n              <\/div>\r\n            <\/li>\r\n            <li class=\"flow-lists--item\">\r\n              <b class=\"num\">7.<\/b>\r\n              <figure class=\"flow-cover\">\r\n                <img decoding=\"async\" src=\"https:\/\/usssinc.net\/wp-content\/themes\/usss\/images\/icon_flow_07.png\" alt=\"\">\r\n              <\/figure>\r\n              <span class=\"inner-title-sp\">Arriver au logement <\/span>\r\n              <div class=\"flow-info\">\r\n                <span class=\"inner-title\">Arriver au logement <\/span>\r\n                <p class=\"flow-description\">\r\n                  Une fois arriv\u00e9 \u00e0 la r\u00e9sidence, vous devrez payer votre caution. \r\nNotre personnel vous aidera dans le processus d&#8217;enregistrement\r\n                <\/p>\r\n              <\/div>\r\n            <\/li>\r\n            <li class=\"flow-lists--item\">\r\n              <b class=\"num\">8.<\/b>\r\n              <figure class=\"flow-cover\">\r\n                <i class=\"far fa-smile\"><\/i>\r\n              <\/figure>\r\n              <span class=\"inner-title-sp\">Pr\u00e9parez-vous pour une nouvelle vie!<\/span>\r\n              <div class=\"flow-info\">\r\n                <span class=\"inner-title\">Pr\u00e9parez-vous pour une nouvelle vie!<\/span>\r\n                <p class=\"flow-description\">\r\n                  Profitez de votre nouvelle vie \u00e0 LA! \r\nVeuillez contacter notre personnel \u00e0 tout moment si vous avez des questions, des probl\u00e8mes ou des pr\u00e9occupations\r\n                <\/p>\r\n              <\/div>\r\n            <\/li>\r\n          <\/ul>\r\n        <\/div>\r\n      <\/div>\r\n    <\/div>\r\n  <\/section>\r\n  <\/div> <!-- \/\/ #main-contents -->","protected":false},"excerpt":{"rendered":"Processus de la demande \u00e0 l&#8217;enregistrement 1. V\u00e9rifiez d&#8217;abord la disponibilit\u00e9\uff01 V\u00e9rifiez d&#8217;abord la disponibilit\u00e9\uff01 V\u00e9rifiez la disponibilit\u00e9 en remplissant la section pour la r\u00e9sidence \/ lieu \/ type de chambre \/ m\u00e9thode de s\u00e9jour pr\u00e9f\u00e9r\u00e9s. Notre personnel d&#8217;h\u00e9bergement v\u00e9rifiera la disponibilit\u00e9 et vous contactera. S&#8217;il vous pla\u00eet laissez-nous savoir si vous avez des questions [&hellip;]","protected":false},"author":1,"featured_media":0,"parent":0,"menu_order":0,"comment_status":"closed","ping_status":"closed","template":"","meta":[],"yoast_head":"<!-- This site is optimized with the Yoast SEO plugin v20.11 - https:\/\/yoast.com\/wordpress\/plugins\/seo\/ -->\n<title>How to apply - U.S. Support Service Inc<\/title>\n<meta name=\"robots\" content=\"index, follow, max-snippet:-1, max-image-preview:large, max-video-preview:-1\" \/>\n<link rel=\"canonical\" href=\"https:\/\/usssinc.net\/fr\/flow\/\" \/>\n<meta property=\"og:locale\" content=\"en_US\" \/>\n<meta property=\"og:type\" content=\"article\" \/>\n<meta property=\"og:title\" content=\"How to apply - U.S. Support Service Inc\" \/>\n<meta property=\"og:description\" content=\"Processus de la demande \u00e0 l&#8217;enregistrement 1. V\u00e9rifiez d&#8217;abord la disponibilit\u00e9\uff01 V\u00e9rifiez d&#8217;abord la disponibilit\u00e9\uff01 V\u00e9rifiez la disponibilit\u00e9 en remplissant la section pour la r\u00e9sidence \/ lieu \/ type de chambre \/ m\u00e9thode de s\u00e9jour pr\u00e9f\u00e9r\u00e9s. Notre personnel d&#8217;h\u00e9bergement v\u00e9rifiera la disponibilit\u00e9 et vous contactera. S&#8217;il vous pla\u00eet laissez-nous savoir si vous avez des questions [&hellip;]\" \/>\n<meta property=\"og:url\" content=\"https:\/\/usssinc.net\/fr\/flow\/\" \/>\n<meta property=\"og:site_name\" content=\"U.S. Support Service Inc\" \/>\n<meta property=\"article:modified_time\" content=\"2021-01-11T21:14:21+00:00\" \/>\n<meta property=\"og:image\" content=\"https:\/\/usssinc.net\/wp-content\/themes\/usss\/images\/icon_flow_01.png\" \/>\n<meta name=\"twitter:card\" content=\"summary_large_image\" \/>\n<meta name=\"twitter:label1\" content=\"Est. reading time\" \/>\n\t<meta name=\"twitter:data1\" content=\"1 minute\" \/>\n<script type=\"application\/ld+json\" class=\"yoast-schema-graph\">{\"@context\":\"https:\/\/schema.org\",\"@graph\":[{\"@type\":\"WebPage\",\"@id\":\"https:\/\/usssinc.net\/fr\/flow\/\",\"url\":\"https:\/\/usssinc.net\/fr\/flow\/\",\"name\":\"How to apply - U.S. Support Service Inc\",\"isPartOf\":{\"@id\":\"https:\/\/usssinc.net\/fr\/#website\"},\"datePublished\":\"2020-04-20T03:35:53+00:00\",\"dateModified\":\"2021-01-11T21:14:21+00:00\",\"breadcrumb\":{\"@id\":\"https:\/\/usssinc.net\/fr\/flow\/#breadcrumb\"},\"inLanguage\":\"en-US\",\"potentialAction\":[{\"@type\":\"ReadAction\",\"target\":[\"https:\/\/usssinc.net\/fr\/flow\/\"]}]},{\"@type\":\"BreadcrumbList\",\"@id\":\"https:\/\/usssinc.net\/fr\/flow\/#breadcrumb\",\"itemListElement\":[{\"@type\":\"ListItem\",\"position\":1,\"name\":\"Home\",\"item\":\"https:\/\/usssinc.net\/fr\/\"},{\"@type\":\"ListItem\",\"position\":2,\"name\":\"How to apply\"}]},{\"@type\":\"WebSite\",\"@id\":\"https:\/\/usssinc.net\/fr\/#website\",\"url\":\"https:\/\/usssinc.net\/fr\/\",\"name\":\"U.S. Support Service Inc\",\"description\":\"Just another USSS Inc Sites site\",\"potentialAction\":[{\"@type\":\"SearchAction\",\"target\":{\"@type\":\"EntryPoint\",\"urlTemplate\":\"https:\/\/usssinc.net\/fr\/?s={search_term_string}\"},\"query-input\":\"required name=search_term_string\"}],\"inLanguage\":\"en-US\"}]}<\/script>\n<!-- \/ Yoast SEO plugin. -->","yoast_head_json":{"title":"How to apply - U.S. Support Service Inc","robots":{"index":"index","follow":"follow","max-snippet":"max-snippet:-1","max-image-preview":"max-image-preview:large","max-video-preview":"max-video-preview:-1"},"canonical":"https:\/\/usssinc.net\/fr\/flow\/","og_locale":"en_US","og_type":"article","og_title":"How to apply - U.S. Support Service Inc","og_description":"Processus de la demande \u00e0 l&#8217;enregistrement 1. V\u00e9rifiez d&#8217;abord la disponibilit\u00e9\uff01 V\u00e9rifiez d&#8217;abord la disponibilit\u00e9\uff01 V\u00e9rifiez la disponibilit\u00e9 en remplissant la section pour la r\u00e9sidence \/ lieu \/ type de chambre \/ m\u00e9thode de s\u00e9jour pr\u00e9f\u00e9r\u00e9s. Notre personnel d&#8217;h\u00e9bergement v\u00e9rifiera la disponibilit\u00e9 et vous contactera. S&#8217;il vous pla\u00eet laissez-nous savoir si vous avez des questions [&hellip;]","og_url":"https:\/\/usssinc.net\/fr\/flow\/","og_site_name":"U.S. Support Service Inc","article_modified_time":"2021-01-11T21:14:21+00:00","og_image":[{"url":"https:\/\/usssinc.net\/wp-content\/themes\/usss\/images\/icon_flow_01.png"}],"twitter_card":"summary_large_image","twitter_misc":{"Est. reading time":"1 minute"},"schema":{"@context":"https:\/\/schema.org","@graph":[{"@type":"WebPage","@id":"https:\/\/usssinc.net\/fr\/flow\/","url":"https:\/\/usssinc.net\/fr\/flow\/","name":"How to apply - U.S. Support Service Inc","isPartOf":{"@id":"https:\/\/usssinc.net\/fr\/#website"},"datePublished":"2020-04-20T03:35:53+00:00","dateModified":"2021-01-11T21:14:21+00:00","breadcrumb":{"@id":"https:\/\/usssinc.net\/fr\/flow\/#breadcrumb"},"inLanguage":"en-US","potentialAction":[{"@type":"ReadAction","target":["https:\/\/usssinc.net\/fr\/flow\/"]}]},{"@type":"BreadcrumbList","@id":"https:\/\/usssinc.net\/fr\/flow\/#breadcrumb","itemListElement":[{"@type":"ListItem","position":1,"name":"Home","item":"https:\/\/usssinc.net\/fr\/"},{"@type":"ListItem","position":2,"name":"How to apply"}]},{"@type":"WebSite","@id":"https:\/\/usssinc.net\/fr\/#website","url":"https:\/\/usssinc.net\/fr\/","name":"U.S. Support Service Inc","description":"Just another USSS Inc Sites site","potentialAction":[{"@type":"SearchAction","target":{"@type":"EntryPoint","urlTemplate":"https:\/\/usssinc.net\/fr\/?s={search_term_string}"},"query-input":"required name=search_term_string"}],"inLanguage":"en-US"}]}},"_links":{"self":[{"href":"https:\/\/usssinc.net\/fr\/wp-json\/wp\/v2\/pages\/55"}],"collection":[{"href":"https:\/\/usssinc.net\/fr\/wp-json\/wp\/v2\/pages"}],"about":[{"href":"https:\/\/usssinc.net\/fr\/wp-json\/wp\/v2\/types\/page"}],"author":[{"embeddable":true,"href":"https:\/\/usssinc.net\/fr\/wp-json\/wp\/v2\/users\/1"}],"replies":[{"embeddable":true,"href":"https:\/\/usssinc.net\/fr\/wp-json\/wp\/v2\/comments?post=55"}],"version-history":[{"count":2,"href":"https:\/\/usssinc.net\/fr\/wp-json\/wp\/v2\/pages\/55\/revisions"}],"predecessor-version":[{"id":355,"href":"https:\/\/usssinc.net\/fr\/wp-json\/wp\/v2\/pages\/55\/revisions\/355"}],"wp:attachment":[{"href":"https:\/\/usssinc.net\/fr\/wp-json\/wp\/v2\/media?parent=55"}],"curies":[{"name":"wp","href":"https:\/\/api.w.org\/{rel}","templated":true}]}}