{"id":11,"date":"2020-04-15T02:25:27","date_gmt":"2020-04-15T02:25:27","guid":{"rendered":"https:\/\/wp.usssinc.net\/?page_id=5"},"modified":"2020-12-08T23:29:14","modified_gmt":"2020-12-08T23:29:14","slug":"about","status":"publish","type":"page","link":"https:\/\/usssinc.net\/it\/about\/","title":{"rendered":"About"},"content":{"rendered":"<div id=\"main-contents\" class=\"page-about\"> <!-- #main-contents -->\r\n  <section class=\"goal\">\r\n    <div class=\"goal-contents\">\r\n      <p class=\"goal-title\">Il nostro obiettivo<span>Grande esperienza e prezzi convenienti<\/span><\/p>\r\n      <div class=\"wrapper\">\r\n        <span class=\"goal-description\">\r\n          USSS, Student Services INC. (U.S.S.S.)\r\n        <\/span>\r\n        <span class=\"goal-description\">\r\n          USSS evader\u00e0 le richieste fornendo alloggi e servizi di alta qualit\u00e0 a un prezzo ragionevole\r\n        <\/span>\r\n        <span class=\"goal-description\">Los Angeles &#8211; una delle citt\u00e0 pi\u00f9 multiculturali d&#8217;America<br \/>\r\n          Ti sosterremo e ti forniremo un alloggio sicuro e confortevole<br \/>\r\n          Oltre alla nostra assistenza per l&#8217;alloggio, forniremo anche supporto con i nostri partner ESL e programmi di danza\r\n        <\/span>\r\n        <span class=\"goal-description\">\r\n        La famiglia ospitante accuratamente selezionata ti accoglier\u00e0 come uno dei loro per farti sentire il benvenuto e massimizzare la tua esperienza culturale\r\n        <\/span>\r\n      <\/div>\r\n    <\/div>\r\n  <\/section>\r\n  <section class=\"about-staff\">\r\n    <h2 class=\"about-staff-title\">Ecco i membri del nostro staff a tua disposizione <br \/>Supporto in 10 lingue diverse<\/h2>\r\n    <div class=\"wrapper\">\r\n      <div class=\"about-staff-contents\">\r\n        <div class=\"staff-item\">\r\n          <figure class=\"staff-cover\">\r\n            <img decoding=\"async\" src=\"https:\/\/wp.usssinc.net\/wp-content\/themes\/usss\/images\/staff_img_01.png\" alt=\"\">\r\n          <\/figure>\r\n          <h3 class=\"staff-title\">Westwood<\/h3>\r\n        <\/div>\r\n        <div class=\"staff-item\">\r\n          <figure class=\"staff-cover\">\r\n            <img decoding=\"async\" src=\"https:\/\/wp.usssinc.net\/wp-content\/themes\/usss\/images\/staff_img_02.png\" alt=\"\">\r\n          <\/figure>\r\n          <h3 class=\"staff-title\">Hollywood<\/h3>\r\n        <\/div>\r\n      <\/div>\r\n    <\/div>\r\n  <\/section>\r\n  <\/div> <!-- \/\/ #main-contents -->","protected":false},"excerpt":{"rendered":"Il nostro obiettivoGrande esperienza e prezzi convenienti USSS, Student Services INC. (U.S.S.S.) USSS evader\u00e0 le richieste fornendo alloggi e servizi di alta qualit\u00e0 a un prezzo ragionevole Los Angeles &#8211; una delle citt\u00e0 pi\u00f9 multiculturali d&#8217;America Ti sosterremo e ti forniremo un alloggio sicuro e confortevole Oltre alla nostra assistenza per l&#8217;alloggio, forniremo anche supporto [&hellip;]","protected":false},"author":1,"featured_media":0,"parent":0,"menu_order":0,"comment_status":"closed","ping_status":"closed","template":"","meta":[],"yoast_head":"<!-- This site is optimized with the Yoast SEO plugin v20.11 - https:\/\/yoast.com\/wordpress\/plugins\/seo\/ -->\n<title>About - U.S. Support Service Inc<\/title>\n<meta name=\"robots\" content=\"index, follow, max-snippet:-1, max-image-preview:large, max-video-preview:-1\" \/>\n<link rel=\"canonical\" href=\"https:\/\/usssinc.net\/it\/about\/\" \/>\n<meta property=\"og:locale\" content=\"en_US\" \/>\n<meta property=\"og:type\" content=\"article\" \/>\n<meta property=\"og:title\" content=\"About - U.S. Support Service Inc\" \/>\n<meta property=\"og:description\" content=\"Il nostro obiettivoGrande esperienza e prezzi convenienti USSS, Student Services INC. (U.S.S.S.) USSS evader\u00e0 le richieste fornendo alloggi e servizi di alta qualit\u00e0 a un prezzo ragionevole Los Angeles &#8211; una delle citt\u00e0 pi\u00f9 multiculturali d&#8217;America Ti sosterremo e ti forniremo un alloggio sicuro e confortevole Oltre alla nostra assistenza per l&#8217;alloggio, forniremo anche supporto [&hellip;]\" \/>\n<meta property=\"og:url\" content=\"https:\/\/usssinc.net\/it\/about\/\" \/>\n<meta property=\"og:site_name\" content=\"U.S. Support Service Inc\" \/>\n<meta property=\"article:modified_time\" content=\"2020-12-08T23:29:14+00:00\" \/>\n<meta property=\"og:image\" content=\"https:\/\/wp.usssinc.net\/wp-content\/themes\/usss\/images\/staff_img_01.png\" \/>\n<meta name=\"twitter:card\" content=\"summary_large_image\" \/>\n<meta name=\"twitter:label1\" content=\"Est. reading time\" \/>\n\t<meta name=\"twitter:data1\" content=\"1 minute\" \/>\n<script type=\"application\/ld+json\" class=\"yoast-schema-graph\">{\"@context\":\"https:\/\/schema.org\",\"@graph\":[{\"@type\":\"WebPage\",\"@id\":\"https:\/\/usssinc.net\/it\/about\/\",\"url\":\"https:\/\/usssinc.net\/it\/about\/\",\"name\":\"About - U.S. Support Service Inc\",\"isPartOf\":{\"@id\":\"https:\/\/usssinc.net\/it\/#website\"},\"datePublished\":\"2020-04-15T02:25:27+00:00\",\"dateModified\":\"2020-12-08T23:29:14+00:00\",\"breadcrumb\":{\"@id\":\"https:\/\/usssinc.net\/it\/about\/#breadcrumb\"},\"inLanguage\":\"en-US\",\"potentialAction\":[{\"@type\":\"ReadAction\",\"target\":[\"https:\/\/usssinc.net\/it\/about\/\"]}]},{\"@type\":\"BreadcrumbList\",\"@id\":\"https:\/\/usssinc.net\/it\/about\/#breadcrumb\",\"itemListElement\":[{\"@type\":\"ListItem\",\"position\":1,\"name\":\"Home\",\"item\":\"https:\/\/usssinc.net\/it\/\"},{\"@type\":\"ListItem\",\"position\":2,\"name\":\"About\"}]},{\"@type\":\"WebSite\",\"@id\":\"https:\/\/usssinc.net\/it\/#website\",\"url\":\"https:\/\/usssinc.net\/it\/\",\"name\":\"U.S. Support Service Inc\",\"description\":\"Just another USSS Inc Sites site\",\"potentialAction\":[{\"@type\":\"SearchAction\",\"target\":{\"@type\":\"EntryPoint\",\"urlTemplate\":\"https:\/\/usssinc.net\/it\/?s={search_term_string}\"},\"query-input\":\"required name=search_term_string\"}],\"inLanguage\":\"en-US\"}]}<\/script>\n<!-- \/ Yoast SEO plugin. -->","yoast_head_json":{"title":"About - U.S. Support Service Inc","robots":{"index":"index","follow":"follow","max-snippet":"max-snippet:-1","max-image-preview":"max-image-preview:large","max-video-preview":"max-video-preview:-1"},"canonical":"https:\/\/usssinc.net\/it\/about\/","og_locale":"en_US","og_type":"article","og_title":"About - U.S. Support Service Inc","og_description":"Il nostro obiettivoGrande esperienza e prezzi convenienti USSS, Student Services INC. (U.S.S.S.) USSS evader\u00e0 le richieste fornendo alloggi e servizi di alta qualit\u00e0 a un prezzo ragionevole Los Angeles &#8211; una delle citt\u00e0 pi\u00f9 multiculturali d&#8217;America Ti sosterremo e ti forniremo un alloggio sicuro e confortevole Oltre alla nostra assistenza per l&#8217;alloggio, forniremo anche supporto [&hellip;]","og_url":"https:\/\/usssinc.net\/it\/about\/","og_site_name":"U.S. Support Service Inc","article_modified_time":"2020-12-08T23:29:14+00:00","og_image":[{"url":"https:\/\/wp.usssinc.net\/wp-content\/themes\/usss\/images\/staff_img_01.png"}],"twitter_card":"summary_large_image","twitter_misc":{"Est. reading time":"1 minute"},"schema":{"@context":"https:\/\/schema.org","@graph":[{"@type":"WebPage","@id":"https:\/\/usssinc.net\/it\/about\/","url":"https:\/\/usssinc.net\/it\/about\/","name":"About - U.S. Support Service Inc","isPartOf":{"@id":"https:\/\/usssinc.net\/it\/#website"},"datePublished":"2020-04-15T02:25:27+00:00","dateModified":"2020-12-08T23:29:14+00:00","breadcrumb":{"@id":"https:\/\/usssinc.net\/it\/about\/#breadcrumb"},"inLanguage":"en-US","potentialAction":[{"@type":"ReadAction","target":["https:\/\/usssinc.net\/it\/about\/"]}]},{"@type":"BreadcrumbList","@id":"https:\/\/usssinc.net\/it\/about\/#breadcrumb","itemListElement":[{"@type":"ListItem","position":1,"name":"Home","item":"https:\/\/usssinc.net\/it\/"},{"@type":"ListItem","position":2,"name":"About"}]},{"@type":"WebSite","@id":"https:\/\/usssinc.net\/it\/#website","url":"https:\/\/usssinc.net\/it\/","name":"U.S. Support Service Inc","description":"Just another USSS Inc Sites site","potentialAction":[{"@type":"SearchAction","target":{"@type":"EntryPoint","urlTemplate":"https:\/\/usssinc.net\/it\/?s={search_term_string}"},"query-input":"required name=search_term_string"}],"inLanguage":"en-US"}]}},"_links":{"self":[{"href":"https:\/\/usssinc.net\/it\/wp-json\/wp\/v2\/pages\/11"}],"collection":[{"href":"https:\/\/usssinc.net\/it\/wp-json\/wp\/v2\/pages"}],"about":[{"href":"https:\/\/usssinc.net\/it\/wp-json\/wp\/v2\/types\/page"}],"author":[{"embeddable":true,"href":"https:\/\/usssinc.net\/it\/wp-json\/wp\/v2\/users\/1"}],"replies":[{"embeddable":true,"href":"https:\/\/usssinc.net\/it\/wp-json\/wp\/v2\/comments?post=11"}],"version-history":[{"count":2,"href":"https:\/\/usssinc.net\/it\/wp-json\/wp\/v2\/pages\/11\/revisions"}],"predecessor-version":[{"id":328,"href":"https:\/\/usssinc.net\/it\/wp-json\/wp\/v2\/pages\/11\/revisions\/328"}],"wp:attachment":[{"href":"https:\/\/usssinc.net\/it\/wp-json\/wp\/v2\/media?parent=11"}],"curies":[{"name":"wp","href":"https:\/\/api.w.org\/{rel}","templated":true}]}}