{"id":19,"date":"2020-04-15T03:35:09","date_gmt":"2020-04-15T03:35:09","guid":{"rendered":"https:\/\/wp.usssinc.net\/?page_id=19"},"modified":"2020-12-09T18:24:18","modified_gmt":"2020-12-09T18:24:18","slug":"faq","status":"publish","type":"page","link":"https:\/\/usssinc.net\/it\/faq\/","title":{"rendered":"FAQ"},"content":{"rendered":"<div id=\"main-contents\" class=\"page-faq\"> <!-- #main-contents -->\r\n  <section class=\"faq\">\r\n    <div class=\"wrapper\">\r\n      <div class=\"faq-contents\">\r\n        <div class=\"q-lists\">\r\n          <div class=\"q-lists--item\">\r\n            <a href=\"#Q1\">\r\n              <p>Come posso iniziare l&#8217;iscrizione\uff1f<\/p>\r\n            <\/a>\r\n          <\/div>\r\n          <div class=\"q-lists--item\">\r\n            <a href=\"#Q2\">\r\n              <p>Avr\u00f2 bisogno di pulire le stanze?<\/p>\r\n            <\/a>\r\n          <\/div>\r\n          <div class=\"q-lists--item\">\r\n            <a href=\"#Q3\">\r\n              <p>Posso passare a un diverso tipo di alloggio? (ad es. dal dormitorio all&#8217;accoglienza in famiglia)<\/p>\r\n            <\/a>\r\n          <\/div>\r\n          <div class=\"q-lists--item\">\r\n            <a href=\"#Q4\">\r\n              <p>Qual \u00e8 la politica di cancellazione?<\/p>\r\n            <\/a>\r\n          <\/div>\r\n          <div class=\"q-lists--item\">\r\n            <a href=\"#Q5\">\r\n              <p>Posso vedere la casa della famiglia ospitante prima di trasferirmi?<\/p>\r\n            <\/a>\r\n          <\/div>\r\n          <div class=\"q-lists--item\">\r\n            <a href=\"#Q6\">\r\n              <p>Quando ricever\u00f2 indietro il mio deposito cauzionale?<\/p>\r\n            <\/a>\r\n          <\/div>\r\n\t\t\t\t\t<div class=\"q-lists--item\">\r\n            <a href=\"#Q13\">\r\n              <p>Quanti bagni ci sono?<\/p>\r\n            <\/a>\r\n          <\/div>\r\n          <div class=\"q-lists--item\">\r\n            <a href=\"#Q14\">\r\n              <p>C&#8217;\u00e8 il coprifuoco?<\/p>\r\n            <\/a>\r\n          <\/div>\r\n          <div class=\"q-lists--item\">\r\n            <a href=\"#Q15\">\r\n              <p>Posso bere alcolici?<\/p>\r\n            <\/a>\r\n          <\/div>\r\n          <div class=\"q-lists--item\">\r\n            <a href=\"#Q16\">\r\n              <p>Is there a smoking room or area?<\/p>\r\n            <\/a>\r\n          <\/div>\r\n          <div class=\"q-lists--item\">\r\n            <a href=\"#Q17\">\r\n              <p>C&#8217;\u00e8 una lavatrice?<\/p>\r\n            <\/a>\r\n          <\/div>\r\n          <div class=\"q-lists--item\">\r\n            <a href=\"#Q18\">\r\n              <p>Posso cambiare camera?<\/p>\r\n            <\/a>\r\n          <\/div>\r\n        <\/div>\r\n        <div class=\"q-contents-lists\">\r\n          <div class=\"q-contents-lists--item\" id=\"Q1\">\r\n            <div class=\"q-header\">\r\n              <p>Come posso iniziare l&#8217;iscrizione?<\/p>\r\n            <\/div>\r\n            <div class=\"q-info\">\r\n              <p>\r\n                Vai su iscrizione online e inserisci le tue informazioni.\r\n              <\/p>\r\n            <\/div>\r\n          <\/div>\r\n          <div class=\"q-contents-lists--item\" id=\"Q2\">\r\n            <div class=\"q-header\">\r\n              <p>Avr\u00f2 bisogno di pulire le stanze?<\/p>\r\n            <\/div>\r\n            <div class=\"q-info\">\r\n              <p>\r\n                Assumiamo addetti alle pulizie professionali per pulire le aree comuni, \r\ncome il bagno, la cucina e il soggiorno.\r\n              <\/p>\r\n            <\/div>\r\n          <\/div>\r\n          <div class=\"q-contents-lists--item\" id=\"Q3\">\r\n            <div class=\"q-header\">\r\n              <p>Posso passare a un diverso tipo di alloggio? \r\n(ad es. dal dormitorio all&#8217;accoglienza in famiglia)<\/p>\r\n            <\/div>\r\n            <div class=\"q-info\">\r\n              <p>\r\n                Si, puoi. Dovrai solo pagare la met\u00e0 del prezzo della tua quota di iscrizione, cos\u00ec come la differenza di affitto (se applicabile)\r\n              <\/p>\r\n            <\/div>\r\n          <\/div>\r\n          <div class=\"q-contents-lists--item\" id=\"Q4\">\r\n            <div class=\"q-header\">\r\n              <p>Qual \u00e8 la politica di cancellazione?<\/p>\r\n            <\/div>\r\n            <div class=\"q-info\">\r\n              <p>\r\n                Se annulli 30 giorni o pi\u00f9 prima della data di arrivo, sarai completamente rimborsato.\r\nSe ci contatti entro 30 giorni dalla data di trasloco, la quota di iscrizione sar\u00e0 la penale di cancellazione. Inoltre ti chiederemo di corrispondere 4 settimane di affitto secondo la legge dello stato della California (per maggiori dettagli, consulta la politica di cancellazione)\r\n              <\/p>\r\n            <\/div>\r\n          <\/div>\r\n          <div class=\"q-contents-lists--item\" id=\"Q5\">\r\n            <div class=\"q-header\">\r\n              <p>Posso vedere la casa della famiglia ospitante prima di trasferirmi?<\/p>\r\n            <\/div>\r\n            <div class=\"q-info\">\r\n              <p>\r\n                Purtroppo no. Tuttavia, se hai delle richieste, troveremo la famiglia migliore per soddisfare le tue esigenze.\r\n              <\/p>\r\n            <\/div>\r\n          <\/div>\r\n          <div class=\"q-contents-lists--item\" id=\"Q6\">\r\n            <div class=\"q-header\">\r\n              <p>Quando ricever\u00f2 indietro il mio deposito cauzionale?<\/p>\r\n            <\/div>\r\n            <div class=\"q-info\">\r\n              <p>\r\n               You must pay a security deposit of $200 when you move in. (Visa or Mastercard if paying with a credit card)\r\nUpon moving out, you will need to fill out a &#8220;&#8221;Notice of Refund&#8221;&#8221; form in order to the receive the refund. It typically takes 2 weeks to receive the refund.\r\n              <\/p>\r\n            <\/div>\r\n          <\/div>\r\n\t\t\t\t\t<div class=\"q-contents-lists--item\" id=\"Q13\">\r\n            <div class=\"q-header\">\r\n              <p>Quanti bagni ci sono\uff1f<\/p>\r\n            <\/div>\r\n            <div class=\"q-info\">\r\n              <p>\r\n                Ogni camera ha un bagno. Bakman ha 3 camere da letto e 2 bagni.\r\n              <\/p>\r\n            <\/div>\r\n          <\/div>\r\n          <div class=\"q-contents-lists--item\" id=\"Q14\">\r\n            <div class=\"q-header\">\r\n              <p>C&#8217;\u00e8 il coprifuoco?<\/p>\r\n            <\/div>\r\n            <div class=\"q-info\">\r\n              <p>\r\n               No, non c&#8217;\u00e8 il coprifuoco, ma sii rispettoso e premuroso degli altri.\r\n              <\/p>\r\n            <\/div>\r\n          <\/div>\r\n          <div class=\"q-contents-lists--item\" id=\"Q15\">\r\n            <div class=\"q-header\">\r\n              <p>Posso bere alcolici?<\/p>\r\n            <\/div>\r\n            <div class=\"q-info\">\r\n              <p>\r\n                Per legge, se hai 21 anni o pi\u00f9, \r\npuoi bere nella residenza. \r\nNon \u00e8 consentito fumare all&#8217;interno del residence.\r\n              <\/p>\r\n            <\/div>\r\n          <\/div>\r\n          <div class=\"q-contents-lists--item\" id=\"Q16\">\r\n            <div class=\"q-header\">\r\n              <p>C&#8217;\u00e8 una sala fumatori o un&#8217;area?<\/p>\r\n            <\/div>\r\n            <div class=\"q-info\">\r\n              <p>\r\n                No. Tutte le stanze del dormitorio (compreso il balcone) sono per non fumatori. \r\nSi prega di uscire dall&#8217;edificio per fumare.\r\n              <\/p>\r\n            <\/div>\r\n          <\/div>\r\n          <div class=\"q-contents-lists--item\" id=\"Q17\">\r\n            <div class=\"q-header\">\r\n              <p>C&#8217;\u00e8 una lavatrice?<\/p>\r\n            <\/div>\r\n            <div class=\"q-info\">\r\n              <p>\r\n                S\u00ec, ogni residenza \u00e8 dotata di lavatrice. \r\nDeduciamo $ 3 a settimana dal deposito cauzionale come costo per la lavatrice.\r\n              <\/p>\r\n            <\/div>\r\n          <\/div>\r\n          <div class=\"q-contents-lists--item\" id=\"Q18\">\r\n            <div class=\"q-header\">\r\n              <p>Posso cambiare camera?<\/p>\r\n            <\/div>\r\n            <div class=\"q-info\">\r\n              <p>\r\n                R. \u00c8 possibile effettuare l&#8217;upgrade della tua camera (es. Da Quad a Singola): \r\nse \u00e8 disponibile una camera, puoi cambiare camera pagando semplicemente la differenza di prezzo.<br \/>\r\n                B. Puoi anche passare allo stesso tipo di stanza (ad esempio da Condivisa a Condivisa):\r\nse una stanza \u00e8 disponibile, puoi cambiare stanza.<br \/>\r\n                C \u00c8 anche possibile effettuare il downgrade della camera (ad es. Da singola a quadrupla): \r\nse \u00e8 disponibile una camera, \u00e8 possibile cambiare camera.\r\n              <\/p>\r\n            <\/div>\r\n          <\/div>\r\n        <\/div>\r\n      <\/div>\r\n    <\/div>\r\n  <\/section>\r\n<\/div> <!-- \/\/ #main-contents -->","protected":false},"excerpt":{"rendered":"Come posso iniziare l&#8217;iscrizione\uff1f Avr\u00f2 bisogno di pulire le stanze? Posso passare a un diverso tipo di alloggio? (ad es. dal dormitorio all&#8217;accoglienza in famiglia) Qual \u00e8 la politica di cancellazione? Posso vedere la casa della famiglia ospitante prima di trasferirmi? Quando ricever\u00f2 indietro il mio deposito cauzionale? Quanti bagni ci sono? C&#8217;\u00e8 il coprifuoco? [&hellip;]","protected":false},"author":1,"featured_media":0,"parent":0,"menu_order":0,"comment_status":"closed","ping_status":"closed","template":"","meta":[],"yoast_head":"<!-- This site is optimized with the Yoast SEO plugin v20.11 - https:\/\/yoast.com\/wordpress\/plugins\/seo\/ -->\n<title>FAQ - U.S. Support Service Inc<\/title>\n<meta name=\"robots\" content=\"index, follow, max-snippet:-1, max-image-preview:large, max-video-preview:-1\" \/>\n<link rel=\"canonical\" href=\"https:\/\/usssinc.net\/it\/faq\/\" \/>\n<meta property=\"og:locale\" content=\"en_US\" \/>\n<meta property=\"og:type\" content=\"article\" \/>\n<meta property=\"og:title\" content=\"FAQ - U.S. Support Service Inc\" \/>\n<meta property=\"og:description\" content=\"Come posso iniziare l&#8217;iscrizione\uff1f Avr\u00f2 bisogno di pulire le stanze? Posso passare a un diverso tipo di alloggio? (ad es. dal dormitorio all&#8217;accoglienza in famiglia) Qual \u00e8 la politica di cancellazione? Posso vedere la casa della famiglia ospitante prima di trasferirmi? Quando ricever\u00f2 indietro il mio deposito cauzionale? Quanti bagni ci sono? C&#8217;\u00e8 il coprifuoco? [&hellip;]\" \/>\n<meta property=\"og:url\" content=\"https:\/\/usssinc.net\/it\/faq\/\" \/>\n<meta property=\"og:site_name\" content=\"U.S. Support Service Inc\" \/>\n<meta property=\"article:modified_time\" content=\"2020-12-09T18:24:18+00:00\" \/>\n<meta name=\"twitter:card\" content=\"summary_large_image\" \/>\n<meta name=\"twitter:label1\" content=\"Est. reading time\" \/>\n\t<meta name=\"twitter:data1\" content=\"2 minutes\" \/>\n<script type=\"application\/ld+json\" class=\"yoast-schema-graph\">{\"@context\":\"https:\/\/schema.org\",\"@graph\":[{\"@type\":\"WebPage\",\"@id\":\"https:\/\/usssinc.net\/it\/faq\/\",\"url\":\"https:\/\/usssinc.net\/it\/faq\/\",\"name\":\"FAQ - U.S. Support Service Inc\",\"isPartOf\":{\"@id\":\"https:\/\/usssinc.net\/it\/#website\"},\"datePublished\":\"2020-04-15T03:35:09+00:00\",\"dateModified\":\"2020-12-09T18:24:18+00:00\",\"breadcrumb\":{\"@id\":\"https:\/\/usssinc.net\/it\/faq\/#breadcrumb\"},\"inLanguage\":\"en-US\",\"potentialAction\":[{\"@type\":\"ReadAction\",\"target\":[\"https:\/\/usssinc.net\/it\/faq\/\"]}]},{\"@type\":\"BreadcrumbList\",\"@id\":\"https:\/\/usssinc.net\/it\/faq\/#breadcrumb\",\"itemListElement\":[{\"@type\":\"ListItem\",\"position\":1,\"name\":\"Home\",\"item\":\"https:\/\/usssinc.net\/it\/\"},{\"@type\":\"ListItem\",\"position\":2,\"name\":\"FAQ\"}]},{\"@type\":\"WebSite\",\"@id\":\"https:\/\/usssinc.net\/it\/#website\",\"url\":\"https:\/\/usssinc.net\/it\/\",\"name\":\"U.S. Support Service Inc\",\"description\":\"Just another USSS Inc Sites site\",\"potentialAction\":[{\"@type\":\"SearchAction\",\"target\":{\"@type\":\"EntryPoint\",\"urlTemplate\":\"https:\/\/usssinc.net\/it\/?s={search_term_string}\"},\"query-input\":\"required name=search_term_string\"}],\"inLanguage\":\"en-US\"}]}<\/script>\n<!-- \/ Yoast SEO plugin. -->","yoast_head_json":{"title":"FAQ - U.S. Support Service Inc","robots":{"index":"index","follow":"follow","max-snippet":"max-snippet:-1","max-image-preview":"max-image-preview:large","max-video-preview":"max-video-preview:-1"},"canonical":"https:\/\/usssinc.net\/it\/faq\/","og_locale":"en_US","og_type":"article","og_title":"FAQ - U.S. Support Service Inc","og_description":"Come posso iniziare l&#8217;iscrizione\uff1f Avr\u00f2 bisogno di pulire le stanze? Posso passare a un diverso tipo di alloggio? (ad es. dal dormitorio all&#8217;accoglienza in famiglia) Qual \u00e8 la politica di cancellazione? Posso vedere la casa della famiglia ospitante prima di trasferirmi? Quando ricever\u00f2 indietro il mio deposito cauzionale? Quanti bagni ci sono? C&#8217;\u00e8 il coprifuoco? [&hellip;]","og_url":"https:\/\/usssinc.net\/it\/faq\/","og_site_name":"U.S. Support Service Inc","article_modified_time":"2020-12-09T18:24:18+00:00","twitter_card":"summary_large_image","twitter_misc":{"Est. reading time":"2 minutes"},"schema":{"@context":"https:\/\/schema.org","@graph":[{"@type":"WebPage","@id":"https:\/\/usssinc.net\/it\/faq\/","url":"https:\/\/usssinc.net\/it\/faq\/","name":"FAQ - U.S. Support Service Inc","isPartOf":{"@id":"https:\/\/usssinc.net\/it\/#website"},"datePublished":"2020-04-15T03:35:09+00:00","dateModified":"2020-12-09T18:24:18+00:00","breadcrumb":{"@id":"https:\/\/usssinc.net\/it\/faq\/#breadcrumb"},"inLanguage":"en-US","potentialAction":[{"@type":"ReadAction","target":["https:\/\/usssinc.net\/it\/faq\/"]}]},{"@type":"BreadcrumbList","@id":"https:\/\/usssinc.net\/it\/faq\/#breadcrumb","itemListElement":[{"@type":"ListItem","position":1,"name":"Home","item":"https:\/\/usssinc.net\/it\/"},{"@type":"ListItem","position":2,"name":"FAQ"}]},{"@type":"WebSite","@id":"https:\/\/usssinc.net\/it\/#website","url":"https:\/\/usssinc.net\/it\/","name":"U.S. Support Service Inc","description":"Just another USSS Inc Sites site","potentialAction":[{"@type":"SearchAction","target":{"@type":"EntryPoint","urlTemplate":"https:\/\/usssinc.net\/it\/?s={search_term_string}"},"query-input":"required name=search_term_string"}],"inLanguage":"en-US"}]}},"_links":{"self":[{"href":"https:\/\/usssinc.net\/it\/wp-json\/wp\/v2\/pages\/19"}],"collection":[{"href":"https:\/\/usssinc.net\/it\/wp-json\/wp\/v2\/pages"}],"about":[{"href":"https:\/\/usssinc.net\/it\/wp-json\/wp\/v2\/types\/page"}],"author":[{"embeddable":true,"href":"https:\/\/usssinc.net\/it\/wp-json\/wp\/v2\/users\/1"}],"replies":[{"embeddable":true,"href":"https:\/\/usssinc.net\/it\/wp-json\/wp\/v2\/comments?post=19"}],"version-history":[{"count":2,"href":"https:\/\/usssinc.net\/it\/wp-json\/wp\/v2\/pages\/19\/revisions"}],"predecessor-version":[{"id":334,"href":"https:\/\/usssinc.net\/it\/wp-json\/wp\/v2\/pages\/19\/revisions\/334"}],"wp:attachment":[{"href":"https:\/\/usssinc.net\/it\/wp-json\/wp\/v2\/media?parent=19"}],"curies":[{"name":"wp","href":"https:\/\/api.w.org\/{rel}","templated":true}]}}