{"id":42,"date":"2020-04-20T03:18:14","date_gmt":"2020-04-20T03:18:14","guid":{"rendered":"https:\/\/wp.usssinc.net\/?page_id=42"},"modified":"2020-12-21T18:56:32","modified_gmt":"2020-12-21T18:56:32","slug":"homestay","status":"publish","type":"page","link":"https:\/\/usssinc.net\/it\/homestay\/","title":{"rendered":"Homestay"},"content":{"rendered":"<div id=\"main-contents\" class=\"page-homestay\"> <!-- #main-contents -->\r\n  <section class=\"homestay\">\r\n    <div class=\"homestay-contents\">\r\n      <p class=\"homestay-title\">Le nostre famiglie<\/p>\r\n      <div class=\"wrapper\">\r\n        <span class=\"homestay-description pc\">\r\n        Consigliamo l&#8217;alloggio in famiglia alle persone che vogliono vivere l&#8217;esperienza di abitare con una famiglia americana. I pasti sono forniti (colazione e cena)\r\n        <\/span>\r\n        <span class=\"homestay-description sp\">\r\n         Consigliamo l&#8217;alloggio in famiglia alle persone che vogliono vivere l&#8217;esperienza di abitare con una famiglia americana. I pasti sono forniti (colazione e cena)\r\n        <\/span>\r\n        <figure class=\"homestay-cover\" style=\"background-image: url('https:\/\/usssinc.net\/wp-content\/themes\/usss\/images\/homestay-cover.png')\">\r\n          <div class=\"homestay-info\">\r\n            <p class=\"homestay-text\">Permettici di presentarti una delle nostre famiglie ospitanti accuratamente selezionate.<\/p>\r\n          <\/div>\r\n        <\/figure>\r\n      <\/div>\r\n    <\/div>\r\n  <\/section>\r\n  <section class=\"area\">\r\n    <div class=\"wrapper\">\r\n      <h2 class=\"title\">Aree<\/h2>\r\n      <span class=\"sub-title\">Pi\u00f9 di 100 famiglie ospitanti a Los Angeles<\/span>\r\n      <div class=\"area-contents\">\r\n        <figure>\r\n        <\/figure>\r\n      <\/div>\r\n    <\/div>\r\n  <\/section>\r\n  <section class=\"families\">\r\n    <div class=\"wrapper\">\r\n      <h2 class=\"title\">Famiglie ospitanti<\/h2>\r\n      <span class=\"sub-title\">Incontra alcune delle nostre famiglie ospitanti accuratamente selezionate<\/span>\r\n      <div class=\"families-contents\">\r\n        <ul class=\"families-lists\">\r\n          <li class=\"families-lists--item\">\r\n            <h3 class=\"families-title\">Profilo della famiglia Sigh  #1<\/h3>\r\n            <figure class=\"families-cover\">\r\n              <img decoding=\"async\" src=\"https:\/\/usssinc.net\/wp-content\/themes\/usss\/images\/families_cover_01.png\" alt=\"\">\r\n            <\/figure>\r\n            <div class=\"families-info\">\r\n              <ul class=\"info-lists\">\r\n                <li class=\"info-lists--item\">Nome: Sigh<\/li>\r\n                <li class=\"info-lists--item\">Posizione: Santa Monica<\/li>\r\n                <li class=\"info-lists--item\">30 minuti di autobus dalla spiaggia di Santa Monica<\/li>\r\n                <li class=\"info-lists--item\">Animali: No<\/li>\r\n              <\/ul>\r\n              <p class=\"families-description\">\r\n              Ospitiamo studenti dal 2011 e abbiamo avuto molti studenti provenienti da diversi paesi. \u00c8 un piacere incontrare studenti di diverse culture. I nostri studenti sono diventati come una famiglia e abbiamo qualcuno in molte parti del mondo. Ho avuto il piacere di essere rivisitato da molti dei miei studenti che sono tornati a LA.\r\n              <\/p>\r\n            <\/div>\r\n          <\/li>\r\n          <li class=\"families-lists--item\">\r\n            <h3 class=\"families-title\">Miriam Family Profile #2<\/h3>\r\n            <figure class=\"families-cover\">\r\n              <img decoding=\"async\" src=\"https:\/\/usssinc.net\/wp-content\/themes\/usss\/images\/families_cover_02.png\" alt=\"\">\r\n            <\/figure>\r\n            <div class=\"families-info\">\r\n              <ul class=\"info-lists\">\r\n                <li class=\"info-lists--item\">Nome: Miriam<\/li>\r\n                <li class=\"info-lists--item\">Posizione: Zona North Hollywood<\/li>\r\n                <li class=\"info-lists--item\">30 minuti di autobus per Movement Lifestyle<\/li>\r\n                <li class=\"info-lists--item\">Animali: No<\/li>\r\n              <\/ul>\r\n              <p class=\"families-description\">\r\n              A me e mia figlia \u00e8 piaciuto essere una famiglia ospitante perch\u00e9 non solo acquisiamo esperienza con altre culture, ma creiamo anche amicizie.\r\n              <\/p>\r\n            <\/div>\r\n          <\/li>\r\n          <li class=\"families-lists--item\">\r\n            <h3 class=\"families-title\">Profilo della famiglia Sanvicente #3<\/h3>\r\n            <figure class=\"families-cover\">\r\n              <img decoding=\"async\" src=\"https:\/\/usssinc.net\/wp-content\/themes\/usss\/images\/families_cover_03.png\" alt=\"\">\r\n            <\/figure>\r\n            <div class=\"families-info\">\r\n              <ul class=\"info-lists\">\r\n                <li class=\"info-lists--item\">Nome: Sanvicente<\/li>\r\n                <li class=\"info-lists--item\">Posizione: North Hollywood<\/li>\r\n                <li class=\"info-lists--item\">10 minuti di autobus dagli Universal Studios<\/li>\r\n                <li class=\"info-lists--item\">Animali: No<\/li>\r\n              <\/ul>\r\n              <p class=\"families-description\">\r\n              Ci piace cogliere l&#8217;opportunit\u00e0 di essere una famiglia ospitante per studenti internazionali. La nostra famiglia gode della diversit\u00e0 in cui possiamo condividere la nostra cultura, tradizioni e stile di vita americani mentre allo stesso tempo impariamo a conoscere la loro. Non vediamo l&#8217;ora di costruire nuove relazioni e ricordi.\r\n              <\/p>\r\n            <\/div>\r\n          <\/li>\r\n          <li class=\"families-lists--item\">\r\n            <h3 class=\"families-title\">Profilo della famiglia Rodriguez #4<\/h3>\r\n            <figure class=\"families-cover\">\r\n              <img decoding=\"async\" src=\"https:\/\/usssinc.net\/wp-content\/themes\/usss\/images\/families_cover_04.png\" alt=\"\">\r\n            <\/figure>\r\n            <div class=\"families-info\">\r\n              <ul class=\"info-lists\">\r\n                <li class=\"info-lists--item\">Nome: Rodriguez<\/li>\r\n                <li class=\"info-lists--item\">Posizione: North Hollywood<\/li>\r\n                <li class=\"info-lists--item\">Vicino al Millennium Dance Complex Dance Studio<\/li>\r\n                <li class=\"info-lists--item\">Animali: No<\/li>\r\n              <\/ul>\r\n              <p class=\"families-description\">\r\n              Vorremmo darti il benvenuto nella nostra casa a Hollywood, CA !! <br \/>Ci auguriamo che tu possa vivere un&#8217;esperienza straordinaria e goderti ogni secondo!\r\n              <\/p>\r\n            <\/div>\r\n          <\/li>\r\n          <li class=\"families-lists--item\">\r\n            <h3 class=\"families-title\">Marcela ProfilO #5<\/h3>\r\n            <figure class=\"families-cover\">\r\n              <img decoding=\"async\" src=\"https:\/\/usssinc.net\/wp-content\/themes\/usss\/images\/families_cover_05.png\" alt=\"\">\r\n            <\/figure>\r\n            <div class=\"families-info\">\r\n              <ul class=\"info-lists\">\r\n                <li class=\"info-lists--item\">Nome: Marcela<\/li>\r\n                <li class=\"info-lists--item\">Posizione: North hollywood<\/li>\r\n                <li class=\"info-lists--item\">10 minuti dallo studio Disney<\/li>\r\n                <li class=\"info-lists--item\">Animali: Dogs<\/li>\r\n              <\/ul>\r\n              <p class=\"families-description more-height\">\r\n              Ciao la mia famiglia \u00e8 composta da Bartolo e Marcela Gonz\u00e1lez, siamo una coppia sposata da 33 anni, accogliamo srudenti da pi\u00f9 di 20 anni, godendoci ogni minuto dell&#8217;apprendimento della cultura dei nostri studenti con i quali manteniamo contatti per anni. Tornano con la loro famiglia dopo alcuni anni di permanenza a casa nostra, siamo diventati come mamma e pap\u00e0 da questa parte del mondo, cos\u00ec ci dicono! Le nostre cene sono fatte in casa! Affinch\u00e9 possano godere di 3 culture diverse .. cibi americani, cileni e messicani. Il cibo \u00e8 sempre la priorit\u00e0 poich\u00e8 crea un ambiente sicuro per i nostri ospiti. Dio non ci ha benedetti con i bambini .. ci benedice con gli studenti in famiglia. Grazie mille.\r\n              <\/p>\r\n            <\/div>\r\n          <\/li>\r\n          <li class=\"families-lists--item\">\r\n            <h3 class=\"families-title\">Washington Family Profile #6<\/h3>\r\n            <figure class=\"families-cover\">\r\n              <img decoding=\"async\" src=\"https:\/\/usssinc.net\/wp-content\/themes\/usss\/images\/families_cover_06.png\" alt=\"\">\r\n            <\/figure>\r\n            <div class=\"families-info\">\r\n              <ul class=\"info-lists\">\r\n                <li class=\"info-lists--item\">Nome: Washington<\/li>\r\n                <li class=\"info-lists--item\">Posizione: North 20<\/li>\r\n                <li class=\"info-lists--item\">20 minuti di autobus da Beverly Hills<\/li>\r\n                <li class=\"info-lists--item\">Animali: No<\/li>\r\n              <\/ul>\r\n              <p class=\"families-description\">\r\n              Ciao ragazzi! \u00c8 bello avere \/ accogliere studenti a casa nostra e trascorrere del tempo insieme! Spesso facciamo una festa a casa nostra ed \u00e8 davvero divertente! La nostra famiglia sar\u00e0 entusiasta di averti! Grazie mille!\r\n              <\/p>\r\n            <\/div>\r\n          <\/li>\r\n        <\/ul>\r\n      <\/div>\r\n    <\/div>\r\n  <\/section>\r\n  <\/div> <!-- \/\/ #main-contents -->","protected":false},"excerpt":{"rendered":"Le nostre famiglie Consigliamo l&#8217;alloggio in famiglia alle persone che vogliono vivere l&#8217;esperienza di abitare con una famiglia americana. I pasti sono forniti (colazione e cena) Consigliamo l&#8217;alloggio in famiglia alle persone che vogliono vivere l&#8217;esperienza di abitare con una famiglia americana. I pasti sono forniti (colazione e cena) Permettici di presentarti una delle nostre [&hellip;]","protected":false},"author":1,"featured_media":0,"parent":0,"menu_order":0,"comment_status":"closed","ping_status":"closed","template":"","meta":[],"yoast_head":"<!-- This site is optimized with the Yoast SEO plugin v20.11 - https:\/\/yoast.com\/wordpress\/plugins\/seo\/ -->\n<title>Homestay - U.S. Support Service Inc<\/title>\n<meta name=\"robots\" content=\"index, follow, max-snippet:-1, max-image-preview:large, max-video-preview:-1\" \/>\n<link rel=\"canonical\" href=\"https:\/\/usssinc.net\/it\/homestay\/\" \/>\n<meta property=\"og:locale\" content=\"en_US\" \/>\n<meta property=\"og:type\" content=\"article\" \/>\n<meta property=\"og:title\" content=\"Homestay - U.S. Support Service Inc\" \/>\n<meta property=\"og:description\" content=\"Le nostre famiglie Consigliamo l&#8217;alloggio in famiglia alle persone che vogliono vivere l&#8217;esperienza di abitare con una famiglia americana. I pasti sono forniti (colazione e cena) Consigliamo l&#8217;alloggio in famiglia alle persone che vogliono vivere l&#8217;esperienza di abitare con una famiglia americana. I pasti sono forniti (colazione e cena) Permettici di presentarti una delle nostre [&hellip;]\" \/>\n<meta property=\"og:url\" content=\"https:\/\/usssinc.net\/it\/homestay\/\" \/>\n<meta property=\"og:site_name\" content=\"U.S. Support Service Inc\" \/>\n<meta property=\"article:modified_time\" content=\"2020-12-21T18:56:32+00:00\" \/>\n<meta property=\"og:image\" content=\"https:\/\/usssinc.net\/wp-content\/themes\/usss\/images\/families_cover_01.png\" \/>\n<meta name=\"twitter:card\" content=\"summary_large_image\" \/>\n<meta name=\"twitter:label1\" content=\"Est. reading time\" \/>\n\t<meta name=\"twitter:data1\" content=\"2 minutes\" \/>\n<script type=\"application\/ld+json\" class=\"yoast-schema-graph\">{\"@context\":\"https:\/\/schema.org\",\"@graph\":[{\"@type\":\"WebPage\",\"@id\":\"https:\/\/usssinc.net\/it\/homestay\/\",\"url\":\"https:\/\/usssinc.net\/it\/homestay\/\",\"name\":\"Homestay - U.S. Support Service Inc\",\"isPartOf\":{\"@id\":\"https:\/\/usssinc.net\/it\/#website\"},\"datePublished\":\"2020-04-20T03:18:14+00:00\",\"dateModified\":\"2020-12-21T18:56:32+00:00\",\"breadcrumb\":{\"@id\":\"https:\/\/usssinc.net\/it\/homestay\/#breadcrumb\"},\"inLanguage\":\"en-US\",\"potentialAction\":[{\"@type\":\"ReadAction\",\"target\":[\"https:\/\/usssinc.net\/it\/homestay\/\"]}]},{\"@type\":\"BreadcrumbList\",\"@id\":\"https:\/\/usssinc.net\/it\/homestay\/#breadcrumb\",\"itemListElement\":[{\"@type\":\"ListItem\",\"position\":1,\"name\":\"Home\",\"item\":\"https:\/\/usssinc.net\/it\/\"},{\"@type\":\"ListItem\",\"position\":2,\"name\":\"Homestay\"}]},{\"@type\":\"WebSite\",\"@id\":\"https:\/\/usssinc.net\/it\/#website\",\"url\":\"https:\/\/usssinc.net\/it\/\",\"name\":\"U.S. Support Service Inc\",\"description\":\"Just another USSS Inc Sites site\",\"potentialAction\":[{\"@type\":\"SearchAction\",\"target\":{\"@type\":\"EntryPoint\",\"urlTemplate\":\"https:\/\/usssinc.net\/it\/?s={search_term_string}\"},\"query-input\":\"required name=search_term_string\"}],\"inLanguage\":\"en-US\"}]}<\/script>\n<!-- \/ Yoast SEO plugin. -->","yoast_head_json":{"title":"Homestay - U.S. Support Service Inc","robots":{"index":"index","follow":"follow","max-snippet":"max-snippet:-1","max-image-preview":"max-image-preview:large","max-video-preview":"max-video-preview:-1"},"canonical":"https:\/\/usssinc.net\/it\/homestay\/","og_locale":"en_US","og_type":"article","og_title":"Homestay - U.S. Support Service Inc","og_description":"Le nostre famiglie Consigliamo l&#8217;alloggio in famiglia alle persone che vogliono vivere l&#8217;esperienza di abitare con una famiglia americana. I pasti sono forniti (colazione e cena) Consigliamo l&#8217;alloggio in famiglia alle persone che vogliono vivere l&#8217;esperienza di abitare con una famiglia americana. I pasti sono forniti (colazione e cena) Permettici di presentarti una delle nostre [&hellip;]","og_url":"https:\/\/usssinc.net\/it\/homestay\/","og_site_name":"U.S. Support Service Inc","article_modified_time":"2020-12-21T18:56:32+00:00","og_image":[{"url":"https:\/\/usssinc.net\/wp-content\/themes\/usss\/images\/families_cover_01.png"}],"twitter_card":"summary_large_image","twitter_misc":{"Est. reading time":"2 minutes"},"schema":{"@context":"https:\/\/schema.org","@graph":[{"@type":"WebPage","@id":"https:\/\/usssinc.net\/it\/homestay\/","url":"https:\/\/usssinc.net\/it\/homestay\/","name":"Homestay - U.S. Support Service Inc","isPartOf":{"@id":"https:\/\/usssinc.net\/it\/#website"},"datePublished":"2020-04-20T03:18:14+00:00","dateModified":"2020-12-21T18:56:32+00:00","breadcrumb":{"@id":"https:\/\/usssinc.net\/it\/homestay\/#breadcrumb"},"inLanguage":"en-US","potentialAction":[{"@type":"ReadAction","target":["https:\/\/usssinc.net\/it\/homestay\/"]}]},{"@type":"BreadcrumbList","@id":"https:\/\/usssinc.net\/it\/homestay\/#breadcrumb","itemListElement":[{"@type":"ListItem","position":1,"name":"Home","item":"https:\/\/usssinc.net\/it\/"},{"@type":"ListItem","position":2,"name":"Homestay"}]},{"@type":"WebSite","@id":"https:\/\/usssinc.net\/it\/#website","url":"https:\/\/usssinc.net\/it\/","name":"U.S. Support Service Inc","description":"Just another USSS Inc Sites site","potentialAction":[{"@type":"SearchAction","target":{"@type":"EntryPoint","urlTemplate":"https:\/\/usssinc.net\/it\/?s={search_term_string}"},"query-input":"required name=search_term_string"}],"inLanguage":"en-US"}]}},"_links":{"self":[{"href":"https:\/\/usssinc.net\/it\/wp-json\/wp\/v2\/pages\/42"}],"collection":[{"href":"https:\/\/usssinc.net\/it\/wp-json\/wp\/v2\/pages"}],"about":[{"href":"https:\/\/usssinc.net\/it\/wp-json\/wp\/v2\/types\/page"}],"author":[{"embeddable":true,"href":"https:\/\/usssinc.net\/it\/wp-json\/wp\/v2\/users\/1"}],"replies":[{"embeddable":true,"href":"https:\/\/usssinc.net\/it\/wp-json\/wp\/v2\/comments?post=42"}],"version-history":[{"count":4,"href":"https:\/\/usssinc.net\/it\/wp-json\/wp\/v2\/pages\/42\/revisions"}],"predecessor-version":[{"id":344,"href":"https:\/\/usssinc.net\/it\/wp-json\/wp\/v2\/pages\/42\/revisions\/344"}],"wp:attachment":[{"href":"https:\/\/usssinc.net\/it\/wp-json\/wp\/v2\/media?parent=42"}],"curies":[{"name":"wp","href":"https:\/\/api.w.org\/{rel}","templated":true}]}}