{"id":52,"date":"2020-04-20T03:32:04","date_gmt":"2020-04-20T03:32:04","guid":{"rendered":"https:\/\/wp.usssinc.net\/?page_id=52"},"modified":"2020-12-23T19:13:02","modified_gmt":"2020-12-23T19:13:02","slug":"voice","status":"publish","type":"page","link":"https:\/\/usssinc.net\/it\/voice\/","title":{"rendered":"Student Testimonials"},"content":{"rendered":"<div id=\"main-contents\" class=\"page-voice\"> <!-- #main-contents -->\r\n    <section class=\"residence\">\r\n      <div class=\"wrapper\">\r\n        <div class=\"residence-contents\">\r\n          <h2 class=\"residence-title\"><p>Residence di lusso<\/p><\/h2>\r\n          <div class=\"residence-lists\">\r\n            <div class=\"residence-lists--item\">\r\n              <div class=\"info\">\r\n                <p class=\"name\">Marco<\/p>\r\n                <div class=\"sub-info\">\r\n                  <p class=\"sub-info--item\">Ho alloggiato nel Brockton Residence<\/p>\r\n                  <p class=\"sub-info--item\">Dall&#8217;Italia<\/p>\r\n                <\/div>\r\n                <figure class=\"cover-sp\">\r\n                  <img decoding=\"async\" src=\"https:\/\/usssinc.net\/wp-content\/themes\/usss\/images\/img_voice_residence_01.png\" alt=\"\">\r\n                <\/figure>\r\n                <div class=\"quote\">\r\n                  <p>\r\n                    Il Brockton Dorm era al di sopra delle mie aspettative! L&#8217;appartamento era pulito, accogliente e spazioso, mi sono sentito come a casa durante il mio soggiorno. Il quartiere era super sicuro e ben posizionato. Le fermate dell&#8217;autobus si trovano a soli 5 minuti a piedi, potrete raggiungere la scuola e molti luoghi famosi in pochi minuti. Alimentari, farmacie, bar ecc\u2026 sono molto chiusi e aperti fino a tardi. Lo staff dell&#8217;USSS \u00e8 stato molto disponibile, cordiale e super professionale!\r\n                  <\/p>\r\n                <\/div>\r\n              <\/div>\r\n              <figure class=\"cover\">\r\n                <img decoding=\"async\" src=\"https:\/\/usssinc.net\/wp-content\/themes\/usss\/images\/img_voice_residence_01.png\" alt=\"\">\r\n              <\/figure>\r\n            <\/div>\r\n            <div class=\"residence-lists--item\">\r\n              <div class=\"info\">\r\n                <p class=\"name\">Mizuki<\/p>\r\n                <div class=\"sub-info\">\r\n                  <p class=\"sub-info--item\">Ho alloggiato nel Bakman Residence<\/p>\r\n                  <p class=\"sub-info--item\">Dal Giappone<\/p>\r\n                <\/div>\r\n                <figure class=\"cover-sp\">\r\n                  <img decoding=\"async\" src=\"https:\/\/usssinc.net\/wp-content\/themes\/usss\/images\/img_voice_residence_02.png\" alt=\"\">\r\n                <\/figure>\r\n                <div class=\"quote\">\r\n                  <p>\r\n                    Puoi fare facilmente amicizia internazionale e vivere una vita a LA! Inoltre, questo dormitorio \u00e8 cos\u00ec pulito e conveniente, quindi potresti divertirti tranquillamente anche se \u00e8 la prima volta che visiti LA.\r\n                  <\/p>\r\n                <\/div>\r\n              <\/div>\r\n              <figure class=\"cover\">\r\n                <img decoding=\"async\" src=\"https:\/\/usssinc.net\/wp-content\/themes\/usss\/images\/img_voice_residence_02.png\" alt=\"\">\r\n              <\/figure>\r\n            <\/div>\r\n            <div class=\"residence-lists--item\">\r\n              <div class=\"info\">\r\n                <p class=\"name\">Raphael<\/p>\r\n                <div class=\"sub-info\">\r\n                  <p class=\"sub-info--item\">Ho alloggiato nel Poinsettia Residence<\/p>\r\n                  <p class=\"sub-info--item\">Dalla Francia<\/p>\r\n                <\/div>\r\n                <figure class=\"cover-sp\">\r\n                  <img decoding=\"async\" src=\"https:\/\/usssinc.net\/wp-content\/themes\/usss\/images\/img_voice_residence_03.png\" alt=\"\">\r\n                <\/figure>\r\n                <div class=\"quote\">\r\n                  <p>\r\n                    Esperienza straordinaria. Ho incontrato persone da tutto il mondo. Il dormitorio \u00e8 pulito, organizzato e molto accogliente. Ottima posizione, sicura e molto vicino a un centro commerciale molto carino. Lo consiglio a chiunque voglia divertirsi a LA.\r\n                  <\/p>\r\n                <\/div>\r\n              <\/div>\r\n              <figure class=\"cover\">\r\n                <img decoding=\"async\" src=\"https:\/\/usssinc.net\/wp-content\/themes\/usss\/images\/img_voice_residence_03.png\" alt=\"\">\r\n              <\/figure>\r\n            <\/div>\r\n          <\/div>\r\n          <a href=\"https:\/\/usssinc.net\/residence\" class=\"residence-button\">Vedi i nostri residence<\/a>\r\n        <\/div>\r\n      <\/div>\r\n    <\/section>\r\n    <section class=\"homestay\">\r\n      <div class=\"wrapper\">\r\n        <div class=\"homestay-contents\">\r\n          <h2 class=\"homestay-title\"><p>Accoglienza in Famiglia<\/p><\/h2>\r\n          <div class=\"homestay-lists\">\r\n            <div class=\"homestay-lists--item\">\r\n              <div class=\"info\">\r\n                <p class=\"name\">Ami<\/p>\r\n                <div class=\"sub-info\">\r\n                  <p class=\"sub-info--item\">Accoglienza in Famiglia<\/p>\r\n                  <p class=\"sub-info--item\">Dal Giappone<\/p>\r\n                <\/div>\r\n                <figure class=\"cover-sp\">\r\n                  <img decoding=\"async\" src=\"https:\/\/usssinc.net\/wp-content\/themes\/usss\/images\/img_voice_homestay_01.png\" alt=\"\">\r\n                <\/figure>\r\n                <div class=\"quote\">\r\n                  <p>\r\n                    Sono stato in 2 famiglie ospitanti durante il mio soggiorno negli Stati Uniti per circa due settimane ciascuna. Ero un po &#8216;in ansia ma cercavo anche di divertirmi. C&#8217;erano cos\u00ec tante differenze culturali ma \u00e8 stata una grande opportunit\u00e0 per conoscere di pi\u00f9 la cultura americana. Parlo inglese tutto il tempo, ci sono eventi e feste in ogni vacanza e hai la possibilit\u00e0 di trovare nuovi amici. Non sapevo niente dell&#8217;America prima di venire qui, ma so di sapere molte cose e adoro LA.\r\n                  <\/p>\r\n                <\/div>\r\n              <\/div>\r\n              <figure class=\"cover\">\r\n                <img decoding=\"async\" src=\"https:\/\/usssinc.net\/wp-content\/themes\/usss\/images\/img_voice_homestay_01.png\" alt=\"\">\r\n              <\/figure>\r\n            <\/div>\r\n            <div class=\"homestay-lists--item\">\r\n              <div class=\"info\">\r\n                <p class=\"name\">Yuka Seiki<\/p>\r\n                <div class=\"sub-info\">\r\n                  <p class=\"sub-info--item\">Accoglienza in Famiglia<\/p>\r\n                  <p class=\"sub-info--item\">Dal Giappone<\/p>\r\n                <\/div>\r\n                <figure class=\"cover-sp\">\r\n                  <img decoding=\"async\" src=\"https:\/\/usssinc.net\/wp-content\/themes\/usss\/images\/img_voice_homestay_02.png\" alt=\"\">\r\n                <\/figure>\r\n                <div class=\"quote\">\r\n                  <p>\r\n                    Trascorrere del tempo con la famiglia americana \u00e8 il modo migliore per vivere la vera cultura, mi hanno insegnato modi di dire divertenti, conversazioni quotidiane e le loro abitudini. A volte ci sono differenze culturali, ma ti piacer\u00e0!\r\n                  <\/p>\r\n                <\/div>\r\n              <\/div>\r\n              <figure class=\"cover\">\r\n                <img decoding=\"async\" src=\"https:\/\/usssinc.net\/wp-content\/themes\/usss\/images\/img_voice_homestay_02.png\" alt=\"\">\r\n              <\/figure>\r\n            <\/div>\r\n            <div class=\"homestay-lists--item\">\r\n              <div class=\"info\">\r\n                <p class=\"name\">Iori Kubota<\/p>\r\n                <div class=\"sub-info\">\r\n                  <p class=\"sub-info--item\">Accoglienza in Famiglia dal Giappone<\/p>\r\n                  <p class=\"sub-info--item\">Dal Giappone<\/p>\r\n                <\/div>\r\n                <figure class=\"cover-sp\">\r\n                  <img decoding=\"async\" src=\"https:\/\/usssinc.net\/wp-content\/themes\/usss\/images\/img_voice_homestay_03.png\" alt=\"\">\r\n                <\/figure>\r\n                <div class=\"quote\">\r\n                  <p>\r\n                    Sono davvero fortunato che il primo alloggio sia questa casa perch\u00e9 la nostra famiglia \u00e8 cos\u00ec pulita e molto confortevole per me. La madre ospitante si prende cura, inoltre, quando ceniamo, parliamo sempre della storia l&#8217;uno dell&#8217;altro.<br \/>\r\n                     Mi insegna spesso la cultura americana. Penso che questa sia un&#8217;opportunit\u00e0 esclusiva per te. Se preoccupato su dove alloggiare negli USA, ti consiglio vivamente di soggiornare in famiglia.\r\n                  <\/p>\r\n                <\/div>\r\n              <\/div>\r\n              <figure class=\"cover\">\r\n                <img decoding=\"async\" src=\"https:\/\/usssinc.net\/wp-content\/themes\/usss\/images\/img_voice_homestay_03.png\" alt=\"\">\r\n              <\/figure>\r\n            <\/div>\r\n          <\/div>\r\n          <a href=\"https:\/\/usssinc.net\/homestay\" class=\"homestay-button\">Conosci la nostra famiglia<\/a>\r\n        <\/div>\r\n      <\/div>\r\n    <\/section>\r\n  <\/div> <!-- \/\/ #main-contents -->","protected":false},"excerpt":{"rendered":"Residence di lusso Marco Ho alloggiato nel Brockton Residence Dall&#8217;Italia Il Brockton Dorm era al di sopra delle mie aspettative! L&#8217;appartamento era pulito, accogliente e spazioso, mi sono sentito come a casa durante il mio soggiorno. Il quartiere era super sicuro e ben posizionato. Le fermate dell&#8217;autobus si trovano a soli 5 minuti a piedi, [&hellip;]","protected":false},"author":1,"featured_media":0,"parent":0,"menu_order":0,"comment_status":"closed","ping_status":"closed","template":"","meta":[],"yoast_head":"<!-- This site is optimized with the Yoast SEO plugin v20.11 - https:\/\/yoast.com\/wordpress\/plugins\/seo\/ -->\n<title>Student Testimonials - U.S. Support Service Inc<\/title>\n<meta name=\"robots\" content=\"index, follow, max-snippet:-1, max-image-preview:large, max-video-preview:-1\" \/>\n<link rel=\"canonical\" href=\"https:\/\/usssinc.net\/it\/voice\/\" \/>\n<meta property=\"og:locale\" content=\"en_US\" \/>\n<meta property=\"og:type\" content=\"article\" \/>\n<meta property=\"og:title\" content=\"Student Testimonials - U.S. Support Service Inc\" \/>\n<meta property=\"og:description\" content=\"Residence di lusso Marco Ho alloggiato nel Brockton Residence Dall&#8217;Italia Il Brockton Dorm era al di sopra delle mie aspettative! L&#8217;appartamento era pulito, accogliente e spazioso, mi sono sentito come a casa durante il mio soggiorno. Il quartiere era super sicuro e ben posizionato. Le fermate dell&#8217;autobus si trovano a soli 5 minuti a piedi, [&hellip;]\" \/>\n<meta property=\"og:url\" content=\"https:\/\/usssinc.net\/it\/voice\/\" \/>\n<meta property=\"og:site_name\" content=\"U.S. Support Service Inc\" \/>\n<meta property=\"article:modified_time\" content=\"2020-12-23T19:13:02+00:00\" \/>\n<meta property=\"og:image\" content=\"https:\/\/usssinc.net\/wp-content\/themes\/usss\/images\/img_voice_residence_01.png\" \/>\n<meta name=\"twitter:card\" content=\"summary_large_image\" \/>\n<meta name=\"twitter:label1\" content=\"Est. reading time\" \/>\n\t<meta name=\"twitter:data1\" content=\"2 minutes\" \/>\n<script type=\"application\/ld+json\" class=\"yoast-schema-graph\">{\"@context\":\"https:\/\/schema.org\",\"@graph\":[{\"@type\":\"WebPage\",\"@id\":\"https:\/\/usssinc.net\/it\/voice\/\",\"url\":\"https:\/\/usssinc.net\/it\/voice\/\",\"name\":\"Student Testimonials - U.S. Support Service Inc\",\"isPartOf\":{\"@id\":\"https:\/\/usssinc.net\/it\/#website\"},\"datePublished\":\"2020-04-20T03:32:04+00:00\",\"dateModified\":\"2020-12-23T19:13:02+00:00\",\"breadcrumb\":{\"@id\":\"https:\/\/usssinc.net\/it\/voice\/#breadcrumb\"},\"inLanguage\":\"en-US\",\"potentialAction\":[{\"@type\":\"ReadAction\",\"target\":[\"https:\/\/usssinc.net\/it\/voice\/\"]}]},{\"@type\":\"BreadcrumbList\",\"@id\":\"https:\/\/usssinc.net\/it\/voice\/#breadcrumb\",\"itemListElement\":[{\"@type\":\"ListItem\",\"position\":1,\"name\":\"Home\",\"item\":\"https:\/\/usssinc.net\/it\/\"},{\"@type\":\"ListItem\",\"position\":2,\"name\":\"Student Testimonials\"}]},{\"@type\":\"WebSite\",\"@id\":\"https:\/\/usssinc.net\/it\/#website\",\"url\":\"https:\/\/usssinc.net\/it\/\",\"name\":\"U.S. Support Service Inc\",\"description\":\"Just another USSS Inc Sites site\",\"potentialAction\":[{\"@type\":\"SearchAction\",\"target\":{\"@type\":\"EntryPoint\",\"urlTemplate\":\"https:\/\/usssinc.net\/it\/?s={search_term_string}\"},\"query-input\":\"required name=search_term_string\"}],\"inLanguage\":\"en-US\"}]}<\/script>\n<!-- \/ Yoast SEO plugin. -->","yoast_head_json":{"title":"Student Testimonials - U.S. Support Service Inc","robots":{"index":"index","follow":"follow","max-snippet":"max-snippet:-1","max-image-preview":"max-image-preview:large","max-video-preview":"max-video-preview:-1"},"canonical":"https:\/\/usssinc.net\/it\/voice\/","og_locale":"en_US","og_type":"article","og_title":"Student Testimonials - U.S. Support Service Inc","og_description":"Residence di lusso Marco Ho alloggiato nel Brockton Residence Dall&#8217;Italia Il Brockton Dorm era al di sopra delle mie aspettative! L&#8217;appartamento era pulito, accogliente e spazioso, mi sono sentito come a casa durante il mio soggiorno. Il quartiere era super sicuro e ben posizionato. Le fermate dell&#8217;autobus si trovano a soli 5 minuti a piedi, [&hellip;]","og_url":"https:\/\/usssinc.net\/it\/voice\/","og_site_name":"U.S. Support Service Inc","article_modified_time":"2020-12-23T19:13:02+00:00","og_image":[{"url":"https:\/\/usssinc.net\/wp-content\/themes\/usss\/images\/img_voice_residence_01.png"}],"twitter_card":"summary_large_image","twitter_misc":{"Est. reading time":"2 minutes"},"schema":{"@context":"https:\/\/schema.org","@graph":[{"@type":"WebPage","@id":"https:\/\/usssinc.net\/it\/voice\/","url":"https:\/\/usssinc.net\/it\/voice\/","name":"Student Testimonials - U.S. Support Service Inc","isPartOf":{"@id":"https:\/\/usssinc.net\/it\/#website"},"datePublished":"2020-04-20T03:32:04+00:00","dateModified":"2020-12-23T19:13:02+00:00","breadcrumb":{"@id":"https:\/\/usssinc.net\/it\/voice\/#breadcrumb"},"inLanguage":"en-US","potentialAction":[{"@type":"ReadAction","target":["https:\/\/usssinc.net\/it\/voice\/"]}]},{"@type":"BreadcrumbList","@id":"https:\/\/usssinc.net\/it\/voice\/#breadcrumb","itemListElement":[{"@type":"ListItem","position":1,"name":"Home","item":"https:\/\/usssinc.net\/it\/"},{"@type":"ListItem","position":2,"name":"Student Testimonials"}]},{"@type":"WebSite","@id":"https:\/\/usssinc.net\/it\/#website","url":"https:\/\/usssinc.net\/it\/","name":"U.S. Support Service Inc","description":"Just another USSS Inc Sites site","potentialAction":[{"@type":"SearchAction","target":{"@type":"EntryPoint","urlTemplate":"https:\/\/usssinc.net\/it\/?s={search_term_string}"},"query-input":"required name=search_term_string"}],"inLanguage":"en-US"}]}},"_links":{"self":[{"href":"https:\/\/usssinc.net\/it\/wp-json\/wp\/v2\/pages\/52"}],"collection":[{"href":"https:\/\/usssinc.net\/it\/wp-json\/wp\/v2\/pages"}],"about":[{"href":"https:\/\/usssinc.net\/it\/wp-json\/wp\/v2\/types\/page"}],"author":[{"embeddable":true,"href":"https:\/\/usssinc.net\/it\/wp-json\/wp\/v2\/users\/1"}],"replies":[{"embeddable":true,"href":"https:\/\/usssinc.net\/it\/wp-json\/wp\/v2\/comments?post=52"}],"version-history":[{"count":3,"href":"https:\/\/usssinc.net\/it\/wp-json\/wp\/v2\/pages\/52\/revisions"}],"predecessor-version":[{"id":346,"href":"https:\/\/usssinc.net\/it\/wp-json\/wp\/v2\/pages\/52\/revisions\/346"}],"wp:attachment":[{"href":"https:\/\/usssinc.net\/it\/wp-json\/wp\/v2\/media?parent=52"}],"curies":[{"name":"wp","href":"https:\/\/api.w.org\/{rel}","templated":true}]}}