{"id":55,"date":"2020-04-20T03:35:53","date_gmt":"2020-04-20T03:35:53","guid":{"rendered":"https:\/\/wp.usssinc.net\/?page_id=55"},"modified":"2020-12-09T19:43:07","modified_gmt":"2020-12-09T19:43:07","slug":"flow","status":"publish","type":"page","link":"https:\/\/usssinc.net\/it\/flow\/","title":{"rendered":"How to apply"},"content":{"rendered":"<div id=\"main-contents\" class=\"page-flow\"> <!-- #main-contents -->\r\n  <span class=\"flow-title\">Dal processo di iscrizione al check-in<\/span>\r\n  <section class=\"flow\">\r\n    <div class=\"wrapper\">\r\n      <div class=\"flow-contents\">\r\n        <div class=\"tabs-stage\">\r\n          <ul class=\"flow-lists\">\r\n            <li class=\"flow-lists--item\">\r\n              <b class=\"num\">1.<\/b>\r\n              <figure class=\"flow-cover\">\r\n                <img decoding=\"async\" src=\"https:\/\/usssinc.net\/wp-content\/themes\/usss\/images\/icon_flow_01.png\" alt=\"\">\r\n              <\/figure>\r\n              <span class=\"inner-title-sp\"> Verifica prima la disponibilit\u00e0\uff01<\/span>\r\n              <div class=\"flow-info\">\r\n                <span class=\"inner-title\">Verifica prima la disponibilit\u00e0\uff01<\/span>\r\n                <p class=\"flow-description\">\r\n                  Verifica la disponibilit\u00e0 compilando la sezione per residenza \/ luogo \/ tipologia di camera \/ modalit\u00e0 di soggiorno preferiti.\r\nIl nostro staff verificher\u00e0 la disponibilit\u00e0 e ti contatter\u00e0. Fateci sapere se avete domande o dubbi.\r\n                <\/p>\r\n                <a href=\"\/wp-content\/themes\/usss\/en\/document\/\" class=\"btn\">Verifica la disponibilit\u00e0\uff01<\/a>\r\n              <\/div>\r\n            <\/li>\r\n            <li class=\"flow-lists--item\">\r\n              <b class=\"num\">2.<\/b>\r\n              <figure class=\"flow-cover\">\r\n                <img decoding=\"async\" src=\"https:\/\/usssinc.net\/wp-content\/themes\/usss\/images\/icon_flow_02.png\" alt=\"\">\r\n              <\/figure>\r\n              <span class=\"inner-title-sp\">Iscriviti online\uff01<\/span>\r\n              <div class=\"flow-info\">\r\n                <span class=\"inner-title\">Iscriviti online\uff01<\/span>\r\n                <p class=\"flow-description\">\r\n                  Si prega di compilare tutte le sezioni della nostra domanda di iscrizione online. \r\nUna volta terminato il processo di iscrizione, ti verr\u00e0 addebitata una quota di iscrizione. Una volta terminato il processo di pagamento, il nostro staff ti contatter\u00e0.\r\n                <\/p>\r\n                <a href=\"https:\/\/usssinc.net\/booking\/\" class=\"btn\">Vai alla domanda online<\/a>\r\n              <\/div>\r\n            <\/li>\r\n            <li class=\"flow-lists--item\">\r\n              <b class=\"num\">3.<\/b>\r\n              <figure class=\"flow-cover\">\r\n                <img decoding=\"async\" src=\"https:\/\/usssinc.net\/wp-content\/themes\/usss\/images\/icon_flow_03.png\" alt=\"\">\r\n              <\/figure>\r\n              <span class=\"inner-title-sp\">Invia le informazioni sul volo\uff01<\/span>\r\n              <div class=\"flow-info\">\r\n                <span class=\"inner-title\">Invia le informazioni sul volo\uff01<\/span>\r\n                <p class=\"flow-description\">\r\n                  Una volta confermato il volo, inviaci il numero del volo, l&#8217;orario di arrivo e la data di arrivo almeno due settimane prima della data di partenza.\r\n                <\/p>\r\n              <\/div>\r\n            <\/li>\r\n            <li class=\"flow-lists--item\">\r\n              <b class=\"num\">4.<\/b>\r\n              <figure class=\"flow-cover\">\r\n                <i class=\"fas fa-file-alt\"><\/i>\r\n              <\/figure>\r\n              <span class=\"inner-title-sp\">Due settimane prima della partenza\uff01<\/span>\r\n              <div class=\"flow-info\">\r\n                <span class=\"inner-title\">Due settimane prima della partenza\uff01<\/span>\r\n                <p class=\"flow-description\">\r\n                  Il nostro staff ti invier\u00e0 una conferma finale con i dettagli dell&#8217;alloggio\r\n                <\/p>\r\n              <\/div>\r\n            <\/li>\r\n            <li class=\"flow-lists--item\">\r\n              <div class=\"flow-info\">\r\n                <p class=\"flow-description\">\r\n                  <span class=\"num\">5.<\/span>Finalmente prepariamoci per partire per Los Angeles!\r\n                <\/p>\r\n              <\/div>\r\n            <\/li>\r\n            <li class=\"flow-lists--item\">\r\n              <b class=\"num\">6.<\/b>\r\n              <figure class=\"flow-cover\">\r\n                <img decoding=\"async\" src=\"https:\/\/usssinc.net\/wp-content\/themes\/usss\/images\/icon_flow_06.png\" alt=\"\">\r\n              <\/figure>\r\n              <span class=\"inner-title-sp\">Pickup dall&#8217;aeroporto  <\/span>\r\n              <div class=\"flow-info\">\r\n                <span class=\"inner-title\">Pickup dall&#8217;aeroporto  <\/span>\r\n                <p class=\"flow-description\">\r\n                  Il nostro personale verr\u00e0 a prendervi all&#8217;aeroporto\r\n                <\/p>\r\n              <\/div>\r\n            <\/li>\r\n            <li class=\"flow-lists--item\">\r\n              <b class=\"num\">7.<\/b>\r\n              <figure class=\"flow-cover\">\r\n                <img decoding=\"async\" src=\"https:\/\/usssinc.net\/wp-content\/themes\/usss\/images\/icon_flow_07.png\" alt=\"\">\r\n              <\/figure>\r\n              <span class=\"inner-title-sp\">Arrivo all&#8217;alloggio <\/span>\r\n              <div class=\"flow-info\">\r\n                <span class=\"inner-title\">Arrivo all&#8217;alloggio <\/span>\r\n                <p class=\"flow-description\">\r\n                  Una volta arrivato al residence, ti verr\u00e0 richiesto di pagare il tuo deposito cauzionale. Il nostro staff ti aiuter\u00e0 con il processo di check-in\r\n                <\/p>\r\n              <\/div>\r\n            <\/li>\r\n            <li class=\"flow-lists--item\">\r\n              <b class=\"num\">8.<\/b>\r\n              <figure class=\"flow-cover\">\r\n                <i class=\"far fa-smile\"><\/i>\r\n              <\/figure>\r\n              <span class=\"inner-title-sp\">Preparati per una nuova vita!<\/span>\r\n              <div class=\"flow-info\">\r\n                <span class=\"inner-title\">Preparati per una nuova vita!<\/span>\r\n                <p class=\"flow-description\">\r\n                  Goditi la tua nuova vita a LA! Si prega di contattare il nostro staff in qualsiasi momento in caso di domande, problemi o dubbi\r\n                <\/p>\r\n              <\/div>\r\n            <\/li>\r\n          <\/ul>\r\n        <\/div>\r\n      <\/div>\r\n    <\/div>\r\n  <\/section>\r\n  <\/div> <!-- \/\/ #main-contents -->","protected":false},"excerpt":{"rendered":"Dal processo di iscrizione al check-in 1. Verifica prima la disponibilit\u00e0\uff01 Verifica prima la disponibilit\u00e0\uff01 Verifica la disponibilit\u00e0 compilando la sezione per residenza \/ luogo \/ tipologia di camera \/ modalit\u00e0 di soggiorno preferiti. Il nostro staff verificher\u00e0 la disponibilit\u00e0 e ti contatter\u00e0. Fateci sapere se avete domande o dubbi. Verifica la disponibilit\u00e0\uff01 2. Iscriviti [&hellip;]","protected":false},"author":1,"featured_media":0,"parent":0,"menu_order":0,"comment_status":"closed","ping_status":"closed","template":"","meta":[],"yoast_head":"<!-- This site is optimized with the Yoast SEO plugin v20.11 - https:\/\/yoast.com\/wordpress\/plugins\/seo\/ -->\n<title>How to apply - U.S. Support Service Inc<\/title>\n<meta name=\"robots\" content=\"index, follow, max-snippet:-1, max-image-preview:large, max-video-preview:-1\" \/>\n<link rel=\"canonical\" href=\"https:\/\/usssinc.net\/it\/flow\/\" \/>\n<meta property=\"og:locale\" content=\"en_US\" \/>\n<meta property=\"og:type\" content=\"article\" \/>\n<meta property=\"og:title\" content=\"How to apply - U.S. Support Service Inc\" \/>\n<meta property=\"og:description\" content=\"Dal processo di iscrizione al check-in 1. Verifica prima la disponibilit\u00e0\uff01 Verifica prima la disponibilit\u00e0\uff01 Verifica la disponibilit\u00e0 compilando la sezione per residenza \/ luogo \/ tipologia di camera \/ modalit\u00e0 di soggiorno preferiti. Il nostro staff verificher\u00e0 la disponibilit\u00e0 e ti contatter\u00e0. Fateci sapere se avete domande o dubbi. Verifica la disponibilit\u00e0\uff01 2. Iscriviti [&hellip;]\" \/>\n<meta property=\"og:url\" content=\"https:\/\/usssinc.net\/it\/flow\/\" \/>\n<meta property=\"og:site_name\" content=\"U.S. Support Service Inc\" \/>\n<meta property=\"article:modified_time\" content=\"2020-12-09T19:43:07+00:00\" \/>\n<meta property=\"og:image\" content=\"https:\/\/usssinc.net\/wp-content\/themes\/usss\/images\/icon_flow_01.png\" \/>\n<meta name=\"twitter:card\" content=\"summary_large_image\" \/>\n<meta name=\"twitter:label1\" content=\"Est. reading time\" \/>\n\t<meta name=\"twitter:data1\" content=\"1 minute\" \/>\n<script type=\"application\/ld+json\" class=\"yoast-schema-graph\">{\"@context\":\"https:\/\/schema.org\",\"@graph\":[{\"@type\":\"WebPage\",\"@id\":\"https:\/\/usssinc.net\/it\/flow\/\",\"url\":\"https:\/\/usssinc.net\/it\/flow\/\",\"name\":\"How to apply - U.S. Support Service Inc\",\"isPartOf\":{\"@id\":\"https:\/\/usssinc.net\/it\/#website\"},\"datePublished\":\"2020-04-20T03:35:53+00:00\",\"dateModified\":\"2020-12-09T19:43:07+00:00\",\"breadcrumb\":{\"@id\":\"https:\/\/usssinc.net\/it\/flow\/#breadcrumb\"},\"inLanguage\":\"en-US\",\"potentialAction\":[{\"@type\":\"ReadAction\",\"target\":[\"https:\/\/usssinc.net\/it\/flow\/\"]}]},{\"@type\":\"BreadcrumbList\",\"@id\":\"https:\/\/usssinc.net\/it\/flow\/#breadcrumb\",\"itemListElement\":[{\"@type\":\"ListItem\",\"position\":1,\"name\":\"Home\",\"item\":\"https:\/\/usssinc.net\/it\/\"},{\"@type\":\"ListItem\",\"position\":2,\"name\":\"How to apply\"}]},{\"@type\":\"WebSite\",\"@id\":\"https:\/\/usssinc.net\/it\/#website\",\"url\":\"https:\/\/usssinc.net\/it\/\",\"name\":\"U.S. Support Service Inc\",\"description\":\"Just another USSS Inc Sites site\",\"potentialAction\":[{\"@type\":\"SearchAction\",\"target\":{\"@type\":\"EntryPoint\",\"urlTemplate\":\"https:\/\/usssinc.net\/it\/?s={search_term_string}\"},\"query-input\":\"required name=search_term_string\"}],\"inLanguage\":\"en-US\"}]}<\/script>\n<!-- \/ Yoast SEO plugin. -->","yoast_head_json":{"title":"How to apply - U.S. Support Service Inc","robots":{"index":"index","follow":"follow","max-snippet":"max-snippet:-1","max-image-preview":"max-image-preview:large","max-video-preview":"max-video-preview:-1"},"canonical":"https:\/\/usssinc.net\/it\/flow\/","og_locale":"en_US","og_type":"article","og_title":"How to apply - U.S. Support Service Inc","og_description":"Dal processo di iscrizione al check-in 1. Verifica prima la disponibilit\u00e0\uff01 Verifica prima la disponibilit\u00e0\uff01 Verifica la disponibilit\u00e0 compilando la sezione per residenza \/ luogo \/ tipologia di camera \/ modalit\u00e0 di soggiorno preferiti. Il nostro staff verificher\u00e0 la disponibilit\u00e0 e ti contatter\u00e0. Fateci sapere se avete domande o dubbi. Verifica la disponibilit\u00e0\uff01 2. Iscriviti [&hellip;]","og_url":"https:\/\/usssinc.net\/it\/flow\/","og_site_name":"U.S. Support Service Inc","article_modified_time":"2020-12-09T19:43:07+00:00","og_image":[{"url":"https:\/\/usssinc.net\/wp-content\/themes\/usss\/images\/icon_flow_01.png"}],"twitter_card":"summary_large_image","twitter_misc":{"Est. reading time":"1 minute"},"schema":{"@context":"https:\/\/schema.org","@graph":[{"@type":"WebPage","@id":"https:\/\/usssinc.net\/it\/flow\/","url":"https:\/\/usssinc.net\/it\/flow\/","name":"How to apply - U.S. Support Service Inc","isPartOf":{"@id":"https:\/\/usssinc.net\/it\/#website"},"datePublished":"2020-04-20T03:35:53+00:00","dateModified":"2020-12-09T19:43:07+00:00","breadcrumb":{"@id":"https:\/\/usssinc.net\/it\/flow\/#breadcrumb"},"inLanguage":"en-US","potentialAction":[{"@type":"ReadAction","target":["https:\/\/usssinc.net\/it\/flow\/"]}]},{"@type":"BreadcrumbList","@id":"https:\/\/usssinc.net\/it\/flow\/#breadcrumb","itemListElement":[{"@type":"ListItem","position":1,"name":"Home","item":"https:\/\/usssinc.net\/it\/"},{"@type":"ListItem","position":2,"name":"How to apply"}]},{"@type":"WebSite","@id":"https:\/\/usssinc.net\/it\/#website","url":"https:\/\/usssinc.net\/it\/","name":"U.S. Support Service Inc","description":"Just another USSS Inc Sites site","potentialAction":[{"@type":"SearchAction","target":{"@type":"EntryPoint","urlTemplate":"https:\/\/usssinc.net\/it\/?s={search_term_string}"},"query-input":"required name=search_term_string"}],"inLanguage":"en-US"}]}},"_links":{"self":[{"href":"https:\/\/usssinc.net\/it\/wp-json\/wp\/v2\/pages\/55"}],"collection":[{"href":"https:\/\/usssinc.net\/it\/wp-json\/wp\/v2\/pages"}],"about":[{"href":"https:\/\/usssinc.net\/it\/wp-json\/wp\/v2\/types\/page"}],"author":[{"embeddable":true,"href":"https:\/\/usssinc.net\/it\/wp-json\/wp\/v2\/users\/1"}],"replies":[{"embeddable":true,"href":"https:\/\/usssinc.net\/it\/wp-json\/wp\/v2\/comments?post=55"}],"version-history":[{"count":2,"href":"https:\/\/usssinc.net\/it\/wp-json\/wp\/v2\/pages\/55\/revisions"}],"predecessor-version":[{"id":338,"href":"https:\/\/usssinc.net\/it\/wp-json\/wp\/v2\/pages\/55\/revisions\/338"}],"wp:attachment":[{"href":"https:\/\/usssinc.net\/it\/wp-json\/wp\/v2\/media?parent=55"}],"curies":[{"name":"wp","href":"https:\/\/api.w.org\/{rel}","templated":true}]}}