{"id":11,"date":"2020-04-15T02:25:27","date_gmt":"2020-04-15T02:25:27","guid":{"rendered":"https:\/\/wp.usssinc.net\/?page_id=5"},"modified":"2020-12-08T17:43:52","modified_gmt":"2020-12-08T17:43:52","slug":"about","status":"publish","type":"page","link":"https:\/\/usssinc.net\/por\/about\/","title":{"rendered":"About"},"content":{"rendered":"<div id=\"main-contents\" class=\"page-about\"> <!-- #main-contents -->\r\n  <section class=\"goal\">\r\n    <div class=\"goal-contents\">\r\n      <p class=\"goal-title\">Nosso objetivo<span>Alta experi\u00eancia por baixo pre\u00e7o<\/span><\/p>\r\n      <div class=\"wrapper\">\r\n        <span class=\"goal-description\">\r\n          USSS, Student Services INC. (EUA)\r\n        <\/span>\r\n        <span class=\"goal-description\">\r\n          A USSS atender\u00e1 a diversidade de solicita\u00e7\u00f5es com \r\nacomoda\u00e7\u00f5es e servi\u00e7os de alta qualidade a um pre\u00e7o razo\u00e1vel\r\n        <\/span>\r\n        <span class=\"goal-description\">Los Angeles &#8211; uma das cidades mais multiculturais da Am\u00e9rica.<br \/>\r\n          Iremos apoi\u00e1-lo e fornecer-lhe acomoda\u00e7\u00e3o segura e confort\u00e1vel.<br \/>\r\n          Al\u00e9m de nossa assist\u00eancia em acomoda\u00e7\u00e3o, tamb\u00e9m forneceremos suporte com nossos programas parceiros de ESL e Dan\u00e7a.\r\n        <\/span>\r\n        <span class=\"goal-description\">\r\n        A fam\u00edlia anfitri\u00e3, cuidadosamente selecionada, ir\u00e1 receb\u00ea-lo como um membro de sua pr\u00f3pria fam\u00edlia. Para fazer voc\u00ea se sentir bem-vindo e maximizar sua experi\u00eancia cultural\r\n        <\/span>\r\n      <\/div>\r\n    <\/div>\r\n  <\/section>\r\n  <section class=\"about-staff\">\r\n    <h2 class=\"about-staff-title\">Aqui est\u00e3o os membros da nossa equipe que ir\u00e3o apoi\u00e1-lo<br \/>Suporte em 10 idiomas diferentes<\/h2>\r\n    <div class=\"wrapper\">\r\n      <div class=\"about-staff-contents\">\r\n        <div class=\"staff-item\">\r\n          <figure class=\"staff-cover\">\r\n            <img decoding=\"async\" src=\"https:\/\/wp.usssinc.net\/wp-content\/themes\/usss\/images\/staff_img_01.png\" alt=\"\">\r\n          <\/figure>\r\n          <h3 class=\"staff-title\">Westwood Area<\/h3>\r\n        <\/div>\r\n        <div class=\"staff-item\">\r\n          <figure class=\"staff-cover\">\r\n            <img decoding=\"async\" src=\"https:\/\/wp.usssinc.net\/wp-content\/themes\/usss\/images\/staff_img_02.png\" alt=\"\">\r\n          <\/figure>\r\n          <h3 class=\"staff-title\">Hollywood Area<\/h3>\r\n        <\/div>\r\n      <\/div>\r\n    <\/div>\r\n  <\/section>\r\n  <\/div> <!-- \/\/ #main-contents -->","protected":false},"excerpt":{"rendered":"Nosso objetivoAlta experi\u00eancia por baixo pre\u00e7o USSS, Student Services INC. (EUA) A USSS atender\u00e1 a diversidade de solicita\u00e7\u00f5es com acomoda\u00e7\u00f5es e servi\u00e7os de alta qualidade a um pre\u00e7o razo\u00e1vel Los Angeles &#8211; uma das cidades mais multiculturais da Am\u00e9rica. Iremos apoi\u00e1-lo e fornecer-lhe acomoda\u00e7\u00e3o segura e confort\u00e1vel. Al\u00e9m de nossa assist\u00eancia em acomoda\u00e7\u00e3o, tamb\u00e9m forneceremos [&hellip;]","protected":false},"author":1,"featured_media":0,"parent":0,"menu_order":0,"comment_status":"closed","ping_status":"closed","template":"","meta":[],"yoast_head":"<!-- This site is optimized with the Yoast SEO plugin v20.11 - https:\/\/yoast.com\/wordpress\/plugins\/seo\/ -->\n<title>About - U.S. Support Service Inc<\/title>\n<meta name=\"robots\" content=\"index, follow, max-snippet:-1, max-image-preview:large, max-video-preview:-1\" \/>\n<link rel=\"canonical\" href=\"https:\/\/usssinc.net\/por\/about\/\" \/>\n<meta property=\"og:locale\" content=\"en_US\" \/>\n<meta property=\"og:type\" content=\"article\" \/>\n<meta property=\"og:title\" content=\"About - U.S. Support Service Inc\" \/>\n<meta property=\"og:description\" content=\"Nosso objetivoAlta experi\u00eancia por baixo pre\u00e7o USSS, Student Services INC. (EUA) A USSS atender\u00e1 a diversidade de solicita\u00e7\u00f5es com acomoda\u00e7\u00f5es e servi\u00e7os de alta qualidade a um pre\u00e7o razo\u00e1vel Los Angeles &#8211; uma das cidades mais multiculturais da Am\u00e9rica. Iremos apoi\u00e1-lo e fornecer-lhe acomoda\u00e7\u00e3o segura e confort\u00e1vel. Al\u00e9m de nossa assist\u00eancia em acomoda\u00e7\u00e3o, tamb\u00e9m forneceremos [&hellip;]\" \/>\n<meta property=\"og:url\" content=\"https:\/\/usssinc.net\/por\/about\/\" \/>\n<meta property=\"og:site_name\" content=\"U.S. Support Service Inc\" \/>\n<meta property=\"article:modified_time\" content=\"2020-12-08T17:43:52+00:00\" \/>\n<meta property=\"og:image\" content=\"https:\/\/wp.usssinc.net\/wp-content\/themes\/usss\/images\/staff_img_01.png\" \/>\n<meta name=\"twitter:card\" content=\"summary_large_image\" \/>\n<meta name=\"twitter:label1\" content=\"Est. reading time\" \/>\n\t<meta name=\"twitter:data1\" content=\"1 minute\" \/>\n<script type=\"application\/ld+json\" class=\"yoast-schema-graph\">{\"@context\":\"https:\/\/schema.org\",\"@graph\":[{\"@type\":\"WebPage\",\"@id\":\"https:\/\/usssinc.net\/por\/about\/\",\"url\":\"https:\/\/usssinc.net\/por\/about\/\",\"name\":\"About - U.S. Support Service Inc\",\"isPartOf\":{\"@id\":\"https:\/\/usssinc.net\/por\/#website\"},\"datePublished\":\"2020-04-15T02:25:27+00:00\",\"dateModified\":\"2020-12-08T17:43:52+00:00\",\"breadcrumb\":{\"@id\":\"https:\/\/usssinc.net\/por\/about\/#breadcrumb\"},\"inLanguage\":\"en-US\",\"potentialAction\":[{\"@type\":\"ReadAction\",\"target\":[\"https:\/\/usssinc.net\/por\/about\/\"]}]},{\"@type\":\"BreadcrumbList\",\"@id\":\"https:\/\/usssinc.net\/por\/about\/#breadcrumb\",\"itemListElement\":[{\"@type\":\"ListItem\",\"position\":1,\"name\":\"Home\",\"item\":\"https:\/\/usssinc.net\/por\/\"},{\"@type\":\"ListItem\",\"position\":2,\"name\":\"About\"}]},{\"@type\":\"WebSite\",\"@id\":\"https:\/\/usssinc.net\/por\/#website\",\"url\":\"https:\/\/usssinc.net\/por\/\",\"name\":\"U.S. Support Service Inc\",\"description\":\"Just another USSS Inc Sites site\",\"potentialAction\":[{\"@type\":\"SearchAction\",\"target\":{\"@type\":\"EntryPoint\",\"urlTemplate\":\"https:\/\/usssinc.net\/por\/?s={search_term_string}\"},\"query-input\":\"required name=search_term_string\"}],\"inLanguage\":\"en-US\"}]}<\/script>\n<!-- \/ Yoast SEO plugin. -->","yoast_head_json":{"title":"About - U.S. Support Service Inc","robots":{"index":"index","follow":"follow","max-snippet":"max-snippet:-1","max-image-preview":"max-image-preview:large","max-video-preview":"max-video-preview:-1"},"canonical":"https:\/\/usssinc.net\/por\/about\/","og_locale":"en_US","og_type":"article","og_title":"About - U.S. Support Service Inc","og_description":"Nosso objetivoAlta experi\u00eancia por baixo pre\u00e7o USSS, Student Services INC. (EUA) A USSS atender\u00e1 a diversidade de solicita\u00e7\u00f5es com acomoda\u00e7\u00f5es e servi\u00e7os de alta qualidade a um pre\u00e7o razo\u00e1vel Los Angeles &#8211; uma das cidades mais multiculturais da Am\u00e9rica. Iremos apoi\u00e1-lo e fornecer-lhe acomoda\u00e7\u00e3o segura e confort\u00e1vel. Al\u00e9m de nossa assist\u00eancia em acomoda\u00e7\u00e3o, tamb\u00e9m forneceremos [&hellip;]","og_url":"https:\/\/usssinc.net\/por\/about\/","og_site_name":"U.S. Support Service Inc","article_modified_time":"2020-12-08T17:43:52+00:00","og_image":[{"url":"https:\/\/wp.usssinc.net\/wp-content\/themes\/usss\/images\/staff_img_01.png"}],"twitter_card":"summary_large_image","twitter_misc":{"Est. reading time":"1 minute"},"schema":{"@context":"https:\/\/schema.org","@graph":[{"@type":"WebPage","@id":"https:\/\/usssinc.net\/por\/about\/","url":"https:\/\/usssinc.net\/por\/about\/","name":"About - U.S. Support Service Inc","isPartOf":{"@id":"https:\/\/usssinc.net\/por\/#website"},"datePublished":"2020-04-15T02:25:27+00:00","dateModified":"2020-12-08T17:43:52+00:00","breadcrumb":{"@id":"https:\/\/usssinc.net\/por\/about\/#breadcrumb"},"inLanguage":"en-US","potentialAction":[{"@type":"ReadAction","target":["https:\/\/usssinc.net\/por\/about\/"]}]},{"@type":"BreadcrumbList","@id":"https:\/\/usssinc.net\/por\/about\/#breadcrumb","itemListElement":[{"@type":"ListItem","position":1,"name":"Home","item":"https:\/\/usssinc.net\/por\/"},{"@type":"ListItem","position":2,"name":"About"}]},{"@type":"WebSite","@id":"https:\/\/usssinc.net\/por\/#website","url":"https:\/\/usssinc.net\/por\/","name":"U.S. Support Service Inc","description":"Just another USSS Inc Sites site","potentialAction":[{"@type":"SearchAction","target":{"@type":"EntryPoint","urlTemplate":"https:\/\/usssinc.net\/por\/?s={search_term_string}"},"query-input":"required name=search_term_string"}],"inLanguage":"en-US"}]}},"_links":{"self":[{"href":"https:\/\/usssinc.net\/por\/wp-json\/wp\/v2\/pages\/11"}],"collection":[{"href":"https:\/\/usssinc.net\/por\/wp-json\/wp\/v2\/pages"}],"about":[{"href":"https:\/\/usssinc.net\/por\/wp-json\/wp\/v2\/types\/page"}],"author":[{"embeddable":true,"href":"https:\/\/usssinc.net\/por\/wp-json\/wp\/v2\/users\/1"}],"replies":[{"embeddable":true,"href":"https:\/\/usssinc.net\/por\/wp-json\/wp\/v2\/comments?post=11"}],"version-history":[{"count":2,"href":"https:\/\/usssinc.net\/por\/wp-json\/wp\/v2\/pages\/11\/revisions"}],"predecessor-version":[{"id":328,"href":"https:\/\/usssinc.net\/por\/wp-json\/wp\/v2\/pages\/11\/revisions\/328"}],"wp:attachment":[{"href":"https:\/\/usssinc.net\/por\/wp-json\/wp\/v2\/media?parent=11"}],"curies":[{"name":"wp","href":"https:\/\/api.w.org\/{rel}","templated":true}]}}