{"id":164,"date":"2020-05-06T01:57:58","date_gmt":"2020-05-06T01:57:58","guid":{"rendered":"https:\/\/wp.usssinc.net\/?page_id=164"},"modified":"2021-01-11T18:44:37","modified_gmt":"2021-01-11T18:44:37","slug":"other","status":"publish","type":"page","link":"https:\/\/usssinc.net\/por\/other\/","title":{"rendered":"Pay"},"content":{"rendered":"<?php \/* Template Name: Other Page EN *\/ ?>\r\n\r\n<?php get_header(''); ?>\r\n\r\n<section id=\"banner\" class=\"banner-bottom\">\r\n    <div class=\"banner-slide\">\r\n      <div class=\"banner-slide--item\">\r\n        <figure class=\"banner-cover\" style=\"background-image: url('<?php echo get_template_directory_uri(); ?>\/images\/banner_bottom.png&#8217;);&#8221;>\r\n            <div class=\"banner-info\">\r\n              <h2 class=\"banner-title\">\r\n              Pagamento\r\n              <\/h2>\r\n            <\/div>\r\n        <\/figure>\r\n      <\/div>\r\n    <\/div>\r\n    <a href=\"#main-contents\" class=\"scroll-button\">Role<\/a>\r\n  <\/section>\r\n\r\n<div id=\"contents-wrap\"> <!-- #contents-wrap -->\r\n  <div id=\"main-contents\" class=\"page-payother\"> <!-- #main-contents -->\r\n\r\n  <section class=\"download\">\r\n    <div class=\"wrapper\">\r\n      <h2 class=\"download-title\">Voc\u00ea pode pagar seu aluguel e enviar outros pagamentos nesta p\u00e1gina.<br>Por favor, preencha as informa\u00e7\u00f5es abaixo<\/h2>\r\n      <div class=\"download-contents\">\r\n        <span class=\"download-text\">*Obrigat\u00f3rio<\/span>\r\n        <form action=\"<?php echo esc_url( home_url( '\/' )); ?>other\/confirm\/&#8221; method=&#8221;post&#8221;>\r\n          <table class=\"download-table\">\r\n            <tr>\r\n              <td>Nome:<\/td>\r\n              <td>\r\n                <div class=\"select-wrapper\">\r\n                  <span>Nome<\/span>\r\n                  <input type=\"text\" name=\"fname\" placeholder=\"\" required>\r\n                <\/div>\r\n                <div class=\"select-wrapper\">\r\n                  <span>Sobrenome<\/span>\r\n                  <input type=\"text\" name=\"lname\" placeholder=\"\" required>\r\n                <\/div>\r\n              <\/td>\r\n            <\/tr>\r\n            <tr>\r\n              <td>Data de nascimento:<\/td>\r\n              <td>\r\n                <div class=\"select-wrapper select-date\">\r\n                  <input type=\"text\" name=\"bmonth\" placeholder=\"Month\" required>\r\n                <\/div>\r\n                <div class=\"select-wrapper select-date\">\r\n                  <input type=\"text\" name=\"bdate\" placeholder=\"Date\" required>\r\n                <\/div>\r\n                <div class=\"select-wrapper select-date\">\r\n                  <input type=\"text\" name=\"byear\" placeholder=\"Year\" required>\r\n                <\/div>\r\n              <\/td>\r\n            <\/tr>\r\n            <tr>\r\n              <td>Email*<\/td>\r\n              <td>\r\n                <input type=\"email\" name=\"email\" id=\"email\" required>\r\n                <span class=\"confirm\">Por favor, verifique o email novamente<\/span>\r\n                <input type=\"email\" name=\"email\" id=\"confemail\" onblur=\"confirmEmail()\">\r\n                <span class=\"err\"><\/span>\r\n                <div class=\"select-wrapper select-block\">\r\n              <\/td>\r\n            <\/tr>\r\n          <\/table>\r\n          <div class=\"detail\">\r\n            <div class=\"detail-contents\">\r\n              <span class=\"detail-title\">Detalhes do pagamento<\/span>\r\n              <span class=\"detail-subtitle\">Por favor, insira o valor que enviamos por e-mail.<\/span>\r\n              <table class=\"detail-table\">\r\n                <tr>\r\n                  <td>\r\n                  <span class=\"sign\">\uff04<\/span>  <input type=\"number\" id=\"txtValue\" name=\"total\" placeholder=\"0\" min=\"0\" step=\"0.01\">\r\n                  <\/td>\r\n                <\/tr>\r\n                <tr>\r\n                  <td><p>Valor total do pagamento<\/p><span class=\"total\">\uff04<\/span><span class=\"total\" id=\"txtTotal\">0<\/span><\/td>\r\n                <\/tr>\r\n              <\/table>\r\n            <\/div>\r\n          <\/div>\r\n\r\n          <div class=\"policy\">\r\n              <span class=\"inner-title\">Pol\u00edtica de cancelamento<\/span>\r\n              <p>\r\n              Pol\u00edtica de Reembolso da U.S. Support Services Inc.<br>\r\n              <br>\r\n              Voc\u00ea pode cancelar sua reserva a qualquer momento. No entanto, o valor do reembolso \u00e9 baseado nos seguintes termos de reembolso. Informe nosso escrit\u00f3rio na U.S. Support Services Inc. se voc\u00ea pretende cancelar. <br><br>\r\n              Se voc\u00ea cancelar mais de 30 dias antes da data programada de estadia, a U.S. Support Services Inc. reembolsar\u00e1 100% do valor que voc\u00ea depositou. Se voc\u00ea nos notificar sobre seu cancelamento dentro de 30 dias antes da data programada de resid\u00eancia, voc\u00ea ainda ter\u00e1 que pagar a taxa de aplica\u00e7\u00e3o ($ 270 ou $ 300, para acomoda\u00e7\u00e3o em dormit\u00f3rio ou casa de fam\u00edlia, respectivamente). Al\u00e9m disso, voc\u00ea \u00e9 respons\u00e1vel pelo aluguel que seria pago nas 4 semanas seguintes \u00e0 data de cancelamento, de acordo com os regulamentos de habita\u00e7\u00e3o da Calif\u00f3rnia.<br><br>\r\n              Por exemplo, se voc\u00ea cancelou em 29\/01 &#8211; uma semana antes do in\u00edcio da sua estadia: Para um per\u00edodo de solicita\u00e7\u00e3o de estadia de 01\/02\/2020 &#8211; 15\/02\/2020 (ou seja, um per\u00edodo de estadia de 2 semanas), o inicial a taxa de aplica\u00e7\u00e3o e as 2 semanas inteiras de aluguel n\u00e3o s\u00e3o reembols\u00e1veis.<br><br>\r\n              No entanto, para um per\u00edodo de aplica\u00e7\u00e3o de estadia de 01\/02\/2020 &#8211; 07\/03\/2020 (ou seja, um per\u00edodo de 5 semanas de estadia), a taxa de coloca\u00e7\u00e3o e 3 semanas de aluguel (01\/02\/2020 &#8211; 26\/02\/2020 ) n\u00e3o seria reembols\u00e1vel, mas o aluguel da \u00faltima semana (27\/02\/2020 &#8211; 07\/03\/2020) seria reembolsado.  <br><br>\r\n              *De acordo com as leis da Calif\u00f3rnia, assim que voc\u00ea se mudar, o aluguel do per\u00edodo de estadia n\u00e3o ser\u00e1 reembols\u00e1vel.<br><br>\r\n              Para receber um reembolso, voc\u00ea deve preencher um formul\u00e1rio de reembolso no prazo de 6 meses a partir da notifica\u00e7\u00e3o do cancelamento e envi\u00e1-lo ao U.S. Support Services Inc. N\u00e3o podemos aceitar solicita\u00e7\u00f5es de reembolso enviadas mais de 6 meses ap\u00f3s a data de cancelamento. O dinheiro ser\u00e1 devolvido no prazo de 30 dias ap\u00f3s o formul\u00e1rio de reembolso ter sido enviado e processado. <br><br>\r\n              Se voc\u00ea cancelar o servi\u00e7o de transfer do aeroporto mais de 72 horas antes de sua chegada ao aeroporto, a U.S. Support Services Inc. reembolsar\u00e1 100% das taxas cobradas. Observe que n\u00e3o h\u00e1 reembolso para cancelamentos feitos nas 72 horas anteriores \u00e0 sua chegada ao aeroporto ou em caso de mudan\u00e7a de voo. <br><br>\r\n              *Caso seu hor\u00e1rio de chegada mude (por exemplo, devido a uma mudan\u00e7a de voo) e voc\u00ea precise reagendar o hor\u00e1rio de embarque no aeroporto, uma nova taxa de embarque no aeroporto ser\u00e1 aplicada. Depois de se mudar, voc\u00ea n\u00e3o poder\u00e1 cancelar o servi\u00e7o de traslado do aeroporto (Devolu\u00e7\u00e3o) e ele n\u00e3o ser\u00e1 reembols\u00e1vel.<br><br>\r\n              Se uma inscri\u00e7\u00e3o para a U.S. Support Services Inc. estiver sendo processada por um agente autorizado, o processamento do reembolso correspondente estar\u00e1 sujeito ao acordo contratual entre o agente e o cliente. Se voc\u00ea tiver mais perguntas, entre em contato com seu agente.<br><br>\r\n              (Aplica\u00e7\u00e3o Online)<br><br>\r\n              Ao marcar a caixa abaixo, certifico que os fatos expostos acima s\u00e3o completos e verdadeiros, tanto quanto \u00e9 do meu conhecimento. Eu concordo que minha inscri\u00e7\u00e3o n\u00e3o ser\u00e1 processada at\u00e9 os EUA recebeu $ 270 \/ $ 300 de mim para coloca\u00e7\u00e3o em uma casa de fam\u00edlia ou dormit\u00f3rio. (Se um aluno rejeitar nosso servi\u00e7o de traslado do aeroporto, um adicional de $ 30 ser\u00e1 cobrado.)<br><br>\r\n              Concordo que perderei o saldo remanescente de qualquer pagamento de aluguel (at\u00e9 30 dias), bem como incluirei uma taxa de cancelamento de $ 270 \/ $ 300, se eu cancelar o aluguel da casa menos de 30 dias antes da data de ocupa\u00e7\u00e3o listada acima. Concordo que uma taxa de cancelamento de $ 135 ser\u00e1 cobrada se eu cancelar o servi\u00e7o de traslado do aeroporto ou mudar meu voo menos de 72 horas antes do hor\u00e1rio de chegada programado. Se eu adiar minha data de chegada a partir da data listada acima, entendo que serei cobrada uma nova taxa de coloca\u00e7\u00e3o ou uma taxa de aluguel. Eu tamb\u00e9m entendo que preciso pagar uma taxa de manuten\u00e7\u00e3o e um dep\u00f3sito cau\u00e7\u00e3o na minha chegada. A taxa de manuten\u00e7\u00e3o n\u00e3o \u00e9 reembols\u00e1vel. O dep\u00f3sito cau\u00e7\u00e3o \u00e9 reembolsado ap\u00f3s a mudan\u00e7a, desde que n\u00e3o haja danos ao quarto e \u00e0 propriedade. Um formul\u00e1rio de solicita\u00e7\u00e3o de reembolso deve ser preenchido. Esta aplica\u00e7\u00e3o \u00e9 para o contrato de aluguel peri\u00f3dico, e o per\u00edodo de minha estadia \u00e9 especificado acima.<br><br>\r\n              Eu concordo em me mudar na data acima. Tenho a op\u00e7\u00e3o de prolongar a minha estadia apenas se houver disponibilidade. Eu entendo que se eu estiver matriculado no Mentor Language Institute e cancelar minha inscri\u00e7\u00e3o, meu U.S.S.S. a acomoda\u00e7\u00e3o ser\u00e1 encerrada. A rescis\u00e3o ocorrer\u00e1 dentro do per\u00edodo de car\u00eancia. Eu entendo que a falsifica\u00e7\u00e3o de qualquer informa\u00e7\u00e3o neste formul\u00e1rio resultar\u00e1 na perda da taxa de coloca\u00e7\u00e3o sem reembolso. Eu li e concordo com esses termos.<br><br>\r\n              (Recep\u00e7\u00e3o no aeroporto)<br><br>\r\n              O hor\u00e1rio de embarque no aeroporto ser\u00e1 das 8h \u00e0s 20h. O hor\u00e1rio de check-in ser\u00e1 das 9h \u00e0s 21h. O hor\u00e1rio de embarque em seu dormit\u00f3rio ou casa de fam\u00edlia ser\u00e1 das 7h \u00e0s 19h. Todos os residentes devem fazer o check-out at\u00e9 as 12h. N\u00e3o podemos garantir a coleta no aeroporto se o hor\u00e1rio de coleta for diferente do listado acima. Informe-nos ANTES de comprar sua passagem a\u00e9rea para ter certeza de que sua retirada est\u00e1 dispon\u00edvel ou n\u00e3o. Cobraremos $ 35 se tivermos que pegar ou devolver fora do tempo acima.<br><br>\r\n              A coleta no aeroporto incluir\u00e1:<br><br>\r\n              <ol>\r\n              <li>I. Coleta no Aeroporto Internacional de Los Angeles (LAX)<li>\r\n              <li>II. Devolva em seu dormit\u00f3rio \/ casa de fam\u00edlia <\/li>\r\n              <li>III. Explicando como ir \u00e0 escola (apenas MLI)<\/li>\r\n              <li>IV. Explicando regras no dormit\u00f3rio e contrato \/ acordoIV. Explicando regras no dormit\u00f3rio e contrato \/ acordo<\/li>\r\n              <\/ol>\r\n              O desembarque no aeroporto incluir\u00e1:<br><br>\r\n              <ol>\r\n              <li>I. O embarque em seu dormit\u00f3rio \/ casa de fam\u00edlia<\/li>\r\n              <li>II. Deixe voc\u00ea no Aeroporto Internacional de Los Angeles (LAX)<\/li>\r\n              <li> III. Ajud\u00e1-lo a fazer o check-in no aeroporto<\/li>\r\n              (Aluguel)<br><br>\r\n              O contrato \u00e9 um contrato de aluguel peri\u00f3dico. Assim que voc\u00ea se mudar para nossa acomoda\u00e7\u00e3o, n\u00e3o reembolsaremos nenhum valor do aluguel nem cancelaremos o contrato \/ acordo.\r\n              <\/p>\r\n            <\/div>\r\n\r\n          <div class=\"checker\">\r\n            <input type=\"checkbox\" name=\"agree\" id=\"agree\" value=\"\" required>\r\n            <label for=\"agree\">Eu concordo com a pol\u00edtica de cancelamento.<\/label>\r\n          <\/div>\r\n\r\n          <button type=\"submit\" class=\"btn-download\">Continuar para a p\u00e1gina de checkout<\/button>\r\n        <\/form>\r\n      <\/div>\r\n      <a href=\"<?php echo esc_url( home_url( '\/' ) ); ?>&#8221; class=&#8221;backtop-button&#8221;>V\u00e1 para o topo<\/a>\r\n    <\/div>\r\n\r\n  <\/section>  \r\n\r\n  <\/div> <!-- \/\/ #main-contents -->\r\n  \r\n<\/div> <!-- \/\/ #contents-wrap -->\r\n\r\n  <section id=\"breadcrumbs\">\r\n    <div class=\"wrapper\">\r\n      <div class=\"breadcrumbs-contents\">\r\n        <a href=\"<?php echo esc_url( home_url( '\/' ) ); ?>&#8220;>Topo<\/a>\r\n        <a href=\"<?php echo esc_url( home_url( '\/' ) ); ?>other&#8221; class=&#8221;active&#8221;>Pagamento<\/a>\r\n      <\/div>\r\n    <\/div>\r\n  <\/section>\r\n\r\n  <?php get_footer('bottom'); ?>","protected":false},"excerpt":{"rendered":"","protected":false},"author":1,"featured_media":0,"parent":0,"menu_order":0,"comment_status":"closed","ping_status":"closed","template":"page-other_por.php","meta":[],"yoast_head":"<!-- This site is optimized with the Yoast SEO plugin v20.11 - https:\/\/yoast.com\/wordpress\/plugins\/seo\/ -->\n<title>Pay - U.S. Support Service Inc<\/title>\n<meta name=\"robots\" content=\"index, follow, max-snippet:-1, max-image-preview:large, max-video-preview:-1\" \/>\n<link rel=\"canonical\" href=\"https:\/\/usssinc.net\/por\/other\/\" \/>\n<meta property=\"og:locale\" content=\"en_US\" \/>\n<meta property=\"og:type\" content=\"article\" \/>\n<meta property=\"og:title\" content=\"Pay - U.S. Support Service Inc\" \/>\n<meta property=\"og:url\" content=\"https:\/\/usssinc.net\/por\/other\/\" \/>\n<meta property=\"og:site_name\" content=\"U.S. Support Service Inc\" \/>\n<meta property=\"article:modified_time\" content=\"2021-01-11T18:44:37+00:00\" \/>\n<meta name=\"twitter:card\" content=\"summary_large_image\" \/>\n<script type=\"application\/ld+json\" class=\"yoast-schema-graph\">{\"@context\":\"https:\/\/schema.org\",\"@graph\":[{\"@type\":\"WebPage\",\"@id\":\"https:\/\/usssinc.net\/por\/other\/\",\"url\":\"https:\/\/usssinc.net\/por\/other\/\",\"name\":\"Pay - U.S. Support Service Inc\",\"isPartOf\":{\"@id\":\"https:\/\/usssinc.net\/por\/#website\"},\"datePublished\":\"2020-05-06T01:57:58+00:00\",\"dateModified\":\"2021-01-11T18:44:37+00:00\",\"breadcrumb\":{\"@id\":\"https:\/\/usssinc.net\/por\/other\/#breadcrumb\"},\"inLanguage\":\"en-US\",\"potentialAction\":[{\"@type\":\"ReadAction\",\"target\":[\"https:\/\/usssinc.net\/por\/other\/\"]}]},{\"@type\":\"BreadcrumbList\",\"@id\":\"https:\/\/usssinc.net\/por\/other\/#breadcrumb\",\"itemListElement\":[{\"@type\":\"ListItem\",\"position\":1,\"name\":\"Home\",\"item\":\"https:\/\/usssinc.net\/por\/\"},{\"@type\":\"ListItem\",\"position\":2,\"name\":\"Pay\"}]},{\"@type\":\"WebSite\",\"@id\":\"https:\/\/usssinc.net\/por\/#website\",\"url\":\"https:\/\/usssinc.net\/por\/\",\"name\":\"U.S. Support Service Inc\",\"description\":\"Just another USSS Inc Sites site\",\"potentialAction\":[{\"@type\":\"SearchAction\",\"target\":{\"@type\":\"EntryPoint\",\"urlTemplate\":\"https:\/\/usssinc.net\/por\/?s={search_term_string}\"},\"query-input\":\"required name=search_term_string\"}],\"inLanguage\":\"en-US\"}]}<\/script>\n<!-- \/ Yoast SEO plugin. -->","yoast_head_json":{"title":"Pay - U.S. Support Service Inc","robots":{"index":"index","follow":"follow","max-snippet":"max-snippet:-1","max-image-preview":"max-image-preview:large","max-video-preview":"max-video-preview:-1"},"canonical":"https:\/\/usssinc.net\/por\/other\/","og_locale":"en_US","og_type":"article","og_title":"Pay - U.S. Support Service Inc","og_url":"https:\/\/usssinc.net\/por\/other\/","og_site_name":"U.S. Support Service Inc","article_modified_time":"2021-01-11T18:44:37+00:00","twitter_card":"summary_large_image","schema":{"@context":"https:\/\/schema.org","@graph":[{"@type":"WebPage","@id":"https:\/\/usssinc.net\/por\/other\/","url":"https:\/\/usssinc.net\/por\/other\/","name":"Pay - U.S. Support Service Inc","isPartOf":{"@id":"https:\/\/usssinc.net\/por\/#website"},"datePublished":"2020-05-06T01:57:58+00:00","dateModified":"2021-01-11T18:44:37+00:00","breadcrumb":{"@id":"https:\/\/usssinc.net\/por\/other\/#breadcrumb"},"inLanguage":"en-US","potentialAction":[{"@type":"ReadAction","target":["https:\/\/usssinc.net\/por\/other\/"]}]},{"@type":"BreadcrumbList","@id":"https:\/\/usssinc.net\/por\/other\/#breadcrumb","itemListElement":[{"@type":"ListItem","position":1,"name":"Home","item":"https:\/\/usssinc.net\/por\/"},{"@type":"ListItem","position":2,"name":"Pay"}]},{"@type":"WebSite","@id":"https:\/\/usssinc.net\/por\/#website","url":"https:\/\/usssinc.net\/por\/","name":"U.S. Support Service Inc","description":"Just another USSS Inc Sites site","potentialAction":[{"@type":"SearchAction","target":{"@type":"EntryPoint","urlTemplate":"https:\/\/usssinc.net\/por\/?s={search_term_string}"},"query-input":"required name=search_term_string"}],"inLanguage":"en-US"}]}},"_links":{"self":[{"href":"https:\/\/usssinc.net\/por\/wp-json\/wp\/v2\/pages\/164"}],"collection":[{"href":"https:\/\/usssinc.net\/por\/wp-json\/wp\/v2\/pages"}],"about":[{"href":"https:\/\/usssinc.net\/por\/wp-json\/wp\/v2\/types\/page"}],"author":[{"embeddable":true,"href":"https:\/\/usssinc.net\/por\/wp-json\/wp\/v2\/users\/1"}],"replies":[{"embeddable":true,"href":"https:\/\/usssinc.net\/por\/wp-json\/wp\/v2\/comments?post=164"}],"version-history":[{"count":1,"href":"https:\/\/usssinc.net\/por\/wp-json\/wp\/v2\/pages\/164\/revisions"}],"predecessor-version":[{"id":344,"href":"https:\/\/usssinc.net\/por\/wp-json\/wp\/v2\/pages\/164\/revisions\/344"}],"wp:attachment":[{"href":"https:\/\/usssinc.net\/por\/wp-json\/wp\/v2\/media?parent=164"}],"curies":[{"name":"wp","href":"https:\/\/api.w.org\/{rel}","templated":true}]}}