{"id":19,"date":"2020-04-15T03:35:09","date_gmt":"2020-04-15T03:35:09","guid":{"rendered":"https:\/\/wp.usssinc.net\/?page_id=19"},"modified":"2020-12-08T18:40:53","modified_gmt":"2020-12-08T18:40:53","slug":"faq","status":"publish","type":"page","link":"https:\/\/usssinc.net\/por\/faq\/","title":{"rendered":"FAQ"},"content":{"rendered":"<div id=\"main-contents\" class=\"page-faq\"> <!-- #main-contents -->\r\n  <section class=\"faq\">\r\n    <div class=\"wrapper\">\r\n      <div class=\"faq-contents\">\r\n        <div class=\"q-lists\">\r\n          <div class=\"q-lists--item\">\r\n            <a href=\"#Q1\">\r\n              <p>Como posso come\u00e7ar a me inscrever\uff1f<\/p>\r\n            <\/a>\r\n          <\/div>\r\n          <div class=\"q-lists--item\">\r\n            <a href=\"#Q2\">\r\n              <p>Vou precisar limpar os quartos?<\/p>\r\n            <\/a>\r\n          <\/div>\r\n          <div class=\"q-lists--item\">\r\n            <a href=\"#Q3\">\r\n              <p>Posso mudar para outro tipo de acomoda\u00e7\u00e3o? (por exemplo, dormit\u00f3rio para casa de fam\u00edlia)<\/p>\r\n            <\/a>\r\n          <\/div>\r\n          <div class=\"q-lists--item\">\r\n            <a href=\"#Q4\">\r\n              <p>Qual \u00e9 a pol\u00edtica de cancelamento?<\/p>\r\n            <\/a>\r\n          <\/div>\r\n          <div class=\"q-lists--item\">\r\n            <a href=\"#Q5\">\r\n              <p>Posso ver a casa da fam\u00edlia anfitri\u00e3 antes de me mudar<\/p>\r\n            <\/a>\r\n          <\/div>\r\n          <div class=\"q-lists--item\">\r\n            <a href=\"#Q6\">\r\n              <p>Quando vou receber de volta meu seguro dep\u00f3sito?<\/p>\r\n            <\/a>\r\n          <\/div>\r\n\t\t\t\t\t<div class=\"q-lists--item\">\r\n            <a href=\"#Q13\">\r\n              <p>Quantos banheiros tem?<\/p>\r\n            <\/a>\r\n          <\/div>\r\n          <div class=\"q-lists--item\">\r\n            <a href=\"#Q14\">\r\n              <p>Existe um toque de recolher?<\/p>\r\n            <\/a>\r\n          <\/div>\r\n          <div class=\"q-lists--item\">\r\n            <a href=\"#Q15\">\r\n              <p>Posso beber \u00e1lcool?<\/p>\r\n            <\/a>\r\n          <\/div>\r\n          <div class=\"q-lists--item\">\r\n            <a href=\"#Q16\">\r\n              <p>Existe uma m\u00e1quina de lavar?<\/p>\r\n            <\/a>\r\n          <\/div>\r\n          <div class=\"q-lists--item\">\r\n            <a href=\"#Q17\">\r\n              <p>Existe uma m\u00e1quina de lavar?<\/p>\r\n            <\/a>\r\n          <\/div>\r\n          <div class=\"q-lists--item\">\r\n            <a href=\"#Q18\">\r\n              <p>Posso mudar de quarto?<\/p>\r\n            <\/a>\r\n          <\/div>\r\n        <\/div>\r\n        <div class=\"q-contents-lists\">\r\n          <div class=\"q-contents-lists--item\" id=\"Q1\">\r\n            <div class=\"q-header\">\r\n              <p>Como posso come\u00e7ar a me inscrever?<\/p>\r\n            <\/div>\r\n            <div class=\"q-info\">\r\n              <p>\r\n                V\u00e1 para Inscrever-se Online e insira suas informa\u00e7\u00f5es.\r\n              <\/p>\r\n            <\/div>\r\n          <\/div>\r\n          <div class=\"q-contents-lists--item\" id=\"Q2\">\r\n            <div class=\"q-header\">\r\n              <p>Vou precisar limpar os quartos?<\/p>\r\n            <\/div>\r\n            <div class=\"q-info\">\r\n              <p>\r\n                Contratamos profissionais para limpar as \u00e1reas comuns, como banheiro, cozinha e sala.\r\n              <\/p>\r\n            <\/div>\r\n          <\/div>\r\n          <div class=\"q-contents-lists--item\" id=\"Q3\">\r\n            <div class=\"q-header\">\r\n              <p>Posso mudar para outro tipo de acomoda\u00e7\u00e3o? \r\n(por exemplo, dormit\u00f3rio para casa de fam\u00edlia)<\/p>\r\n            <\/div>\r\n            <div class=\"q-info\">\r\n              <p>\r\n                Sim voc\u00ea pode. Voc\u00ea s\u00f3 precisar\u00e1 pagar a metade do pre\u00e7o de sua taxa de aplica\u00e7\u00e3o, bem como a diferen\u00e7a no aluguel (se aplic\u00e1vel)\r\n              <\/p>\r\n            <\/div>\r\n          <\/div>\r\n          <div class=\"q-contents-lists--item\" id=\"Q4\">\r\n            <div class=\"q-header\">\r\n              <p>Qual \u00e9 a pol\u00edtica de cancelamento?<\/p>\r\n            <\/div>\r\n            <div class=\"q-info\">\r\n              <p>\r\n                Se voc\u00ea cancelar 30 dias ou mais antes da data de mudan\u00e7a, voc\u00ea ser\u00e1 totalmente reembolsado.\r\nSe voc\u00ea nos contatar dentro de 30 dias da data de mudan\u00e7a, sua taxa de aplica\u00e7\u00e3o ser\u00e1 a taxa de cancelamento. Tamb\u00e9m cobraremos 4 semanas de aluguel de acordo com a lei do estado da Calif\u00f3rnia (consulte a pol\u00edtica de cancelamento para obter mais detalhes)\r\n              <\/p>\r\n            <\/div>\r\n          <\/div>\r\n          <div class=\"q-contents-lists--item\" id=\"Q5\">\r\n            <div class=\"q-header\">\r\n              <p>Posso ver a casa da fam\u00edlia anfitri\u00e3 antes de me mudar?<\/p>\r\n            <\/div>\r\n            <div class=\"q-info\">\r\n              <p>\r\n                Infelizmente, voc\u00ea n\u00e3o pode fazer isso. Por\u00e9m, se voc\u00ea tiver algum pedido, encontraremos a melhor fam\u00edlia para atender \u00e0s suas necessidades.\r\n              <\/p>\r\n            <\/div>\r\n          <\/div>\r\n          <div class=\"q-contents-lists--item\" id=\"Q6\">\r\n            <div class=\"q-header\">\r\n              <p>When will I get my security deposit back?<\/p>\r\n            <\/div>\r\n            <div class=\"q-info\">\r\n              <p>\r\n               You must pay a security deposit of $200 when you move in. (Visa or Mastercard if paying with a credit card)\r\nUpon moving out, you will need to fill out a &#8220;&#8221;Notice of Refund&#8221;&#8221; form in order to the receive the refund. It typically takes 2 weeks to receive the refund.\r\n              <\/p>\r\n            <\/div>\r\n          <\/div>\r\n\t\t\t\t\t<div class=\"q-contents-lists--item\" id=\"Q13\">\r\n            <div class=\"q-header\">\r\n              <p>Quantos banheiros tem\uff1f<\/p>\r\n            <\/div>\r\n            <div class=\"q-info\">\r\n              <p>\r\n                Cada quarto tem um banheiro. Bakman tem 3 quartos e 2 banheiros.\r\n              <\/p>\r\n            <\/div>\r\n          <\/div>\r\n          <div class=\"q-contents-lists--item\" id=\"Q14\">\r\n            <div class=\"q-header\">\r\n              <p>Existe um toque de recolher?<\/p>\r\n            <\/div>\r\n            <div class=\"q-info\">\r\n              <p>\r\n               N\u00e3o, n\u00e3o h\u00e1 toque de recolher, mas seja respeitoso e atencioso com os outros.\r\n              <\/p>\r\n            <\/div>\r\n          <\/div>\r\n          <div class=\"q-contents-lists--item\" id=\"Q15\">\r\n            <div class=\"q-header\">\r\n              <p>Posso beber \u00e1lcool?<\/p>\r\n            <\/div>\r\n            <div class=\"q-info\">\r\n              <p>\r\n                Por lei, se voc\u00ea tiver 21 anos de idade ou mais, \r\npode beber na resid\u00eancia. \r\nN\u00e3o permitimos qualquer tipo de fumo na resid\u00eancia.\r\n              <\/p>\r\n            <\/div>\r\n          <\/div>\r\n          <div class=\"q-contents-lists--item\" id=\"Q16\">\r\n            <div class=\"q-header\">\r\n              <p>Existe uma sala ou \u00e1rea para fumantes?<\/p>\r\n            <\/div>\r\n            <div class=\"q-info\">\r\n              <p>\r\n                N\u00e3o. Todos os quartos do dormit\u00f3rio (incluindo a varanda) s\u00e3o para n\u00e3o fumantes. \r\nPor favor, saia do pr\u00e9dio para fumar.\r\n              <\/p>\r\n            <\/div>\r\n          <\/div>\r\n          <div class=\"q-contents-lists--item\" id=\"Q17\">\r\n            <div class=\"q-header\">\r\n              <p>Existe uma m\u00e1quina de lavar?<\/p>\r\n            <\/div>\r\n            <div class=\"q-info\">\r\n              <p>\r\n                Sim, cada resid\u00eancia possui uma m\u00e1quina de lavar. \r\nDeduzimos $ 3 por semana do dep\u00f3sito de seguran\u00e7a como taxa da m\u00e1quina de lavar.\r\n              <\/p>\r\n            <\/div>\r\n          <\/div>\r\n          <div class=\"q-contents-lists--item\" id=\"Q18\">\r\n            <div class=\"q-header\">\r\n              <p>Posso mudar de quarto?<\/p>\r\n            <\/div>\r\n            <div class=\"q-info\">\r\n              <p>\r\n                A. \u00c9 poss\u00edvel fazer upgrade de seu quarto (por exemplo, de um qu\u00e1druplo para um individual): \r\nse houver um quarto dispon\u00edvel, voc\u00ea pode alterar os quartos simplesmente pagando a diferen\u00e7a no pre\u00e7o.<br \/>\r\n                B. Voc\u00ea tamb\u00e9m pode mudar para o mesmo tipo de quarto (por exemplo, compartilhado para compartilhado): \r\nSe um quarto estiver dispon\u00edvel, voc\u00ea pode mudar de quarto.<br \/>\r\n                C Tamb\u00e9m \u00e9 poss\u00edvel rebaixar seu quarto (por exemplo, individual para qu\u00e1druplo): \r\nse houver um quarto dispon\u00edvel, voc\u00ea pode alterar os quartos.\r\n              <\/p>\r\n            <\/div>\r\n          <\/div>\r\n        <\/div>\r\n      <\/div>\r\n    <\/div>\r\n  <\/section>\r\n<\/div> <!-- \/\/ #main-contents -->","protected":false},"excerpt":{"rendered":"Como posso come\u00e7ar a me inscrever\uff1f Vou precisar limpar os quartos? Posso mudar para outro tipo de acomoda\u00e7\u00e3o? (por exemplo, dormit\u00f3rio para casa de fam\u00edlia) Qual \u00e9 a pol\u00edtica de cancelamento? Posso ver a casa da fam\u00edlia anfitri\u00e3 antes de me mudar Quando vou receber de volta meu seguro dep\u00f3sito? Quantos banheiros tem? Existe um [&hellip;]","protected":false},"author":1,"featured_media":0,"parent":0,"menu_order":0,"comment_status":"closed","ping_status":"closed","template":"","meta":[],"yoast_head":"<!-- This site is optimized with the Yoast SEO plugin v20.11 - https:\/\/yoast.com\/wordpress\/plugins\/seo\/ -->\n<title>FAQ - U.S. Support Service Inc<\/title>\n<meta name=\"robots\" content=\"index, follow, max-snippet:-1, max-image-preview:large, max-video-preview:-1\" \/>\n<link rel=\"canonical\" href=\"https:\/\/usssinc.net\/por\/faq\/\" \/>\n<meta property=\"og:locale\" content=\"en_US\" \/>\n<meta property=\"og:type\" content=\"article\" \/>\n<meta property=\"og:title\" content=\"FAQ - U.S. Support Service Inc\" \/>\n<meta property=\"og:description\" content=\"Como posso come\u00e7ar a me inscrever\uff1f Vou precisar limpar os quartos? Posso mudar para outro tipo de acomoda\u00e7\u00e3o? (por exemplo, dormit\u00f3rio para casa de fam\u00edlia) Qual \u00e9 a pol\u00edtica de cancelamento? Posso ver a casa da fam\u00edlia anfitri\u00e3 antes de me mudar Quando vou receber de volta meu seguro dep\u00f3sito? Quantos banheiros tem? Existe um [&hellip;]\" \/>\n<meta property=\"og:url\" content=\"https:\/\/usssinc.net\/por\/faq\/\" \/>\n<meta property=\"og:site_name\" content=\"U.S. Support Service Inc\" \/>\n<meta property=\"article:modified_time\" content=\"2020-12-08T18:40:53+00:00\" \/>\n<meta name=\"twitter:card\" content=\"summary_large_image\" \/>\n<meta name=\"twitter:label1\" content=\"Est. reading time\" \/>\n\t<meta name=\"twitter:data1\" content=\"3 minutes\" \/>\n<script type=\"application\/ld+json\" class=\"yoast-schema-graph\">{\"@context\":\"https:\/\/schema.org\",\"@graph\":[{\"@type\":\"WebPage\",\"@id\":\"https:\/\/usssinc.net\/por\/faq\/\",\"url\":\"https:\/\/usssinc.net\/por\/faq\/\",\"name\":\"FAQ - U.S. Support Service Inc\",\"isPartOf\":{\"@id\":\"https:\/\/usssinc.net\/por\/#website\"},\"datePublished\":\"2020-04-15T03:35:09+00:00\",\"dateModified\":\"2020-12-08T18:40:53+00:00\",\"breadcrumb\":{\"@id\":\"https:\/\/usssinc.net\/por\/faq\/#breadcrumb\"},\"inLanguage\":\"en-US\",\"potentialAction\":[{\"@type\":\"ReadAction\",\"target\":[\"https:\/\/usssinc.net\/por\/faq\/\"]}]},{\"@type\":\"BreadcrumbList\",\"@id\":\"https:\/\/usssinc.net\/por\/faq\/#breadcrumb\",\"itemListElement\":[{\"@type\":\"ListItem\",\"position\":1,\"name\":\"Home\",\"item\":\"https:\/\/usssinc.net\/por\/\"},{\"@type\":\"ListItem\",\"position\":2,\"name\":\"FAQ\"}]},{\"@type\":\"WebSite\",\"@id\":\"https:\/\/usssinc.net\/por\/#website\",\"url\":\"https:\/\/usssinc.net\/por\/\",\"name\":\"U.S. Support Service Inc\",\"description\":\"Just another USSS Inc Sites site\",\"potentialAction\":[{\"@type\":\"SearchAction\",\"target\":{\"@type\":\"EntryPoint\",\"urlTemplate\":\"https:\/\/usssinc.net\/por\/?s={search_term_string}\"},\"query-input\":\"required name=search_term_string\"}],\"inLanguage\":\"en-US\"}]}<\/script>\n<!-- \/ Yoast SEO plugin. -->","yoast_head_json":{"title":"FAQ - U.S. Support Service Inc","robots":{"index":"index","follow":"follow","max-snippet":"max-snippet:-1","max-image-preview":"max-image-preview:large","max-video-preview":"max-video-preview:-1"},"canonical":"https:\/\/usssinc.net\/por\/faq\/","og_locale":"en_US","og_type":"article","og_title":"FAQ - U.S. Support Service Inc","og_description":"Como posso come\u00e7ar a me inscrever\uff1f Vou precisar limpar os quartos? Posso mudar para outro tipo de acomoda\u00e7\u00e3o? (por exemplo, dormit\u00f3rio para casa de fam\u00edlia) Qual \u00e9 a pol\u00edtica de cancelamento? Posso ver a casa da fam\u00edlia anfitri\u00e3 antes de me mudar Quando vou receber de volta meu seguro dep\u00f3sito? Quantos banheiros tem? Existe um [&hellip;]","og_url":"https:\/\/usssinc.net\/por\/faq\/","og_site_name":"U.S. Support Service Inc","article_modified_time":"2020-12-08T18:40:53+00:00","twitter_card":"summary_large_image","twitter_misc":{"Est. reading time":"3 minutes"},"schema":{"@context":"https:\/\/schema.org","@graph":[{"@type":"WebPage","@id":"https:\/\/usssinc.net\/por\/faq\/","url":"https:\/\/usssinc.net\/por\/faq\/","name":"FAQ - U.S. Support Service Inc","isPartOf":{"@id":"https:\/\/usssinc.net\/por\/#website"},"datePublished":"2020-04-15T03:35:09+00:00","dateModified":"2020-12-08T18:40:53+00:00","breadcrumb":{"@id":"https:\/\/usssinc.net\/por\/faq\/#breadcrumb"},"inLanguage":"en-US","potentialAction":[{"@type":"ReadAction","target":["https:\/\/usssinc.net\/por\/faq\/"]}]},{"@type":"BreadcrumbList","@id":"https:\/\/usssinc.net\/por\/faq\/#breadcrumb","itemListElement":[{"@type":"ListItem","position":1,"name":"Home","item":"https:\/\/usssinc.net\/por\/"},{"@type":"ListItem","position":2,"name":"FAQ"}]},{"@type":"WebSite","@id":"https:\/\/usssinc.net\/por\/#website","url":"https:\/\/usssinc.net\/por\/","name":"U.S. Support Service Inc","description":"Just another USSS Inc Sites site","potentialAction":[{"@type":"SearchAction","target":{"@type":"EntryPoint","urlTemplate":"https:\/\/usssinc.net\/por\/?s={search_term_string}"},"query-input":"required name=search_term_string"}],"inLanguage":"en-US"}]}},"_links":{"self":[{"href":"https:\/\/usssinc.net\/por\/wp-json\/wp\/v2\/pages\/19"}],"collection":[{"href":"https:\/\/usssinc.net\/por\/wp-json\/wp\/v2\/pages"}],"about":[{"href":"https:\/\/usssinc.net\/por\/wp-json\/wp\/v2\/types\/page"}],"author":[{"embeddable":true,"href":"https:\/\/usssinc.net\/por\/wp-json\/wp\/v2\/users\/1"}],"replies":[{"embeddable":true,"href":"https:\/\/usssinc.net\/por\/wp-json\/wp\/v2\/comments?post=19"}],"version-history":[{"count":2,"href":"https:\/\/usssinc.net\/por\/wp-json\/wp\/v2\/pages\/19\/revisions"}],"predecessor-version":[{"id":333,"href":"https:\/\/usssinc.net\/por\/wp-json\/wp\/v2\/pages\/19\/revisions\/333"}],"wp:attachment":[{"href":"https:\/\/usssinc.net\/por\/wp-json\/wp\/v2\/media?parent=19"}],"curies":[{"name":"wp","href":"https:\/\/api.w.org\/{rel}","templated":true}]}}