{"id":42,"date":"2020-04-20T03:18:14","date_gmt":"2020-04-20T03:18:14","guid":{"rendered":"https:\/\/wp.usssinc.net\/?page_id=42"},"modified":"2020-12-21T18:53:55","modified_gmt":"2020-12-21T18:53:55","slug":"homestay","status":"publish","type":"page","link":"https:\/\/usssinc.net\/por\/homestay\/","title":{"rendered":"Homestay"},"content":{"rendered":"<div id=\"main-contents\" class=\"page-homestay\"> <!-- #main-contents -->\r\n  <section class=\"homestay\">\r\n    <div class=\"homestay-contents\">\r\n      <p class=\"homestay-title\">Nossa casa de fam\u00edlia<\/p>\r\n      <div class=\"wrapper\">\r\n        <span class=\"homestay-description pc\">\r\n        Recomendamos homestay para pessoas que desejam viver com uma fam\u00edlia americana. Refei\u00e7\u00f5es s\u00e3o fornecidas (caf\u00e9 da manh\u00e3 e jantar)\r\n        <\/span>\r\n        <span class=\"homestay-description sp\">\r\n        Recomendamos homestay para pessoas que desejam viver com uma fam\u00edlia americana. Refei\u00e7\u00f5es s\u00e3o fornecidas (caf\u00e9 da manh\u00e3 e jantar)\r\n        <\/span>\r\n        <figure class=\"homestay-cover\" style=\"background-image: url('https:\/\/usssinc.net\/wp-content\/themes\/usss\/images\/homestay-cover.png')\">\r\n          <div class=\"homestay-info\">\r\n            <p class=\"homestay-text\">Deixe-nos apresentar a voc\u00ea uma de nossas fam\u00edlias anfitri\u00e3s cuidadosamente selecionadas.<\/p>\r\n          <\/div>\r\n        <\/figure>\r\n      <\/div>\r\n    <\/div>\r\n  <\/section>\r\n  <section class=\"area\">\r\n    <div class=\"wrapper\">\r\n      <h2 class=\"title\">\u00c1rea<\/h2>\r\n      <span class=\"sub-title\">Mais de 100 fam\u00edlias anfitri\u00e3s em L.A s\u00e3o afiliadas<\/span>\r\n      <div class=\"area-contents\">\r\n        <figure>\r\n        <\/figure>\r\n      <\/div>\r\n    <\/div>\r\n  <\/section>\r\n  <section class=\"families\">\r\n    <div class=\"wrapper\">\r\n      <h2 class=\"title\">Fam\u00edlias anfitri\u00e3s<\/h2>\r\n      <span class=\"sub-title\">Conhe\u00e7a algumas de nossas fam\u00edlias anfitri\u00e3s cuidadosamente selecionadas<\/span>\r\n      <div class=\"families-contents\">\r\n        <ul class=\"families-lists\">\r\n          <li class=\"families-lists--item\">\r\n            <h3 class=\"families-title\">Suspiro Perfil Familiar #1<\/h3>\r\n            <figure class=\"families-cover\">\r\n              <img decoding=\"async\" src=\"https:\/\/usssinc.net\/wp-content\/themes\/usss\/images\/families_cover_01.png\" alt=\"\">\r\n            <\/figure>\r\n            <div class=\"families-info\">\r\n              <ul class=\"info-lists\">\r\n                <li class=\"info-lists--item\">Nome Suspiro: Sigh<\/li>\r\n                <li class=\"info-lists--item\">Localiza\u00e7\u00e3o: Santa Monica<\/li>\r\n                <li class=\"info-lists--item\">30 minutos de \u00f4nibus da Praia de Santa Monica<\/li>\r\n                <li class=\"info-lists--item\">Animal de estima\u00e7\u00e3o: n\u00e3o<\/li>\r\n              <\/ul>\r\n              <p class=\"families-description\">\r\n              Recebemos alunos desde 2011 e recebemos muitos alunos de diferentes pa\u00edses. \u00c9 um prazer conhecer diferentes estudantes de diferentes pa\u00edses. Nossos alunos se tornaram como uma fam\u00edlia e temos algu\u00e9m em muitas partes do mundo. Tive o prazer de ser revisitado por muitos de meus alunos que voltaram para LA.\r\n              <\/p>\r\n            <\/div>\r\n          <\/li>\r\n          <li class=\"families-lists--item\">\r\n            <h3 class=\"families-title\">Perfil da Fam\u00edlia Miriam #2<\/h3>\r\n            <figure class=\"families-cover\">\r\n              <img decoding=\"async\" src=\"https:\/\/usssinc.net\/wp-content\/themes\/usss\/images\/families_cover_02.png\" alt=\"\">\r\n            <\/figure>\r\n            <div class=\"families-info\">\r\n              <ul class=\"info-lists\">\r\n                <li class=\"info-lists--item\">Nomeie: Miriam<\/li>\r\n                <li class=\"info-lists--item\">Localiza\u00e7\u00e3o: North Hollywood area<\/li>\r\n                <li class=\"info-lists--item\">30 minutos de \u00f4nibus para o Movement Lifestyle<\/li>\r\n                <li class=\"info-lists--item\">Animal de estima\u00e7\u00e3o: n\u00e3o<\/li>\r\n              <\/ul>\r\n              <p class=\"families-description\">\r\n              Minha filha e eu gostamos de ser uma fam\u00edlia anfitri\u00e3 porque n\u00e3o s\u00f3 ganhamos experi\u00eancia com outras culturas, mas tamb\u00e9m fazemos amizades.\r\n              <\/p>\r\n            <\/div>\r\n          <\/li>\r\n          <li class=\"families-lists--item\">\r\n            <h3 class=\"families-title\">Perfil da Fam\u00edlia Sanvicente #3<\/h3>\r\n            <figure class=\"families-cover\">\r\n              <img decoding=\"async\" src=\"https:\/\/usssinc.net\/wp-content\/themes\/usss\/images\/families_cover_03.png\" alt=\"\">\r\n            <\/figure>\r\n            <div class=\"families-info\">\r\n              <ul class=\"info-lists\">\r\n                <li class=\"info-lists--item\">Nome: Sanvicente<\/li>\r\n                <li class=\"info-lists--item\">Localiza\u00e7\u00e3o: North Hollywood<\/li>\r\n                <li class=\"info-lists--item\">10 minutos de \u00f4nibus do Universal Studios<\/li>\r\n                <li class=\"info-lists--item\">Animal de estima\u00e7\u00e3o: n\u00e3o<\/li>\r\n              <\/ul>\r\n              <p class=\"families-description\">\r\n              Gostamos de abra\u00e7ar a oportunidade de ser uma fam\u00edlia anfitri\u00e3 para estudantes internacionais. Nossa fam\u00edlia gosta da diversidade em que podemos compartilhar nossa cultura, tradi\u00e7\u00f5es e estilo de vida americanos e, ao mesmo tempo, aprender sobre os deles. Estamos ansiosos para construir novos relacionamentos e mem\u00f3rias sinceras.\r\n              <\/p>\r\n            <\/div>\r\n          <\/li>\r\n          <li class=\"families-lists--item\">\r\n            <h3 class=\"families-title\">Perfil da Fam\u00edlia Rodriguez #4<\/h3>\r\n            <figure class=\"families-cover\">\r\n              <img decoding=\"async\" src=\"https:\/\/usssinc.net\/wp-content\/themes\/usss\/images\/families_cover_04.png\" alt=\"\">\r\n            <\/figure>\r\n            <div class=\"families-info\">\r\n              <ul class=\"info-lists\">\r\n                <li class=\"info-lists--item\">Nome: Rodriguez<\/li>\r\n                <li class=\"info-lists--item\">Localiza\u00e7\u00e3o: North Hollywood<\/li>\r\n                <li class=\"info-lists--item\">Perto do Millennium Dance Complex Dance Studio<\/li>\r\n                <li class=\"info-lists--item\">Animal de estima\u00e7\u00e3o: n\u00e3o<\/li>\r\n              <\/ul>\r\n              <p class=\"families-description\">\r\n              Gostar\u00edamos de receb\u00ea-lo em nossa casa em Hollywood, CA !! <br \/>Esperamos que voc\u00ea tenha uma experi\u00eancia incr\u00edvel e aproveite cada segundo!\r\n              <\/p>\r\n            <\/div>\r\n          <\/li>\r\n          <li class=\"families-lists--item\">\r\n            <h3 class=\"families-title\">Perfil Marcela #5<\/h3>\r\n            <figure class=\"families-cover\">\r\n              <img decoding=\"async\" src=\"https:\/\/usssinc.net\/wp-content\/themes\/usss\/images\/families_cover_05.png\" alt=\"\">\r\n            <\/figure>\r\n            <div class=\"families-info\">\r\n              <ul class=\"info-lists\">\r\n                <li class=\"info-lists--item\">Nome: Marcela<\/li>\r\n                <li class=\"info-lists--item\">Localiza\u00e7\u00e3o: North hollywood<\/li>\r\n                <li class=\"info-lists--item\">10 mitunes nos dirigem para o Disney Studio<\/li>\r\n                <li class=\"info-lists--item\">Animal de estima\u00e7\u00e3o: C\u00e3es de estima\u00e7\u00e3o<\/li>\r\n              <\/ul>\r\n              <p class=\"families-description more-height\">\r\n              Ol\u00e1 minha fam\u00edlia \u00e9 Bartolo e Marcela Gonz\u00e1lez, somos um casal h\u00e1 33 anos, somos pais em Homestay h\u00e1 mais de 20 anos, aproveitando cada minuto aprendendo a cultura de nossos alunos Homestay, que mantemos em contato ao longo dos anos. Eles voltam com sua fam\u00edlia depois de alguns anos em nossa casa, nos tornamos m\u00e3e e pai deste lado da palavra para eles! fazem-nos muito felizes, fazemos os nossos jantares caseiros! Para que eles possam desfrutar de 3 culturas diferentes. Alimentos americanos, chilenos e mexicanos s\u00e3o sempre a prioridade, fa\u00e7a um ambiente seguro, pois nosso palpite \u00e9 o n\u00famero 1, Deus n\u00e3o nos aben\u00e7oou com crian\u00e7as .. ele nos aben\u00e7oou com estudantes em casa de fam\u00edlia. Muito de\r\n              <\/p>\r\n            <\/div>\r\n          <\/li>\r\n          <li class=\"families-lists--item\">\r\n            <h3 class=\"families-title\">Washington Family Profile #6<\/h3>\r\n            <figure class=\"families-cover\">\r\n              <img decoding=\"async\" src=\"https:\/\/usssinc.net\/wp-content\/themes\/usss\/images\/families_cover_06.png\" alt=\"\">\r\n            <\/figure>\r\n            <div class=\"families-info\">\r\n              <ul class=\"info-lists\">\r\n                <li class=\"info-lists--item\">Nome: Washington<\/li>\r\n                <li class=\"info-lists--item\">Localiza\u00e7\u00e3o: Norte 20<\/li>\r\n                <li class=\"info-lists--item\">20 minutos de \u00f4nibus de Beverly Hills<\/li>\r\n                <li class=\"info-lists--item\">Animal de estima\u00e7\u00e3o: n\u00e3o<\/li>\r\n              <\/ul>\r\n              <p class=\"families-description\">\r\n              Oi pessoal! J\u00e1 \u00e9 bom ter \/ receber alunos em nossa casa e passar um tempo juntos! Muitas vezes temos uma festa em nossa casa e \u00e9 muito divertido! Nossa fam\u00edlia ficar\u00e1 animada em receb\u00ea-lo! Muito obrigado!\r\n              <\/p>\r\n            <\/div>\r\n          <\/li>\r\n        <\/ul>\r\n      <\/div>\r\n    <\/div>\r\n  <\/section>\r\n  <\/div> <!-- \/\/ #main-contents -->","protected":false},"excerpt":{"rendered":"Nossa casa de fam\u00edlia Recomendamos homestay para pessoas que desejam viver com uma fam\u00edlia americana. Refei\u00e7\u00f5es s\u00e3o fornecidas (caf\u00e9 da manh\u00e3 e jantar) Recomendamos homestay para pessoas que desejam viver com uma fam\u00edlia americana. Refei\u00e7\u00f5es s\u00e3o fornecidas (caf\u00e9 da manh\u00e3 e jantar) Deixe-nos apresentar a voc\u00ea uma de nossas fam\u00edlias anfitri\u00e3s cuidadosamente selecionadas. \u00c1rea Mais [&hellip;]","protected":false},"author":1,"featured_media":0,"parent":0,"menu_order":0,"comment_status":"closed","ping_status":"closed","template":"","meta":[],"yoast_head":"<!-- This site is optimized with the Yoast SEO plugin v20.11 - https:\/\/yoast.com\/wordpress\/plugins\/seo\/ -->\n<title>Homestay - U.S. Support Service Inc<\/title>\n<meta name=\"robots\" content=\"index, follow, max-snippet:-1, max-image-preview:large, max-video-preview:-1\" \/>\n<link rel=\"canonical\" href=\"https:\/\/usssinc.net\/por\/homestay\/\" \/>\n<meta property=\"og:locale\" content=\"en_US\" \/>\n<meta property=\"og:type\" content=\"article\" \/>\n<meta property=\"og:title\" content=\"Homestay - U.S. Support Service Inc\" \/>\n<meta property=\"og:description\" content=\"Nossa casa de fam\u00edlia Recomendamos homestay para pessoas que desejam viver com uma fam\u00edlia americana. Refei\u00e7\u00f5es s\u00e3o fornecidas (caf\u00e9 da manh\u00e3 e jantar) Recomendamos homestay para pessoas que desejam viver com uma fam\u00edlia americana. Refei\u00e7\u00f5es s\u00e3o fornecidas (caf\u00e9 da manh\u00e3 e jantar) Deixe-nos apresentar a voc\u00ea uma de nossas fam\u00edlias anfitri\u00e3s cuidadosamente selecionadas. \u00c1rea Mais [&hellip;]\" \/>\n<meta property=\"og:url\" content=\"https:\/\/usssinc.net\/por\/homestay\/\" \/>\n<meta property=\"og:site_name\" content=\"U.S. Support Service Inc\" \/>\n<meta property=\"article:modified_time\" content=\"2020-12-21T18:53:55+00:00\" \/>\n<meta property=\"og:image\" content=\"https:\/\/usssinc.net\/wp-content\/themes\/usss\/images\/families_cover_01.png\" \/>\n<meta name=\"twitter:card\" content=\"summary_large_image\" \/>\n<meta name=\"twitter:label1\" content=\"Est. reading time\" \/>\n\t<meta name=\"twitter:data1\" content=\"3 minutes\" \/>\n<script type=\"application\/ld+json\" class=\"yoast-schema-graph\">{\"@context\":\"https:\/\/schema.org\",\"@graph\":[{\"@type\":\"WebPage\",\"@id\":\"https:\/\/usssinc.net\/por\/homestay\/\",\"url\":\"https:\/\/usssinc.net\/por\/homestay\/\",\"name\":\"Homestay - U.S. Support Service Inc\",\"isPartOf\":{\"@id\":\"https:\/\/usssinc.net\/por\/#website\"},\"datePublished\":\"2020-04-20T03:18:14+00:00\",\"dateModified\":\"2020-12-21T18:53:55+00:00\",\"breadcrumb\":{\"@id\":\"https:\/\/usssinc.net\/por\/homestay\/#breadcrumb\"},\"inLanguage\":\"en-US\",\"potentialAction\":[{\"@type\":\"ReadAction\",\"target\":[\"https:\/\/usssinc.net\/por\/homestay\/\"]}]},{\"@type\":\"BreadcrumbList\",\"@id\":\"https:\/\/usssinc.net\/por\/homestay\/#breadcrumb\",\"itemListElement\":[{\"@type\":\"ListItem\",\"position\":1,\"name\":\"Home\",\"item\":\"https:\/\/usssinc.net\/por\/\"},{\"@type\":\"ListItem\",\"position\":2,\"name\":\"Homestay\"}]},{\"@type\":\"WebSite\",\"@id\":\"https:\/\/usssinc.net\/por\/#website\",\"url\":\"https:\/\/usssinc.net\/por\/\",\"name\":\"U.S. Support Service Inc\",\"description\":\"Just another USSS Inc Sites site\",\"potentialAction\":[{\"@type\":\"SearchAction\",\"target\":{\"@type\":\"EntryPoint\",\"urlTemplate\":\"https:\/\/usssinc.net\/por\/?s={search_term_string}\"},\"query-input\":\"required name=search_term_string\"}],\"inLanguage\":\"en-US\"}]}<\/script>\n<!-- \/ Yoast SEO plugin. -->","yoast_head_json":{"title":"Homestay - U.S. Support Service Inc","robots":{"index":"index","follow":"follow","max-snippet":"max-snippet:-1","max-image-preview":"max-image-preview:large","max-video-preview":"max-video-preview:-1"},"canonical":"https:\/\/usssinc.net\/por\/homestay\/","og_locale":"en_US","og_type":"article","og_title":"Homestay - U.S. Support Service Inc","og_description":"Nossa casa de fam\u00edlia Recomendamos homestay para pessoas que desejam viver com uma fam\u00edlia americana. Refei\u00e7\u00f5es s\u00e3o fornecidas (caf\u00e9 da manh\u00e3 e jantar) Recomendamos homestay para pessoas que desejam viver com uma fam\u00edlia americana. Refei\u00e7\u00f5es s\u00e3o fornecidas (caf\u00e9 da manh\u00e3 e jantar) Deixe-nos apresentar a voc\u00ea uma de nossas fam\u00edlias anfitri\u00e3s cuidadosamente selecionadas. \u00c1rea Mais [&hellip;]","og_url":"https:\/\/usssinc.net\/por\/homestay\/","og_site_name":"U.S. Support Service Inc","article_modified_time":"2020-12-21T18:53:55+00:00","og_image":[{"url":"https:\/\/usssinc.net\/wp-content\/themes\/usss\/images\/families_cover_01.png"}],"twitter_card":"summary_large_image","twitter_misc":{"Est. reading time":"3 minutes"},"schema":{"@context":"https:\/\/schema.org","@graph":[{"@type":"WebPage","@id":"https:\/\/usssinc.net\/por\/homestay\/","url":"https:\/\/usssinc.net\/por\/homestay\/","name":"Homestay - U.S. Support Service Inc","isPartOf":{"@id":"https:\/\/usssinc.net\/por\/#website"},"datePublished":"2020-04-20T03:18:14+00:00","dateModified":"2020-12-21T18:53:55+00:00","breadcrumb":{"@id":"https:\/\/usssinc.net\/por\/homestay\/#breadcrumb"},"inLanguage":"en-US","potentialAction":[{"@type":"ReadAction","target":["https:\/\/usssinc.net\/por\/homestay\/"]}]},{"@type":"BreadcrumbList","@id":"https:\/\/usssinc.net\/por\/homestay\/#breadcrumb","itemListElement":[{"@type":"ListItem","position":1,"name":"Home","item":"https:\/\/usssinc.net\/por\/"},{"@type":"ListItem","position":2,"name":"Homestay"}]},{"@type":"WebSite","@id":"https:\/\/usssinc.net\/por\/#website","url":"https:\/\/usssinc.net\/por\/","name":"U.S. Support Service Inc","description":"Just another USSS Inc Sites site","potentialAction":[{"@type":"SearchAction","target":{"@type":"EntryPoint","urlTemplate":"https:\/\/usssinc.net\/por\/?s={search_term_string}"},"query-input":"required name=search_term_string"}],"inLanguage":"en-US"}]}},"_links":{"self":[{"href":"https:\/\/usssinc.net\/por\/wp-json\/wp\/v2\/pages\/42"}],"collection":[{"href":"https:\/\/usssinc.net\/por\/wp-json\/wp\/v2\/pages"}],"about":[{"href":"https:\/\/usssinc.net\/por\/wp-json\/wp\/v2\/types\/page"}],"author":[{"embeddable":true,"href":"https:\/\/usssinc.net\/por\/wp-json\/wp\/v2\/users\/1"}],"replies":[{"embeddable":true,"href":"https:\/\/usssinc.net\/por\/wp-json\/wp\/v2\/comments?post=42"}],"version-history":[{"count":4,"href":"https:\/\/usssinc.net\/por\/wp-json\/wp\/v2\/pages\/42\/revisions"}],"predecessor-version":[{"id":343,"href":"https:\/\/usssinc.net\/por\/wp-json\/wp\/v2\/pages\/42\/revisions\/343"}],"wp:attachment":[{"href":"https:\/\/usssinc.net\/por\/wp-json\/wp\/v2\/media?parent=42"}],"curies":[{"name":"wp","href":"https:\/\/api.w.org\/{rel}","templated":true}]}}