{"id":45,"date":"2020-04-20T03:21:26","date_gmt":"2020-04-20T03:21:26","guid":{"rendered":"https:\/\/wp.usssinc.net\/?page_id=45"},"modified":"2026-01-08T03:28:20","modified_gmt":"2026-01-08T03:28:20","slug":"pickup","status":"publish","type":"page","link":"https:\/\/usssinc.net\/por\/pickup\/","title":{"rendered":"Airport Pickup"},"content":{"rendered":"<div id=\"main-contents\" class=\"page-pickup\"><!-- #main-contents -->\n<span class=\"pickup-title\">Servi\u00e7o de transporte de aeroporto<\/span>\n<p class=\"pickup-description pc\">Servi\u00e7o de transporte seguro e confort\u00e1vel\nOferecemos um servi\u00e7o seguro e conveniente porta a porta do aeroporto at\u00e9 a sua acomoda\u00e7\u00e3o. Se voc\u00ea \u00e9 novo em LA, recomendamos altamente este servi\u00e7o. Oferecemos um servi\u00e7o seguro e conveniente porta a porta do aeroporto at\u00e9 sua acomoda\u00e7\u00e3o<\/p>\n<p class=\"pickup-description sp\">Servi\u00e7o de transporte seguro e confort\u00e1vel\nOferecemos um servi\u00e7o seguro e conveniente porta a porta do aeroporto at\u00e9 a sua acomoda\u00e7\u00e3o. Se voc\u00ea \u00e9 novo em LA, recomendamos altamente este servi\u00e7o. Oferecemos um servi\u00e7o seguro e conveniente porta a porta do aeroporto at\u00e9 sua acomoda\u00e7\u00e3o<\/p>\n\n<section class=\"pickup\">\n<div class=\"wrapper\">\n<div class=\"pickup-contents\">\n<figure class=\"cover-img\"><img decoding=\"async\" src=\"https:\/\/usssinc.net\/wp-content\/themes\/usss\/images\/img_pickup_cover_img02.jpg\" alt=\"\"><\/figure>\n<h3 class=\"inner-title\"><span>F\u00e1cil de encontrar<\/span><\/h3>\n<div class=\"find\">\n<div class=\"info\">\n<figure class=\"cover-find-sp\"><img decoding=\"async\" src=\"https:\/\/usssinc.net\/wp-content\/themes\/usss\/images\/pickup.jpg\" alt=\"\"><\/figure>\n<h4 class=\"inner-subtitle\">Nossa equipe USSS estar\u00e1 esperando por voc\u00ea no aeroporto<\/h4>\n<p class=\"pickup-description\">Nossa equipe USSS estar\u00e1 esperando por voc\u00ea no port\u00e3o do aeroporto LAX, e eles estar\u00e3o vestindo uma camiseta rosa brilhante com o logotipo da USSS. Procure por nosso membro da equipe que est\u00e1 segurando uma placa com seu nome.<\/p>\n\n<\/div>\n<figure class=\"cover-find\"><img decoding=\"async\" src=\"https:\/\/usssinc.net\/wp-content\/themes\/usss\/images\/pickup.jpg\" alt=\"\"><\/figure>\n<\/div>\n<\/div>\n<\/div>\n<\/section>\n<section class=\"price\">\n<div class=\"wrapper\">\n<div class=\"price-contents\">\n<h3 class=\"price-title\"><span>Pre\u00e7o<\/span><\/h3>\n<p class=\"price-description\">Cobramos uma taxa fixa, independentemente da localiza\u00e7\u00e3o<\/p>\n\n<div class=\"price-table01\">\n<div class=\"tabs\">\n<h3 class=\"tabs-title\">Pegar\/Bucasr<\/h3>\n<div class=\"tabs--item\">\n<div class=\"left\">\n\n8:00 AM &#8211; 8:00 PM\n\n<\/div>\n<div class=\"right\">\n\n$170\n\n<\/div>\n<\/div>\n<div class=\"tabs--item\">\n<div class=\"left\">\n\n8:01 PM &#8211; 10:00 PM\n\n<\/div>\n<div class=\"right\">\n\n$170+ $40\n\n<\/div>\n<\/div>\n<div class=\"tabs--item\">\n<div class=\"left\">\n\n10:00 PM &#8211; 7:59 AM\n\n<\/div>\n<div class=\"right\">\n\nN\u00e3o dispon\u00edvel\n\n<\/div>\n<\/div>\n<div class=\"etc\">&#8220;Podemos busc\u00e1-lo a partir das 8h\nO servi\u00e7o de transporte s\u00f3 estar\u00e1 dispon\u00edvel para voos que cheguem antes das 20:00<\/div>\n<\/div>\n<div class=\"tabs\">\n<h3 class=\"tabs-title\">Deixar<\/h3>\n<div class=\"tabs--item\">\n<div class=\"left\">\n\n7:00 AM &#8211; 7:00 PM\n\n<\/div>\n<div class=\"right\">\n\n$150\n\n<\/div>\n<\/div>\n<div class=\"tabs--item\">\n<div class=\"left\">\n\n6:00 AM &#8211; 6:59 AM\n\n<\/div>\n<div class=\"right\">\n\n$150+ $40\n\n<\/div>\n<\/div>\n<div class=\"tabs--item\">\n<div class=\"left\">\n\n7:01 PM &#8211; 5:59 AM\n\n<\/div>\n<div class=\"right\">\n\nN\u00e3o dispon\u00edvel\n\n<\/div>\n<\/div>\n<div class=\"etc\">ThSer\u00e1 aplicado o hor\u00e1rio de pick up ao seu alojamento.\nSe nosso servi\u00e7o de transporte n\u00e3o estiver dispon\u00edvel, ficaremos felizes em ajud\u00e1-lo a reservar um Uber, Lyft, etc.<\/div>\n<\/div>\n<\/div>\n<span class=\"precaution\">Observa\u00e7\u00e3o Este servi\u00e7o \u00e9 oferecido apenas para pessoas que ficar\u00e3o hospedadas em uma resid\u00eancia USSS<\/span>\n<div class=\"contact-table\">\n<div class=\"info-wrapper\">\n<div class=\"info-left\">\n<h4 class=\"info-title\">N\u00famero de contato de emerg\u00eancia<\/h4>\n<\/div>\n<div class=\"info-right\">\n            <span class=\"emergency\">N\u00famero de contato de emerg\u00eancia<\/span><\/div>\n<div>+1 310-766-6016<\/div>\n<\/div>\n<div class=\"etc-contact\">Ligue para o n\u00famero de emerg\u00eancia se houver cancelamento ou atraso do voo.<\/div>\n<\/div>\n<\/div>\n<\/div>\n<\/section><\/div>\n<!-- \/\/ #main-contents -->","protected":false},"excerpt":{"rendered":"Servi\u00e7o de transporte de aeroporto Servi\u00e7o de transporte seguro e confort\u00e1vel Oferecemos um servi\u00e7o seguro e conveniente porta a porta do aeroporto at\u00e9 a sua acomoda\u00e7\u00e3o. Se voc\u00ea \u00e9 novo em LA, recomendamos altamente este servi\u00e7o. Oferecemos um servi\u00e7o seguro e conveniente porta a porta do aeroporto at\u00e9 sua acomoda\u00e7\u00e3o Servi\u00e7o de transporte seguro e [&hellip;]","protected":false},"author":1,"featured_media":0,"parent":0,"menu_order":0,"comment_status":"closed","ping_status":"closed","template":"page-pickup.php","meta":[],"yoast_head":"<!-- This site is optimized with the Yoast SEO plugin v20.11 - https:\/\/yoast.com\/wordpress\/plugins\/seo\/ -->\n<title>Airport Pickup - U.S. Support Service Inc<\/title>\n<meta name=\"robots\" content=\"index, follow, max-snippet:-1, max-image-preview:large, max-video-preview:-1\" \/>\n<link rel=\"canonical\" href=\"https:\/\/usssinc.net\/por\/pickup\/\" \/>\n<meta property=\"og:locale\" content=\"en_US\" \/>\n<meta property=\"og:type\" content=\"article\" \/>\n<meta property=\"og:title\" content=\"Airport Pickup - U.S. Support Service Inc\" \/>\n<meta property=\"og:description\" content=\"Servi\u00e7o de transporte de aeroporto Servi\u00e7o de transporte seguro e confort\u00e1vel Oferecemos um servi\u00e7o seguro e conveniente porta a porta do aeroporto at\u00e9 a sua acomoda\u00e7\u00e3o. Se voc\u00ea \u00e9 novo em LA, recomendamos altamente este servi\u00e7o. Oferecemos um servi\u00e7o seguro e conveniente porta a porta do aeroporto at\u00e9 sua acomoda\u00e7\u00e3o Servi\u00e7o de transporte seguro e [&hellip;]\" \/>\n<meta property=\"og:url\" content=\"https:\/\/usssinc.net\/por\/pickup\/\" \/>\n<meta property=\"og:site_name\" content=\"U.S. Support Service Inc\" \/>\n<meta property=\"article:modified_time\" content=\"2026-01-08T03:28:20+00:00\" \/>\n<meta property=\"og:image\" content=\"https:\/\/usssinc.net\/wp-content\/themes\/usss\/images\/img_pickup_cover_img02.jpg\" \/>\n<meta name=\"twitter:card\" content=\"summary_large_image\" \/>\n<meta name=\"twitter:label1\" content=\"Est. reading time\" \/>\n\t<meta name=\"twitter:data1\" content=\"2 minutes\" \/>\n<script type=\"application\/ld+json\" class=\"yoast-schema-graph\">{\"@context\":\"https:\/\/schema.org\",\"@graph\":[{\"@type\":\"WebPage\",\"@id\":\"https:\/\/usssinc.net\/por\/pickup\/\",\"url\":\"https:\/\/usssinc.net\/por\/pickup\/\",\"name\":\"Airport Pickup - U.S. Support Service Inc\",\"isPartOf\":{\"@id\":\"https:\/\/usssinc.net\/por\/#website\"},\"datePublished\":\"2020-04-20T03:21:26+00:00\",\"dateModified\":\"2026-01-08T03:28:20+00:00\",\"breadcrumb\":{\"@id\":\"https:\/\/usssinc.net\/por\/pickup\/#breadcrumb\"},\"inLanguage\":\"en-US\",\"potentialAction\":[{\"@type\":\"ReadAction\",\"target\":[\"https:\/\/usssinc.net\/por\/pickup\/\"]}]},{\"@type\":\"BreadcrumbList\",\"@id\":\"https:\/\/usssinc.net\/por\/pickup\/#breadcrumb\",\"itemListElement\":[{\"@type\":\"ListItem\",\"position\":1,\"name\":\"Home\",\"item\":\"https:\/\/usssinc.net\/por\/\"},{\"@type\":\"ListItem\",\"position\":2,\"name\":\"Airport Pickup\"}]},{\"@type\":\"WebSite\",\"@id\":\"https:\/\/usssinc.net\/por\/#website\",\"url\":\"https:\/\/usssinc.net\/por\/\",\"name\":\"U.S. Support Service Inc\",\"description\":\"Just another USSS Inc Sites site\",\"potentialAction\":[{\"@type\":\"SearchAction\",\"target\":{\"@type\":\"EntryPoint\",\"urlTemplate\":\"https:\/\/usssinc.net\/por\/?s={search_term_string}\"},\"query-input\":\"required name=search_term_string\"}],\"inLanguage\":\"en-US\"}]}<\/script>\n<!-- \/ Yoast SEO plugin. -->","yoast_head_json":{"title":"Airport Pickup - U.S. Support Service Inc","robots":{"index":"index","follow":"follow","max-snippet":"max-snippet:-1","max-image-preview":"max-image-preview:large","max-video-preview":"max-video-preview:-1"},"canonical":"https:\/\/usssinc.net\/por\/pickup\/","og_locale":"en_US","og_type":"article","og_title":"Airport Pickup - U.S. Support Service Inc","og_description":"Servi\u00e7o de transporte de aeroporto Servi\u00e7o de transporte seguro e confort\u00e1vel Oferecemos um servi\u00e7o seguro e conveniente porta a porta do aeroporto at\u00e9 a sua acomoda\u00e7\u00e3o. Se voc\u00ea \u00e9 novo em LA, recomendamos altamente este servi\u00e7o. Oferecemos um servi\u00e7o seguro e conveniente porta a porta do aeroporto at\u00e9 sua acomoda\u00e7\u00e3o Servi\u00e7o de transporte seguro e [&hellip;]","og_url":"https:\/\/usssinc.net\/por\/pickup\/","og_site_name":"U.S. Support Service Inc","article_modified_time":"2026-01-08T03:28:20+00:00","og_image":[{"url":"https:\/\/usssinc.net\/wp-content\/themes\/usss\/images\/img_pickup_cover_img02.jpg"}],"twitter_card":"summary_large_image","twitter_misc":{"Est. reading time":"2 minutes"},"schema":{"@context":"https:\/\/schema.org","@graph":[{"@type":"WebPage","@id":"https:\/\/usssinc.net\/por\/pickup\/","url":"https:\/\/usssinc.net\/por\/pickup\/","name":"Airport Pickup - U.S. Support Service Inc","isPartOf":{"@id":"https:\/\/usssinc.net\/por\/#website"},"datePublished":"2020-04-20T03:21:26+00:00","dateModified":"2026-01-08T03:28:20+00:00","breadcrumb":{"@id":"https:\/\/usssinc.net\/por\/pickup\/#breadcrumb"},"inLanguage":"en-US","potentialAction":[{"@type":"ReadAction","target":["https:\/\/usssinc.net\/por\/pickup\/"]}]},{"@type":"BreadcrumbList","@id":"https:\/\/usssinc.net\/por\/pickup\/#breadcrumb","itemListElement":[{"@type":"ListItem","position":1,"name":"Home","item":"https:\/\/usssinc.net\/por\/"},{"@type":"ListItem","position":2,"name":"Airport Pickup"}]},{"@type":"WebSite","@id":"https:\/\/usssinc.net\/por\/#website","url":"https:\/\/usssinc.net\/por\/","name":"U.S. Support Service Inc","description":"Just another USSS Inc Sites site","potentialAction":[{"@type":"SearchAction","target":{"@type":"EntryPoint","urlTemplate":"https:\/\/usssinc.net\/por\/?s={search_term_string}"},"query-input":"required name=search_term_string"}],"inLanguage":"en-US"}]}},"_links":{"self":[{"href":"https:\/\/usssinc.net\/por\/wp-json\/wp\/v2\/pages\/45"}],"collection":[{"href":"https:\/\/usssinc.net\/por\/wp-json\/wp\/v2\/pages"}],"about":[{"href":"https:\/\/usssinc.net\/por\/wp-json\/wp\/v2\/types\/page"}],"author":[{"embeddable":true,"href":"https:\/\/usssinc.net\/por\/wp-json\/wp\/v2\/users\/1"}],"replies":[{"embeddable":true,"href":"https:\/\/usssinc.net\/por\/wp-json\/wp\/v2\/comments?post=45"}],"version-history":[{"count":5,"href":"https:\/\/usssinc.net\/por\/wp-json\/wp\/v2\/pages\/45\/revisions"}],"predecessor-version":[{"id":380,"href":"https:\/\/usssinc.net\/por\/wp-json\/wp\/v2\/pages\/45\/revisions\/380"}],"wp:attachment":[{"href":"https:\/\/usssinc.net\/por\/wp-json\/wp\/v2\/media?parent=45"}],"curies":[{"name":"wp","href":"https:\/\/api.w.org\/{rel}","templated":true}]}}