{"id":52,"date":"2020-04-20T03:32:04","date_gmt":"2020-04-20T03:32:04","guid":{"rendered":"https:\/\/wp.usssinc.net\/?page_id=52"},"modified":"2020-12-23T19:08:43","modified_gmt":"2020-12-23T19:08:43","slug":"voice","status":"publish","type":"page","link":"https:\/\/usssinc.net\/por\/voice\/","title":{"rendered":"Student Testimonials"},"content":{"rendered":"<div id=\"main-contents\" class=\"page-voice\"> <!-- #main-contents -->\r\n    <section class=\"residence\">\r\n      <div class=\"wrapper\">\r\n        <div class=\"residence-contents\">\r\n          <h2 class=\"residence-title\"><p>Resid\u00eancia Luxualy<\/p><\/h2>\r\n          <div class=\"residence-lists\">\r\n            <div class=\"residence-lists--item\">\r\n              <div class=\"info\">\r\n                <p class=\"name\">Marco<\/p>\r\n                <div class=\"sub-info\">\r\n                  <p class=\"sub-info--item\">Fiquei na Resid\u00eancia Brockton<\/p>\r\n                  <p class=\"sub-info--item\">Da It\u00e1lia<\/p>\r\n                <\/div>\r\n                <figure class=\"cover-sp\">\r\n                  <img decoding=\"async\" src=\"https:\/\/usssinc.net\/wp-content\/themes\/usss\/images\/img_voice_residence_01.png\" alt=\"\">\r\n                <\/figure>\r\n                <div class=\"quote\">\r\n                  <p>\r\n                    O Dormit\u00f3rio Brockton estava acima das minhas expectativas! O apartamento era limpo, aconchegante e espa\u00e7oso, me senti em casa durante a minha estadia. O bairro era super seguro e bem localizado. Os pontos de \u00f4nibus ficavam a apenas 5 minutos a p\u00e9, voc\u00ea poder\u00e1 chegar \u00e0 escola e a muitos pontos famosos em poucos minutos. Mercearias, farm\u00e1cias, bares etc\u2026 est\u00e3o muito pr\u00f3ximos e abertos at\u00e9 tarde. A equipe da USSS foi muito prestativa, amig\u00e1vel e super profissional!\r\n                  <\/p>\r\n                <\/div>\r\n              <\/div>\r\n              <figure class=\"cover\">\r\n                <img decoding=\"async\" src=\"https:\/\/usssinc.net\/wp-content\/themes\/usss\/images\/img_voice_residence_01.png\" alt=\"\">\r\n              <\/figure>\r\n            <\/div>\r\n            <div class=\"residence-lists--item\">\r\n              <div class=\"info\">\r\n                <p class=\"name\">Mizuki<\/p>\r\n                <div class=\"sub-info\">\r\n                  <p class=\"sub-info--item\">Fiquei na Resid\u00eancia Bakman<\/p>\r\n                  <p class=\"sub-info--item\">Do Jap\u00e3o<\/p>\r\n                <\/div>\r\n                <figure class=\"cover-sp\">\r\n                  <img decoding=\"async\" src=\"https:\/\/usssinc.net\/wp-content\/themes\/usss\/images\/img_voice_residence_02.png\" alt=\"\">\r\n                <\/figure>\r\n                <div class=\"quote\">\r\n                  <p>\r\n                    Voc\u00ea pode fazer amizade com pessoas do mundo todo e experimentar uma vida em LA! Al\u00e9m disso, este dormit\u00f3rio \u00e9 t\u00e3o limpo e conveniente que voc\u00ea pode se divertir com seguran\u00e7a, mesmo se for a primeira vez que esteja visitando Los Angeles.\r\n                  <\/p>\r\n                <\/div>\r\n              <\/div>\r\n              <figure class=\"cover\">\r\n                <img decoding=\"async\" src=\"https:\/\/usssinc.net\/wp-content\/themes\/usss\/images\/img_voice_residence_02.png\" alt=\"\">\r\n              <\/figure>\r\n            <\/div>\r\n            <div class=\"residence-lists--item\">\r\n              <div class=\"info\">\r\n                <p class=\"name\">Raphael<\/p>\r\n                <div class=\"sub-info\">\r\n                  <p class=\"sub-info--item\">Fiquei na Resid\u00eancia Poinsettia<\/p>\r\n                  <p class=\"sub-info--item\">Da Fran\u00e7a<\/p>\r\n                <\/div>\r\n                <figure class=\"cover-sp\">\r\n                  <img decoding=\"async\" src=\"https:\/\/usssinc.net\/wp-content\/themes\/usss\/images\/img_voice_residence_03.png\" alt=\"\">\r\n                <\/figure>\r\n                <div class=\"quote\">\r\n                  <p>\r\n                    Experi\u00eancia incr\u00edvel. Eu conheci pessoas de todo o mundo. O dormit\u00f3rio \u00e9 limpo, organizado e muito aconchegante. \u00d3tima localiza\u00e7\u00e3o, seguro e muito perto de um shopping muito agrad\u00e1vel. Eu o recomendo para quem quer se divertir em LA.\r\n                  <\/p>\r\n                <\/div>\r\n              <\/div>\r\n              <figure class=\"cover\">\r\n                <img decoding=\"async\" src=\"https:\/\/usssinc.net\/wp-content\/themes\/usss\/images\/img_voice_residence_03.png\" alt=\"\">\r\n              <\/figure>\r\n            <\/div>\r\n          <\/div>\r\n          <a href=\"https:\/\/usssinc.net\/residence\" class=\"residence-button\">Veja nossa resid\u00eancia<\/a>\r\n        <\/div>\r\n      <\/div>\r\n    <\/section>\r\n    <section class=\"homestay\">\r\n      <div class=\"wrapper\">\r\n        <div class=\"homestay-contents\">\r\n          <h2 class=\"homestay-title\"><p>Homestay<\/p><\/h2>\r\n          <div class=\"homestay-lists\">\r\n            <div class=\"homestay-lists--item\">\r\n              <div class=\"info\">\r\n                <p class=\"name\">Ami<\/p>\r\n                <div class=\"sub-info\">\r\n                  <p class=\"sub-info--item\">Fiquei em casa de fam\u00edlia<\/p>\r\n                  <p class=\"sub-info--item\">Do Jap\u00e3o<\/p>\r\n                <\/div>\r\n                <figure class=\"cover-sp\">\r\n                  <img decoding=\"async\" src=\"https:\/\/usssinc.net\/wp-content\/themes\/usss\/images\/img_voice_homestay_01.png\" alt=\"\">\r\n                <\/figure>\r\n                <div class=\"quote\">\r\n                  <p>\r\n                    Estive em 2 casas de fam\u00edlia durante minha estada nos Estados Unidos por meio m\u00eas cada. Eu estava um pouco ansioso, mas tamb\u00e9m queria aproveitar. Foram tantas as diferen\u00e7as culturais, mas foi uma \u00f3tima chance de saber como ver a caltura americana. Eu falo ingl\u00eas o tempo todo, h\u00e1 eventos e festas em todos os feriados e voc\u00ea poderia ter mais amigos na minha opini\u00e3o. Eu n\u00e3o sabia nada sobre a Am\u00e9rica antes de vir para ela, mas sei que sei muitas coisas e amo LA.\r\n                  <\/p>\r\n                <\/div>\r\n              <\/div>\r\n              <figure class=\"cover\">\r\n                <img decoding=\"async\" src=\"https:\/\/usssinc.net\/wp-content\/themes\/usss\/images\/img_voice_homestay_01.png\" alt=\"\">\r\n              <\/figure>\r\n            <\/div>\r\n            <div class=\"homestay-lists--item\">\r\n              <div class=\"info\">\r\n                <p class=\"name\">Yuka Seiki<\/p>\r\n                <div class=\"sub-info\">\r\n                  <p class=\"sub-info--item\">Fiquei em casa de fam\u00edlia<\/p>\r\n                  <p class=\"sub-info--item\">Do Jap\u00e3o<\/p>\r\n                <\/div>\r\n                <figure class=\"cover-sp\">\r\n                  <img decoding=\"async\" src=\"https:\/\/usssinc.net\/wp-content\/themes\/usss\/images\/img_voice_homestay_02.png\" alt=\"\">\r\n                <\/figure>\r\n                <div class=\"quote\">\r\n                  <p>\r\n                    Passar um tempo com a fam\u00edlia americana \u00e9 a melhor maneira de experimentar a cultura real. Eles me ensinaram g\u00edrias engra\u00e7adas, conversas di\u00e1rias e seus h\u00e1bitos \u00fanicos. \u00c0s vezes, h\u00e1 diferen\u00e7as culturais, mas voc\u00ea vai gostar!\r\n                  <\/p>\r\n                <\/div>\r\n              <\/div>\r\n              <figure class=\"cover\">\r\n                <img decoding=\"async\" src=\"https:\/\/usssinc.net\/wp-content\/themes\/usss\/images\/img_voice_homestay_02.png\" alt=\"\">\r\n              <\/figure>\r\n            <\/div>\r\n            <div class=\"homestay-lists--item\">\r\n              <div class=\"info\">\r\n                <p class=\"name\">Iori Kubota<\/p>\r\n                <div class=\"sub-info\">\r\n                  <p class=\"sub-info--item\">Hospedado em casa de fam\u00edlia do Jap\u00e3o<\/p>\r\n                  <p class=\"sub-info--item\">Do Jap\u00e3o<\/p>\r\n                <\/div>\r\n                <figure class=\"cover-sp\">\r\n                  <img decoding=\"async\" src=\"https:\/\/usssinc.net\/wp-content\/themes\/usss\/images\/img_voice_homestay_03.png\" alt=\"\">\r\n                <\/figure>\r\n                <div class=\"quote\">\r\n                  <p>\r\n                    Tenho muita sorte que a primeira acomoda\u00e7\u00e3o seja esta casa porque nossa casa \u00e9 muito limpa e muito confort\u00e1vel para mim. A m\u00e3e anfitri\u00e3 \u00e9 atenciosa, al\u00e9m disso, quando jantamos, sempre conversamos sobre a hist\u00f3ria uma da outra. Ela sempre me ensina a cultura americana.<br \/>\r\n                    Acho que essa \u00e9 uma chance exclusiva para voc\u00ea. Se voc\u00ea se preocupa com sua vida neste pa\u00eds, recomendo fortemente que fique em casa de fam\u00edlia.\r\n                  <\/p>\r\n                <\/div>\r\n              <\/div>\r\n              <figure class=\"cover\">\r\n                <img decoding=\"async\" src=\"https:\/\/usssinc.net\/wp-content\/themes\/usss\/images\/img_voice_homestay_03.png\" alt=\"\">\r\n              <\/figure>\r\n            <\/div>\r\n          <\/div>\r\n          <a href=\"https:\/\/usssinc.net\/homestay\" class=\"homestay-button\">Veja nossa homestay<\/a>\r\n        <\/div>\r\n      <\/div>\r\n    <\/section>\r\n  <\/div> <!-- \/\/ #main-contents -->","protected":false},"excerpt":{"rendered":"Resid\u00eancia Luxualy Marco Fiquei na Resid\u00eancia Brockton Da It\u00e1lia O Dormit\u00f3rio Brockton estava acima das minhas expectativas! O apartamento era limpo, aconchegante e espa\u00e7oso, me senti em casa durante a minha estadia. O bairro era super seguro e bem localizado. Os pontos de \u00f4nibus ficavam a apenas 5 minutos a p\u00e9, voc\u00ea poder\u00e1 chegar \u00e0 [&hellip;]","protected":false},"author":1,"featured_media":0,"parent":0,"menu_order":0,"comment_status":"closed","ping_status":"closed","template":"","meta":[],"yoast_head":"<!-- This site is optimized with the Yoast SEO plugin v20.11 - https:\/\/yoast.com\/wordpress\/plugins\/seo\/ -->\n<title>Student Testimonials - U.S. Support Service Inc<\/title>\n<meta name=\"robots\" content=\"index, follow, max-snippet:-1, max-image-preview:large, max-video-preview:-1\" \/>\n<link rel=\"canonical\" href=\"https:\/\/usssinc.net\/por\/voice\/\" \/>\n<meta property=\"og:locale\" content=\"en_US\" \/>\n<meta property=\"og:type\" content=\"article\" \/>\n<meta property=\"og:title\" content=\"Student Testimonials - U.S. Support Service Inc\" \/>\n<meta property=\"og:description\" content=\"Resid\u00eancia Luxualy Marco Fiquei na Resid\u00eancia Brockton Da It\u00e1lia O Dormit\u00f3rio Brockton estava acima das minhas expectativas! O apartamento era limpo, aconchegante e espa\u00e7oso, me senti em casa durante a minha estadia. O bairro era super seguro e bem localizado. Os pontos de \u00f4nibus ficavam a apenas 5 minutos a p\u00e9, voc\u00ea poder\u00e1 chegar \u00e0 [&hellip;]\" \/>\n<meta property=\"og:url\" content=\"https:\/\/usssinc.net\/por\/voice\/\" \/>\n<meta property=\"og:site_name\" content=\"U.S. Support Service Inc\" \/>\n<meta property=\"article:modified_time\" content=\"2020-12-23T19:08:43+00:00\" \/>\n<meta property=\"og:image\" content=\"https:\/\/usssinc.net\/wp-content\/themes\/usss\/images\/img_voice_residence_01.png\" \/>\n<meta name=\"twitter:card\" content=\"summary_large_image\" \/>\n<meta name=\"twitter:label1\" content=\"Est. reading time\" \/>\n\t<meta name=\"twitter:data1\" content=\"2 minutes\" \/>\n<script type=\"application\/ld+json\" class=\"yoast-schema-graph\">{\"@context\":\"https:\/\/schema.org\",\"@graph\":[{\"@type\":\"WebPage\",\"@id\":\"https:\/\/usssinc.net\/por\/voice\/\",\"url\":\"https:\/\/usssinc.net\/por\/voice\/\",\"name\":\"Student Testimonials - U.S. Support Service Inc\",\"isPartOf\":{\"@id\":\"https:\/\/usssinc.net\/por\/#website\"},\"datePublished\":\"2020-04-20T03:32:04+00:00\",\"dateModified\":\"2020-12-23T19:08:43+00:00\",\"breadcrumb\":{\"@id\":\"https:\/\/usssinc.net\/por\/voice\/#breadcrumb\"},\"inLanguage\":\"en-US\",\"potentialAction\":[{\"@type\":\"ReadAction\",\"target\":[\"https:\/\/usssinc.net\/por\/voice\/\"]}]},{\"@type\":\"BreadcrumbList\",\"@id\":\"https:\/\/usssinc.net\/por\/voice\/#breadcrumb\",\"itemListElement\":[{\"@type\":\"ListItem\",\"position\":1,\"name\":\"Home\",\"item\":\"https:\/\/usssinc.net\/por\/\"},{\"@type\":\"ListItem\",\"position\":2,\"name\":\"Student Testimonials\"}]},{\"@type\":\"WebSite\",\"@id\":\"https:\/\/usssinc.net\/por\/#website\",\"url\":\"https:\/\/usssinc.net\/por\/\",\"name\":\"U.S. Support Service Inc\",\"description\":\"Just another USSS Inc Sites site\",\"potentialAction\":[{\"@type\":\"SearchAction\",\"target\":{\"@type\":\"EntryPoint\",\"urlTemplate\":\"https:\/\/usssinc.net\/por\/?s={search_term_string}\"},\"query-input\":\"required name=search_term_string\"}],\"inLanguage\":\"en-US\"}]}<\/script>\n<!-- \/ Yoast SEO plugin. -->","yoast_head_json":{"title":"Student Testimonials - U.S. Support Service Inc","robots":{"index":"index","follow":"follow","max-snippet":"max-snippet:-1","max-image-preview":"max-image-preview:large","max-video-preview":"max-video-preview:-1"},"canonical":"https:\/\/usssinc.net\/por\/voice\/","og_locale":"en_US","og_type":"article","og_title":"Student Testimonials - U.S. Support Service Inc","og_description":"Resid\u00eancia Luxualy Marco Fiquei na Resid\u00eancia Brockton Da It\u00e1lia O Dormit\u00f3rio Brockton estava acima das minhas expectativas! O apartamento era limpo, aconchegante e espa\u00e7oso, me senti em casa durante a minha estadia. O bairro era super seguro e bem localizado. Os pontos de \u00f4nibus ficavam a apenas 5 minutos a p\u00e9, voc\u00ea poder\u00e1 chegar \u00e0 [&hellip;]","og_url":"https:\/\/usssinc.net\/por\/voice\/","og_site_name":"U.S. Support Service Inc","article_modified_time":"2020-12-23T19:08:43+00:00","og_image":[{"url":"https:\/\/usssinc.net\/wp-content\/themes\/usss\/images\/img_voice_residence_01.png"}],"twitter_card":"summary_large_image","twitter_misc":{"Est. reading time":"2 minutes"},"schema":{"@context":"https:\/\/schema.org","@graph":[{"@type":"WebPage","@id":"https:\/\/usssinc.net\/por\/voice\/","url":"https:\/\/usssinc.net\/por\/voice\/","name":"Student Testimonials - U.S. Support Service Inc","isPartOf":{"@id":"https:\/\/usssinc.net\/por\/#website"},"datePublished":"2020-04-20T03:32:04+00:00","dateModified":"2020-12-23T19:08:43+00:00","breadcrumb":{"@id":"https:\/\/usssinc.net\/por\/voice\/#breadcrumb"},"inLanguage":"en-US","potentialAction":[{"@type":"ReadAction","target":["https:\/\/usssinc.net\/por\/voice\/"]}]},{"@type":"BreadcrumbList","@id":"https:\/\/usssinc.net\/por\/voice\/#breadcrumb","itemListElement":[{"@type":"ListItem","position":1,"name":"Home","item":"https:\/\/usssinc.net\/por\/"},{"@type":"ListItem","position":2,"name":"Student Testimonials"}]},{"@type":"WebSite","@id":"https:\/\/usssinc.net\/por\/#website","url":"https:\/\/usssinc.net\/por\/","name":"U.S. Support Service Inc","description":"Just another USSS Inc Sites site","potentialAction":[{"@type":"SearchAction","target":{"@type":"EntryPoint","urlTemplate":"https:\/\/usssinc.net\/por\/?s={search_term_string}"},"query-input":"required name=search_term_string"}],"inLanguage":"en-US"}]}},"_links":{"self":[{"href":"https:\/\/usssinc.net\/por\/wp-json\/wp\/v2\/pages\/52"}],"collection":[{"href":"https:\/\/usssinc.net\/por\/wp-json\/wp\/v2\/pages"}],"about":[{"href":"https:\/\/usssinc.net\/por\/wp-json\/wp\/v2\/types\/page"}],"author":[{"embeddable":true,"href":"https:\/\/usssinc.net\/por\/wp-json\/wp\/v2\/users\/1"}],"replies":[{"embeddable":true,"href":"https:\/\/usssinc.net\/por\/wp-json\/wp\/v2\/comments?post=52"}],"version-history":[{"count":3,"href":"https:\/\/usssinc.net\/por\/wp-json\/wp\/v2\/pages\/52\/revisions"}],"predecessor-version":[{"id":348,"href":"https:\/\/usssinc.net\/por\/wp-json\/wp\/v2\/pages\/52\/revisions\/348"}],"wp:attachment":[{"href":"https:\/\/usssinc.net\/por\/wp-json\/wp\/v2\/media?parent=52"}],"curies":[{"name":"wp","href":"https:\/\/api.w.org\/{rel}","templated":true}]}}