{"id":11,"date":"2020-04-15T02:25:27","date_gmt":"2020-04-15T02:25:27","guid":{"rendered":"https:\/\/wp.usssinc.net\/?page_id=5"},"modified":"2021-01-13T18:55:24","modified_gmt":"2021-01-13T18:55:24","slug":"about","status":"publish","type":"page","link":"https:\/\/usssinc.net\/sp\/about\/","title":{"rendered":"Sobre nosotros"},"content":{"rendered":"<div id=\"main-contents\" class=\"page-about\"> <!-- #main-contents -->\r\n  <section class=\"goal\">\r\n    <div class=\"goal-contents\">\r\n      <p class=\"goal-title\">Nuestro objetivo<span>Alta experiencia a bajo costo<\/span><\/p>\r\n      <div class=\"wrapper\">\r\n        <span class=\"goal-description\">\r\n          USSS, Student Services INC. (EE. UU.)\r\n        <\/span>\r\n        <span class=\"goal-description\">\r\n          USSS atiende a diversas solicitudes con\r\nalta calidad en el alojamiento y a un precio razonable.\r\n        <\/span>\r\n        <span class=\"goal-description\">Los \u00c1ngeles &#8211; una de las ciudades m\u00e1s multiculturales de la Am\u00e9rica.<br \/>\r\n          Le ayudaremos y le proporcionaremos un alojamiento seguro y c\u00f3modo.<br \/>\r\n          dem\u00e1s de nuestra asistencia para el alojamiento, tambi\u00e9n le apoyaremos con nuestros programas asociados de ESL y baile.\r\n        <\/span>\r\n        <span class=\"goal-description\">\r\n        La familia anfitriona cuidadosamente seleccionada lo recibir\u00e1 como uno de los miembros de su propia familia para que usted se sienta bienvenido y as\u00ed maximizar su experiencia cultural.\r\n        <\/span>\r\n      <\/div>\r\n    <\/div>\r\n  <\/section>\r\n  <section class=\"about-staff\">\r\n    <h2 class=\"about-staff-title\">Aqu\u00ed est\u00e1n los miembros de nuestro personal que le apoyar\u00e1n <br \/>Soporte en 10 idiomas<\/h2>\r\n    <div class=\"wrapper\">\r\n      <div class=\"about-staff-contents\">\r\n        <div class=\"staff-item\">\r\n          <figure class=\"staff-cover\">\r\n            <img decoding=\"async\" src=\"https:\/\/wp.usssinc.net\/wp-content\/themes\/usss\/images\/staff_img_01.png\" alt=\"\">\r\n          <\/figure>\r\n          <h3 class=\"staff-title\">\u00c1rea de Westwood<\/h3>\r\n        <\/div>\r\n        <div class=\"staff-item\">\r\n          <figure class=\"staff-cover\">\r\n            <img decoding=\"async\" src=\"https:\/\/wp.usssinc.net\/wp-content\/themes\/usss\/images\/staff_img_02.png\" alt=\"\">\r\n          <\/figure>\r\n          <h3 class=\"staff-title\">\u00c1rea de Hollywood<\/h3>\r\n        <\/div>\r\n      <\/div>\r\n    <\/div>\r\n  <\/section>\r\n  <\/div> <!-- \/\/ #main-contents -->","protected":false},"excerpt":{"rendered":"Nuestro objetivoAlta experiencia a bajo costo USSS, Student Services INC. (EE. UU.) USSS atiende a diversas solicitudes con alta calidad en el alojamiento y a un precio razonable. Los \u00c1ngeles &#8211; una de las ciudades m\u00e1s multiculturales de la Am\u00e9rica. Le ayudaremos y le proporcionaremos un alojamiento seguro y c\u00f3modo. dem\u00e1s de nuestra asistencia para [&hellip;]","protected":false},"author":1,"featured_media":0,"parent":0,"menu_order":0,"comment_status":"closed","ping_status":"closed","template":"","meta":[],"yoast_head":"<!-- This site is optimized with the Yoast SEO plugin v20.11 - https:\/\/yoast.com\/wordpress\/plugins\/seo\/ -->\n<title>Sobre nosotros - U.S. Support Service Inc<\/title>\n<meta name=\"robots\" content=\"index, follow, max-snippet:-1, max-image-preview:large, max-video-preview:-1\" \/>\n<link rel=\"canonical\" href=\"https:\/\/usssinc.net\/sp\/about\/\" \/>\n<meta property=\"og:locale\" content=\"en_US\" \/>\n<meta property=\"og:type\" content=\"article\" \/>\n<meta property=\"og:title\" content=\"Sobre nosotros - U.S. Support Service Inc\" \/>\n<meta property=\"og:description\" content=\"Nuestro objetivoAlta experiencia a bajo costo USSS, Student Services INC. (EE. UU.) USSS atiende a diversas solicitudes con alta calidad en el alojamiento y a un precio razonable. Los \u00c1ngeles &#8211; una de las ciudades m\u00e1s multiculturales de la Am\u00e9rica. Le ayudaremos y le proporcionaremos un alojamiento seguro y c\u00f3modo. dem\u00e1s de nuestra asistencia para [&hellip;]\" \/>\n<meta property=\"og:url\" content=\"https:\/\/usssinc.net\/sp\/about\/\" \/>\n<meta property=\"og:site_name\" content=\"U.S. Support Service Inc\" \/>\n<meta property=\"article:modified_time\" content=\"2021-01-13T18:55:24+00:00\" \/>\n<meta property=\"og:image\" content=\"https:\/\/wp.usssinc.net\/wp-content\/themes\/usss\/images\/staff_img_01.png\" \/>\n<meta name=\"twitter:card\" content=\"summary_large_image\" \/>\n<meta name=\"twitter:label1\" content=\"Est. reading time\" \/>\n\t<meta name=\"twitter:data1\" content=\"1 minute\" \/>\n<script type=\"application\/ld+json\" class=\"yoast-schema-graph\">{\"@context\":\"https:\/\/schema.org\",\"@graph\":[{\"@type\":\"WebPage\",\"@id\":\"https:\/\/usssinc.net\/sp\/about\/\",\"url\":\"https:\/\/usssinc.net\/sp\/about\/\",\"name\":\"Sobre nosotros - U.S. Support Service Inc\",\"isPartOf\":{\"@id\":\"https:\/\/usssinc.net\/sp\/#website\"},\"datePublished\":\"2020-04-15T02:25:27+00:00\",\"dateModified\":\"2021-01-13T18:55:24+00:00\",\"breadcrumb\":{\"@id\":\"https:\/\/usssinc.net\/sp\/about\/#breadcrumb\"},\"inLanguage\":\"en-US\",\"potentialAction\":[{\"@type\":\"ReadAction\",\"target\":[\"https:\/\/usssinc.net\/sp\/about\/\"]}]},{\"@type\":\"BreadcrumbList\",\"@id\":\"https:\/\/usssinc.net\/sp\/about\/#breadcrumb\",\"itemListElement\":[{\"@type\":\"ListItem\",\"position\":1,\"name\":\"Home\",\"item\":\"https:\/\/usssinc.net\/sp\/\"},{\"@type\":\"ListItem\",\"position\":2,\"name\":\"Sobre nosotros\"}]},{\"@type\":\"WebSite\",\"@id\":\"https:\/\/usssinc.net\/sp\/#website\",\"url\":\"https:\/\/usssinc.net\/sp\/\",\"name\":\"U.S. Support Service Inc\",\"description\":\"Offering high quality of housing in Los Angeles for short and long term\",\"potentialAction\":[{\"@type\":\"SearchAction\",\"target\":{\"@type\":\"EntryPoint\",\"urlTemplate\":\"https:\/\/usssinc.net\/sp\/?s={search_term_string}\"},\"query-input\":\"required name=search_term_string\"}],\"inLanguage\":\"en-US\"}]}<\/script>\n<!-- \/ Yoast SEO plugin. -->","yoast_head_json":{"title":"Sobre nosotros - U.S. Support Service Inc","robots":{"index":"index","follow":"follow","max-snippet":"max-snippet:-1","max-image-preview":"max-image-preview:large","max-video-preview":"max-video-preview:-1"},"canonical":"https:\/\/usssinc.net\/sp\/about\/","og_locale":"en_US","og_type":"article","og_title":"Sobre nosotros - U.S. Support Service Inc","og_description":"Nuestro objetivoAlta experiencia a bajo costo USSS, Student Services INC. (EE. UU.) USSS atiende a diversas solicitudes con alta calidad en el alojamiento y a un precio razonable. Los \u00c1ngeles &#8211; una de las ciudades m\u00e1s multiculturales de la Am\u00e9rica. Le ayudaremos y le proporcionaremos un alojamiento seguro y c\u00f3modo. dem\u00e1s de nuestra asistencia para [&hellip;]","og_url":"https:\/\/usssinc.net\/sp\/about\/","og_site_name":"U.S. Support Service Inc","article_modified_time":"2021-01-13T18:55:24+00:00","og_image":[{"url":"https:\/\/wp.usssinc.net\/wp-content\/themes\/usss\/images\/staff_img_01.png"}],"twitter_card":"summary_large_image","twitter_misc":{"Est. reading time":"1 minute"},"schema":{"@context":"https:\/\/schema.org","@graph":[{"@type":"WebPage","@id":"https:\/\/usssinc.net\/sp\/about\/","url":"https:\/\/usssinc.net\/sp\/about\/","name":"Sobre nosotros - U.S. Support Service Inc","isPartOf":{"@id":"https:\/\/usssinc.net\/sp\/#website"},"datePublished":"2020-04-15T02:25:27+00:00","dateModified":"2021-01-13T18:55:24+00:00","breadcrumb":{"@id":"https:\/\/usssinc.net\/sp\/about\/#breadcrumb"},"inLanguage":"en-US","potentialAction":[{"@type":"ReadAction","target":["https:\/\/usssinc.net\/sp\/about\/"]}]},{"@type":"BreadcrumbList","@id":"https:\/\/usssinc.net\/sp\/about\/#breadcrumb","itemListElement":[{"@type":"ListItem","position":1,"name":"Home","item":"https:\/\/usssinc.net\/sp\/"},{"@type":"ListItem","position":2,"name":"Sobre nosotros"}]},{"@type":"WebSite","@id":"https:\/\/usssinc.net\/sp\/#website","url":"https:\/\/usssinc.net\/sp\/","name":"U.S. Support Service Inc","description":"Offering high quality of housing in Los Angeles for short and long term","potentialAction":[{"@type":"SearchAction","target":{"@type":"EntryPoint","urlTemplate":"https:\/\/usssinc.net\/sp\/?s={search_term_string}"},"query-input":"required name=search_term_string"}],"inLanguage":"en-US"}]}},"_links":{"self":[{"href":"https:\/\/usssinc.net\/sp\/wp-json\/wp\/v2\/pages\/11"}],"collection":[{"href":"https:\/\/usssinc.net\/sp\/wp-json\/wp\/v2\/pages"}],"about":[{"href":"https:\/\/usssinc.net\/sp\/wp-json\/wp\/v2\/types\/page"}],"author":[{"embeddable":true,"href":"https:\/\/usssinc.net\/sp\/wp-json\/wp\/v2\/users\/1"}],"replies":[{"embeddable":true,"href":"https:\/\/usssinc.net\/sp\/wp-json\/wp\/v2\/comments?post=11"}],"version-history":[{"count":3,"href":"https:\/\/usssinc.net\/sp\/wp-json\/wp\/v2\/pages\/11\/revisions"}],"predecessor-version":[{"id":371,"href":"https:\/\/usssinc.net\/sp\/wp-json\/wp\/v2\/pages\/11\/revisions\/371"}],"wp:attachment":[{"href":"https:\/\/usssinc.net\/sp\/wp-json\/wp\/v2\/media?parent=11"}],"curies":[{"name":"wp","href":"https:\/\/api.w.org\/{rel}","templated":true}]}}