{"id":164,"date":"2020-05-06T01:57:58","date_gmt":"2020-05-06T01:57:58","guid":{"rendered":"https:\/\/wp.usssinc.net\/?page_id=164"},"modified":"2020-12-23T18:49:27","modified_gmt":"2020-12-23T18:49:27","slug":"other","status":"publish","type":"page","link":"https:\/\/usssinc.net\/sp\/other\/","title":{"rendered":"Pay"},"content":{"rendered":"<?php \/* Template Name: Other Page SP *\/ ?>\r\n\r\n<?php get_header(''); ?>\r\n\r\n<section id=\"banner\" class=\"banner-bottom\">\r\n    <div class=\"banner-slide\">\r\n      <div class=\"banner-slide--item\">\r\n        <figure class=\"banner-cover\" style=\"background-image: url('<?php echo get_template_directory_uri(); ?>\/images\/banner_bottom.png&#8217;);&#8221;>\r\n            <div class=\"banner-info\">\r\n              <h2 class=\"banner-title\">\r\n              Pagos\r\n              <\/h2>\r\n            <\/div>\r\n        <\/figure>\r\n      <\/div>\r\n    <\/div>\r\n    <a href=\"#main-contents\" class=\"scroll-button\">Desplazarse<\/a>\r\n  <\/section>\r\n\r\n<div id=\"contents-wrap\"> <!-- #contents-wrap -->\r\n  <div id=\"main-contents\" class=\"page-payother\"> <!-- #main-contents -->\r\n\r\n  <section class=\"download\">\r\n    <div class=\"wrapper\">\r\n      <h2 class=\"download-title\">Puede pagar en esta p\u00e1gina su alquiler as\u00ed como otros asuntos.<br>Sirvase llenar la siguiente informaci\u00f3n.<\/h2>\r\n      <div class=\"download-contents\">\r\n        <span class=\"download-text\">*Campo obligatorio<\/span>\r\n        <form action=\"<?php echo esc_url( home_url( '\/' )); ?>other\/confirm\/&#8221; method=&#8221;post&#8221;>\r\n          <table class=\"download-table\">\r\n            <tr>\r\n              <td>Nombre:<\/td>\r\n              <td>\r\n                <div class=\"select-wrapper\">\r\n                  <span>Nombre(s)<\/span>\r\n                  <input type=\"text\" name=\"fname\" placeholder=\"\" required>\r\n                <\/div>\r\n                <div class=\"select-wrapper\">\r\n                  <span>Apellido(s)<\/span>\r\n                  <input type=\"text\" name=\"lname\" placeholder=\"\" required>\r\n                <\/div>\r\n              <\/td>\r\n            <\/tr>\r\n            <tr>\r\n              <td>Fecha de Nacimiento:<\/td>\r\n              <td>\r\n                <div class=\"select-wrapper select-date\">\r\n                  <input type=\"text\" name=\"bmonth\" placeholder=\"Month\" required>\r\n                <\/div>\r\n                <div class=\"select-wrapper select-date\">\r\n                  <input type=\"text\" name=\"bdate\" placeholder=\"Date\" required>\r\n                <\/div>\r\n                <div class=\"select-wrapper select-date\">\r\n                  <input type=\"text\" name=\"byear\" placeholder=\"Year\" required>\r\n                <\/div>\r\n              <\/td>\r\n            <\/tr>\r\n            <tr>\r\n              <td>Correo electr\u00f3nico*<\/td>\r\n              <td>\r\n                <input type=\"email\" name=\"email\" id=\"email\" required>\r\n                <span class=\"confirm\">Please enter your email one more time<\/span>\r\n                <input type=\"email\" name=\"email\" id=\"confemail\" onblur=\"confirmEmail()\">\r\n                <span class=\"err\"><\/span>\r\n                <div class=\"select-wrapper select-block\">\r\n              <\/td>\r\n            <\/tr>\r\n          <\/table>\r\n          <div class=\"detail\">\r\n            <div class=\"detail-contents\">\r\n              <span class=\"detail-title\">Detalles de pago<\/span>\r\n              <span class=\"detail-subtitle\">Ingrese la cantidad que le enviamos a trav\u00e9s de correo electr\u00f3nico.<\/span>\r\n              <table class=\"detail-table\">\r\n                <tr>\r\n                  <td>\r\n                  <span class=\"sign\">\uff04<\/span>  <input type=\"number\" id=\"txtValue\" name=\"total\" placeholder=\"0\" min=\"0\" step=\"0.01\">\r\n                  <\/td>\r\n                <\/tr>\r\n                <tr>\r\n                  <td><p>Monto total del pago<\/p><span class=\"total\">\uff04<\/span><span class=\"total\" id=\"txtTotal\">0<\/span><\/td>\r\n                <\/tr>\r\n              <\/table>\r\n            <\/div>\r\n          <\/div>\r\n\r\n          <div class=\"policy\">\r\n              <span class=\"inner-title\">Pol\u00edtica de cancelaci\u00f3n<\/span>\r\n              <p>\r\n              Pol\u00edtica de cancelaci\u00f3n de U.S. Support Services Inc.<br>\r\n              <br>\r\n              Puede cancelar su reserva en cualquier momento. Sin embargo, el monto del reembolso se basa en los siguientes t\u00e9rminos de reembolso. Informe a nuestra oficina en U.S. Support Services Inc. si tiene la intenci\u00f3n de cancelar. <br><br>\r\n              Si cancela a m\u00e1s de 30 d\u00edas antes de la fecha programada de su estad\u00eda, U.S. Support Services Inc. le reembolsar\u00e1 el 100% del monto que haya depositado. Si nos notifica su cancelaci\u00f3n dentro de los 30 d\u00edas previos a su fecha de llegada programada, a\u00fan tendr\u00e1 que pagar la tarifa de acomodaci\u00f3n ($270 o $300, para acomodaci\u00f3n en dormitorio y casa de familia, respectivamente). Adem\u00e1s, seguir\u00e1 siendo responsable del alquiler que habr\u00eda pagado durante las 4 semanas posteriores a la fecha de cancelaci\u00f3n, de acuerdo con las regulaciones de vivienda de California. <br><br>\r\n              Por ejemplo, si cancel\u00f3 el 29\/1 &#8211; una semana antes del inicio de su estad\u00eda: para un per\u00edodo de solicitud de estad\u00eda del 01\/02\/2020 al 15\/02\/2020 (es decir, un per\u00edodo de estad\u00eda de 2 semanas), la tarifa de acomodaci\u00f3n y las 2 semanas completas de alquiler no ser\u00edan reembolsables. <br><br>\r\n              Sin embargo, para un per\u00edodo de solicitud de estad\u00eda del 2\/1\/2020 al 3\/7\/2020 (es decir, un per\u00edodo de estad\u00eda de 5 semanas), la tarifa de acomodaci\u00f3n y 3 semanas de alquiler (2\/1\/2020 &#8211; 2\/26\/2020) no ser\u00edan reembolsables, pero se reembolsar\u00eda el alquiler de la \u00faltima semana (27\/2\/2020 &#8211; 7\/3\/2020).  <br><br>\r\n              *De acuerdo con las leyes de California, una vez que se haya mudado, el alquiler por el per\u00edodo de estad\u00eda no ser\u00e1 reembolsable.<br><br>\r\n              Para recibir un reembolso, debe completar un formulario de reembolso dentro de los 6 meses posteriores a la notificaci\u00f3n de su cancelaci\u00f3n y enviarlo a U.S. Support Services Inc. No podemos aceptar ninguna solicitud de reembolso enviada m\u00e1s de 6 meses despu\u00e9s de la fecha de cancelaci\u00f3n. El dinero se reembolsar\u00e1 dentro de los 30 d\u00edas posteriores a la presentaci\u00f3n y procesamiento del formulario de reembolso. <br><br>\r\n              Si cancela el servicio de traslado al aeropuerto con m\u00e1s de 72 horas antes de su llegada al aeropuerto, U.S. Support Services Inc. le reembolsar\u00e1 el 100% de los cargos cobrados. Tenga en cuenta que no hay reembolso por cancelaciones realizadas dentro de las 72 horas previas a su llegada al aeropuerto o en caso de cambio de vuelo. <br><br>\r\n              *En caso de que su hora de llegada cambie (por ejemplo, debido a un cambio de vuelo) y necesite reprogramar la hora de recogida en el aeropuerto, se aplicar\u00e1 una nueva tarifa de recogida en el aeropuerto. Una vez que se mude, no podr\u00e1 cancelar el servicio de traslado al aeropuerto (Drop off) y no ser\u00e1 reembolsable. <br><br>\r\n              Si una solicitud a U.S. Support Services Inc. est\u00e1 siendo procesada por un agente autorizado, el procesamiento del reembolso correspondiente estar\u00e1 sujeto al acuerdo contractual entre el agente y el cliente. Si tiene m\u00e1s preguntas, comun\u00edquese con su agente.<br><br>\r\n              \uff08Solicitud en l\u00ednea)<br><br>\r\n              Al marcar la casilla a continuaci\u00f3n, por la presente certifico que los hechos establecidos anteriormente son completos y verdaderos seg\u00fan mi leal saber y entender. Acepto que mi solicitud no ser\u00e1 procesada hasta que U.S.S.S. haya recibido $270\/$300 de m\u00ed para la colocaci\u00f3n en una casa de familia o en un dormitorio. (Si un estudiante rechaza nuestro servicio de recogida en el aeropuerto, se le cobrar\u00e1n $30 adicionales).]<br><br>\r\n              Acepto que perder\u00e9 el saldo restante de cualquier pago de alquiler (hasta 30 d\u00edas), adem\u00e1s de incluir una tarifa de cancelaci\u00f3n de $270\/$300, si cancelo el arrendamiento de la vivienda a menos de 30 d\u00edas antes de la fecha de ocupaci\u00f3n como se indica arriba. Acepto que se cobrar\u00e1 una tarifa de cancelaci\u00f3n de $135 si cancelo el servicio de recogida en el aeropuerto o cambio mi vuelo a menos de 72 horas antes de la hora de llegada programada. Si pospongo mi fecha de llegada de la fecha indicada anteriormente, entiendo que se me cobrar\u00e1 una nueva tarifa de colocaci\u00f3n o una tarifa de alquiler. Tambi\u00e9n entiendo que debo pagar una tarifa de mantenimiento y un dep\u00f3sito de seguridad a mi llegada. La tarifa de mantenimiento no es reembolsable. El dep\u00f3sito de seguridad es reembolsable despu\u00e9s de la salida, siempre que no haya da\u00f1os a la habitaci\u00f3n ni a la propiedad. Se debe completar un formulario de solicitud de reembolso. Esta solicitud es para el contrato de alquiler peri\u00f3dico, y el per\u00edodo de mi estad\u00eda se especifica arriba.<br><br>\r\n              Acepto mudarme en la fecha anterior. Tengo la opci\u00f3n de extender mi estad\u00eda solo si hay disponibilidad. Entiendo que si estoy inscrito en Mentor Language Institute y cancelo mi inscripci\u00f3n, mi alojamiento en U.S.S.S. terminar\u00e1. La terminaci\u00f3n ocurrir\u00e1 dentro del per\u00edodo de gracia. Entiendo que la falsificaci\u00f3n de cualquier informaci\u00f3n en este formulario resultar\u00e1 en la p\u00e9rdida de la tarifa de colocaci\u00f3n sin reembolso. He le\u00eddo y acepto estos t\u00e9rminos.<br><br>\r\n              (Recogida en el aeropuerto)<br><br>\r\n              La hora de recogida en el aeropuerto ser\u00e1 entre las 8 AM y las 8 PM El horario de check in ser\u00e1 entre las 9 AM y las 9 PM. La hora de recogida en su dormitorio o casa de familia ser\u00e1 de 7 AM a 7 PM. Todos los residentes deben hacer el check out antes de las 12 PM. No podemos garantizar la recogida en el aeropuerto si la hora de recogida es diferente a la indicada anteriormente. H\u00e1ganos saber ANTES de comprar su boleto de avi\u00f3n para asegurarse de si su recogida est\u00e1 disponible o no. Cobraremos $35 si tenemos que recoger o dejar fuera del horario anterior.<br><br>\r\n              La recogida en el aeropuerto incluir\u00e1:<br><br>\r\n              <ol>\r\n              <li>I. Recogida en el aeropuerto internacional de Los \u00c1ngeles (LAX) <li>\r\n              <li>II. Dejar en su dormitorio\/casa de familia<\/li>\r\n              <li>III. Explicar c\u00f3mo ir a la escuela (solo MLI)<\/li>\r\n              <li>IV. Explicar las reglas en el dormitorio y el contrato\/acuerdo<\/li>\r\n              <\/ol>\r\n              El traslado al aeropuerto incluir\u00e1:<br><br>\r\n              <ol>\r\n              <li>I. Recogida en su dormitorio\/casa de familia<\/li>\r\n              <li>II. Llevarle al Aeropuerto Internacional de Los \u00c1ngeles (LAX)<\/li>\r\n              <li>III. Ayudarle a registrarse en el aeropuerto.<\/li>\r\n              (Alquiler)<br><br>\r\n              El contrato es un acuerdo de alquiler peri\u00f3dico. Una vez que se mude a nuestro alojamiento, no le reembolsaremos nada de su alquiler ni cancelaremos el contrato\/acuerdo.\r\n              <\/p>\r\n            <\/div>\r\n\r\n          <div class=\"checker\">\r\n            <input type=\"checkbox\" name=\"agree\" id=\"agree\" value=\"\" required>\r\n            <label for=\"agree\">Acepto la pol\u00edtica de cancelaci\u00f3n.<\/label>\r\n          <\/div>\r\n\r\n          <button type=\"submit\" class=\"btn-download\">Continuar a la p\u00e1gina de pago<\/button>\r\n        <\/form>\r\n      <\/div>\r\n      <a href=\"<?php echo esc_url( home_url( '\/' ) ); ?>&#8221; class=&#8221;backtop-button&#8221;>Ir a Inicio<\/a>\r\n    <\/div>\r\n\r\n  <\/section>  \r\n\r\n  <\/div> <!-- \/\/ #main-contents -->\r\n  \r\n<\/div> <!-- \/\/ #contents-wrap -->\r\n\r\n  <section id=\"breadcrumbs\">\r\n    <div class=\"wrapper\">\r\n      <div class=\"breadcrumbs-contents\">\r\n        <a href=\"<?php echo esc_url( home_url( '\/' ) ); ?>&#8220;>Inicio<\/a>\r\n        <a href=\"<?php echo esc_url( home_url( '\/' ) ); ?>other&#8221; class=&#8221;active&#8221;>Pagar<\/a>\r\n      <\/div>\r\n    <\/div>\r\n  <\/section>\r\n\r\n  <?php get_footer('bottom'); ?>","protected":false},"excerpt":{"rendered":"","protected":false},"author":1,"featured_media":0,"parent":0,"menu_order":0,"comment_status":"closed","ping_status":"closed","template":"page-other_sp.php","meta":[],"yoast_head":"<!-- This site is optimized with the Yoast SEO plugin v20.11 - https:\/\/yoast.com\/wordpress\/plugins\/seo\/ -->\n<title>Pay - U.S. Support Service Inc<\/title>\n<meta name=\"robots\" content=\"index, follow, max-snippet:-1, max-image-preview:large, max-video-preview:-1\" \/>\n<link rel=\"canonical\" href=\"https:\/\/usssinc.net\/sp\/other\/\" \/>\n<meta property=\"og:locale\" content=\"en_US\" \/>\n<meta property=\"og:type\" content=\"article\" \/>\n<meta property=\"og:title\" content=\"Pay - U.S. Support Service Inc\" \/>\n<meta property=\"og:url\" content=\"https:\/\/usssinc.net\/sp\/other\/\" \/>\n<meta property=\"og:site_name\" content=\"U.S. Support Service Inc\" \/>\n<meta property=\"article:modified_time\" content=\"2020-12-23T18:49:27+00:00\" \/>\n<meta name=\"twitter:card\" content=\"summary_large_image\" \/>\n<script type=\"application\/ld+json\" class=\"yoast-schema-graph\">{\"@context\":\"https:\/\/schema.org\",\"@graph\":[{\"@type\":\"WebPage\",\"@id\":\"https:\/\/usssinc.net\/sp\/other\/\",\"url\":\"https:\/\/usssinc.net\/sp\/other\/\",\"name\":\"Pay - U.S. Support Service Inc\",\"isPartOf\":{\"@id\":\"https:\/\/usssinc.net\/sp\/#website\"},\"datePublished\":\"2020-05-06T01:57:58+00:00\",\"dateModified\":\"2020-12-23T18:49:27+00:00\",\"breadcrumb\":{\"@id\":\"https:\/\/usssinc.net\/sp\/other\/#breadcrumb\"},\"inLanguage\":\"en-US\",\"potentialAction\":[{\"@type\":\"ReadAction\",\"target\":[\"https:\/\/usssinc.net\/sp\/other\/\"]}]},{\"@type\":\"BreadcrumbList\",\"@id\":\"https:\/\/usssinc.net\/sp\/other\/#breadcrumb\",\"itemListElement\":[{\"@type\":\"ListItem\",\"position\":1,\"name\":\"Home\",\"item\":\"https:\/\/usssinc.net\/sp\/\"},{\"@type\":\"ListItem\",\"position\":2,\"name\":\"Pay\"}]},{\"@type\":\"WebSite\",\"@id\":\"https:\/\/usssinc.net\/sp\/#website\",\"url\":\"https:\/\/usssinc.net\/sp\/\",\"name\":\"U.S. Support Service Inc\",\"description\":\"Offering high quality of housing in Los Angeles for short and long term\",\"potentialAction\":[{\"@type\":\"SearchAction\",\"target\":{\"@type\":\"EntryPoint\",\"urlTemplate\":\"https:\/\/usssinc.net\/sp\/?s={search_term_string}\"},\"query-input\":\"required name=search_term_string\"}],\"inLanguage\":\"en-US\"}]}<\/script>\n<!-- \/ Yoast SEO plugin. -->","yoast_head_json":{"title":"Pay - U.S. Support Service Inc","robots":{"index":"index","follow":"follow","max-snippet":"max-snippet:-1","max-image-preview":"max-image-preview:large","max-video-preview":"max-video-preview:-1"},"canonical":"https:\/\/usssinc.net\/sp\/other\/","og_locale":"en_US","og_type":"article","og_title":"Pay - U.S. Support Service Inc","og_url":"https:\/\/usssinc.net\/sp\/other\/","og_site_name":"U.S. Support Service Inc","article_modified_time":"2020-12-23T18:49:27+00:00","twitter_card":"summary_large_image","schema":{"@context":"https:\/\/schema.org","@graph":[{"@type":"WebPage","@id":"https:\/\/usssinc.net\/sp\/other\/","url":"https:\/\/usssinc.net\/sp\/other\/","name":"Pay - U.S. Support Service Inc","isPartOf":{"@id":"https:\/\/usssinc.net\/sp\/#website"},"datePublished":"2020-05-06T01:57:58+00:00","dateModified":"2020-12-23T18:49:27+00:00","breadcrumb":{"@id":"https:\/\/usssinc.net\/sp\/other\/#breadcrumb"},"inLanguage":"en-US","potentialAction":[{"@type":"ReadAction","target":["https:\/\/usssinc.net\/sp\/other\/"]}]},{"@type":"BreadcrumbList","@id":"https:\/\/usssinc.net\/sp\/other\/#breadcrumb","itemListElement":[{"@type":"ListItem","position":1,"name":"Home","item":"https:\/\/usssinc.net\/sp\/"},{"@type":"ListItem","position":2,"name":"Pay"}]},{"@type":"WebSite","@id":"https:\/\/usssinc.net\/sp\/#website","url":"https:\/\/usssinc.net\/sp\/","name":"U.S. Support Service Inc","description":"Offering high quality of housing in Los Angeles for short and long term","potentialAction":[{"@type":"SearchAction","target":{"@type":"EntryPoint","urlTemplate":"https:\/\/usssinc.net\/sp\/?s={search_term_string}"},"query-input":"required name=search_term_string"}],"inLanguage":"en-US"}]}},"_links":{"self":[{"href":"https:\/\/usssinc.net\/sp\/wp-json\/wp\/v2\/pages\/164"}],"collection":[{"href":"https:\/\/usssinc.net\/sp\/wp-json\/wp\/v2\/pages"}],"about":[{"href":"https:\/\/usssinc.net\/sp\/wp-json\/wp\/v2\/types\/page"}],"author":[{"embeddable":true,"href":"https:\/\/usssinc.net\/sp\/wp-json\/wp\/v2\/users\/1"}],"replies":[{"embeddable":true,"href":"https:\/\/usssinc.net\/sp\/wp-json\/wp\/v2\/comments?post=164"}],"version-history":[{"count":2,"href":"https:\/\/usssinc.net\/sp\/wp-json\/wp\/v2\/pages\/164\/revisions"}],"predecessor-version":[{"id":347,"href":"https:\/\/usssinc.net\/sp\/wp-json\/wp\/v2\/pages\/164\/revisions\/347"}],"wp:attachment":[{"href":"https:\/\/usssinc.net\/sp\/wp-json\/wp\/v2\/media?parent=164"}],"curies":[{"name":"wp","href":"https:\/\/api.w.org\/{rel}","templated":true}]}}