{"id":19,"date":"2020-04-15T03:35:09","date_gmt":"2020-04-15T03:35:09","guid":{"rendered":"https:\/\/wp.usssinc.net\/?page_id=19"},"modified":"2021-01-13T18:57:39","modified_gmt":"2021-01-13T18:57:39","slug":"faq","status":"publish","type":"page","link":"https:\/\/usssinc.net\/sp\/faq\/","title":{"rendered":"Preguntas frecuentes"},"content":{"rendered":"<div id=\"main-contents\" class=\"page-faq\"> <!-- #main-contents -->\r\n  <section class=\"faq\">\r\n    <div class=\"wrapper\">\r\n      <div class=\"faq-contents\">\r\n        <div class=\"q-lists\">\r\n          <div class=\"q-lists--item\">\r\n            <a href=\"#Q1\">\r\n              <p>\u00bfC\u00f3mo puedo inscribirme\uff1f<\/p>\r\n            <\/a>\r\n          <\/div>\r\n          <div class=\"q-lists--item\">\r\n            <a href=\"#Q2\">\r\n              <p>\u00bfNecesitar\u00e9 limpiar las habitaciones?<\/p>\r\n            <\/a>\r\n          <\/div>\r\n          <div class=\"q-lists--item\">\r\n            <a href=\"#Q3\">\r\n              <p>\u00bfPuedo cambiarme a otro tipo de alojamiento? (por ejemplo, dormitorio a casa de familia) <\/p>\r\n            <\/a>\r\n          <\/div>\r\n          <div class=\"q-lists--item\">\r\n            <a href=\"#Q4\">\r\n              <p>\u00bfCu\u00e1l es la pol\u00edtica de cancelaci\u00f3n?<\/p>\r\n            <\/a>\r\n          <\/div>\r\n          <div class=\"q-lists--item\">\r\n            <a href=\"#Q5\">\r\n              <p>\u00bfPuedo ver la casa de la familia anfitriona antes de mudarme?<\/p>\r\n            <\/a>\r\n          <\/div>\r\n          <div class=\"q-lists--item\">\r\n            <a href=\"#Q6\">\r\n              <p>\u00bfCu\u00e1ndo recuperar\u00e9 mi dep\u00f3sito de seguridad?<\/p>\r\n            <\/a>\r\n          <\/div>\r\n\t\t\t\t\t<div class=\"q-lists--item\">\r\n            <a href=\"#Q13\">\r\n              <p>\u00bfCu\u00e1ntos ba\u00f1os hay?<\/p>\r\n            <\/a>\r\n          <\/div>\r\n          <div class=\"q-lists--item\">\r\n            <a href=\"#Q14\">\r\n              <p>\u00bfHay toque de queda?<\/p>\r\n            <\/a>\r\n          <\/div>\r\n          <div class=\"q-lists--item\">\r\n            <a href=\"#Q15\">\r\n              <p>\u00bfPuedo beber alcohol?<\/p>\r\n            <\/a>\r\n          <\/div>\r\n          <div class=\"q-lists--item\">\r\n            <a href=\"#Q16\">\r\n              <p>\u00bfHay una sala o zona para fumadores?<\/p>\r\n            <\/a>\r\n          <\/div>\r\n          <div class=\"q-lists--item\">\r\n            <a href=\"#Q17\">\r\n              <p>\u00bfHay lavadora?<\/p>\r\n            <\/a>\r\n          <\/div>\r\n          <div class=\"q-lists--item\">\r\n            <a href=\"#Q18\">\r\n              <p>\u00bfPuedo cambiar de habitaci\u00f3n?<\/p>\r\n            <\/a>\r\n          <\/div>\r\n        <\/div>\r\n        <div class=\"q-contents-lists\">\r\n          <div class=\"q-contents-lists--item\" id=\"Q1\">\r\n            <div class=\"q-header\">\r\n              <p>\u00bfC\u00f3mo puedo inscribirme?<\/p>\r\n            <\/div>\r\n            <div class=\"q-info\">\r\n              <p>\r\n                Dir\u00edjase a Solicitar en l\u00ednea y llene su informaci\u00f3n.\r\n              <\/p>\r\n            <\/div>\r\n          <\/div>\r\n          <div class=\"q-contents-lists--item\" id=\"Q2\">\r\n            <div class=\"q-header\">\r\n              <p>\u00bfNecesitar\u00e9 limpiar las habitaciones?<\/p>\r\n            <\/div>\r\n            <div class=\"q-info\">\r\n              <p>\r\n                Contratamos personales de limpieza profesionales para las \u00e1reas compartidas as\u00ed como el ba\u00f1o, la cocina y la sala de estar.\r\n              <\/p>\r\n            <\/div>\r\n          <\/div>\r\n          <div class=\"q-contents-lists--item\" id=\"Q3\">\r\n            <div class=\"q-header\">\r\n              <p>\u00bfPuedo cambiarme a otro tipo de alojamiento? (por ejemplo, dormitorio a casa de familia) <\/p>\r\n            <\/div>\r\n            <div class=\"q-info\">\r\n              <p>\r\n                S\u00ed puede. Solo tendr\u00e1 que pagar la mitad del precio de la tarifa de acomodaci\u00f3n, as\u00ed como la diferencia de alquiler (si es aplicable)\r\n              <\/p>\r\n            <\/div>\r\n          <\/div>\r\n          <div class=\"q-contents-lists--item\" id=\"Q4\">\r\n            <div class=\"q-header\">\r\n              <p>\u00bfCu\u00e1l es la pol\u00edtica de cancelaci\u00f3n??<\/p>\r\n            <\/div>\r\n            <div class=\"q-info\">\r\n              <p>\r\n                Si cancela 30 d\u00edas o m\u00e1s antes de la fecha de la mudanza, se te reembolsar\u00e1 por completo.\r\nSi se comunica con nosotros dentro de los 30 d\u00edas posteriores a la fecha de su mudanza, la tarifa de acomodaci\u00f3n ser\u00e1 la tarifa de cancelaci\u00f3n. Tambi\u00e9n cobraremos 4 semanas de alquiler seg\u00fan la ley estatal de California (consulta la pol\u00edtica de cancelaci\u00f3n para obtener m\u00e1s detalles)\r\n              <\/p>\r\n            <\/div>\r\n          <\/div>\r\n          <div class=\"q-contents-lists--item\" id=\"Q5\">\r\n            <div class=\"q-header\">\r\n              <p>\u00bfPuedo ver la casa de la familia anfitriona antes de mudarme?<\/p>\r\n            <\/div>\r\n            <div class=\"q-info\">\r\n              <p>\r\n                Lamentablemente no lo puede hacer. Sin embargo, si tiene alguna solicitud, propondremos la mejor familia para satisfacer sus necesidades.\r\n              <\/p>\r\n            <\/div>\r\n          <\/div>\r\n          <div class=\"q-contents-lists--item\" id=\"Q6\">\r\n            <div class=\"q-header\">\r\n              <p>\u00bfCu\u00e1ndo recuperar\u00e9 mi dep\u00f3sito de seguridad?<\/p>\r\n            <\/div>\r\n            <div class=\"q-info\">\r\n              <p>\r\n               Debe pagar el dep\u00f3sito de seguridad de $ 200 cuando se muda. (Visa o Mastercard si paga con tarjeta de cr\u00e9dito) Al mudarte, deber\u00e1s completar un formulario de Aviso de Reembolso para poder efectu\u00e1rlo. Por lo general, toma 2 semanas recibir el reembolso.\r\n              <\/p>\r\n            <\/div>\r\n          <\/div>\r\n\t\t\t\t\t<div class=\"q-contents-lists--item\" id=\"Q13\">\r\n            <div class=\"q-header\">\r\n              <p>\u00bfCu\u00e1ntos ba\u00f1os hay?<\/p>\r\n            <\/div>\r\n            <div class=\"q-info\">\r\n              <p>\r\n                Cada dormitorio tiene un ba\u00f1o. Bakman tiene 3 dormitorios y 2 ba\u00f1os.\r\n              <\/p>\r\n            <\/div>\r\n          <\/div>\r\n          <div class=\"q-contents-lists--item\" id=\"Q14\">\r\n            <div class=\"q-header\">\r\n              <p>\u00bfHay horario de ingreso restringido en la noche?<\/p>\r\n            <\/div>\r\n            <div class=\"q-info\">\r\n              <p>\r\n               No, pero s\u00e9 respetuoso y considerado con los dem\u00e1s.\r\n              <\/p>\r\n            <\/div>\r\n          <\/div>\r\n          <div class=\"q-contents-lists--item\" id=\"Q15\">\r\n            <div class=\"q-header\">\r\n              <p>\u00bfPuedo beber alcohol?<\/p>\r\n            <\/div>\r\n            <div class=\"q-info\">\r\n              <p>\r\n                Por ley, si tienes m\u00e1s de 21 a\u00f1os, puedes beber en la residencia. No permitimos fumar de  ning\u00fan tipo en la residencia.\r\n              <\/p>\r\n            <\/div>\r\n          <\/div>\r\n          <div class=\"q-contents-lists--item\" id=\"Q16\">\r\n            <div class=\"q-header\">\r\n              <p>\u00bfHay una sala o zona para fumadores?<\/p>\r\n            <\/div>\r\n            <div class=\"q-info\">\r\n              <p>\r\n                No. Todas las habitaciones del dormitorio (incluido el balc\u00f3n) son libres de humo. Te solicitamos salir del edificio para fumar.\r\n              <\/p>\r\n            <\/div>\r\n          <\/div>\r\n          <div class=\"q-contents-lists--item\" id=\"Q17\">\r\n            <div class=\"q-header\">\r\n              <p>\u00bfHay lavadora?<\/p>\r\n            <\/div>\r\n            <div class=\"q-info\">\r\n              <p>\r\n                S\u00ed, cada residencia tiene una lavadora. Deducimos $3 por semana del dep\u00f3sito de seguridad como tarifa de lavadora.\r\n              <\/p>\r\n            <\/div>\r\n          <\/div>\r\n          <div class=\"q-contents-lists--item\" id=\"Q18\">\r\n            <div class=\"q-header\">\r\n              <p>\u00bfPuedo cambiar de habitaci\u00f3n?<\/p>\r\n            <\/div>\r\n            <div class=\"q-info\">\r\n              <p>\r\n                A. Es posible ascender de habitaci\u00f3n (por ejemplo, de una habitaci\u00f3n cu\u00e1druple a una individual): \r\nsi hay una habitaci\u00f3n disponible, puede cambiar de habitaci\u00f3n simplemente pagando la diferencia de precio.<br \/>\r\n                B. Tambi\u00e9n puede mudarse al mismo tipo de habitaci\u00f3n (p. Ej., Compartida a compartida): \r\nsi hay una habitaci\u00f3n disponible, puede cambiarse a ella.<br \/>\r\n                C Tambi\u00e9n es posible descender de habitaci\u00f3n (por ejemplo, individual a cu\u00e1druple): \r\nsi hay una habitaci\u00f3n disponible, puede cambiar de habitaci\u00f3n.\r\n              <\/p>\r\n            <\/div>\r\n          <\/div>\r\n        <\/div>\r\n      <\/div>\r\n    <\/div>\r\n  <\/section>\r\n<\/div> <!-- \/\/ #main-contents -->","protected":false},"excerpt":{"rendered":"\u00bfC\u00f3mo puedo inscribirme\uff1f \u00bfNecesitar\u00e9 limpiar las habitaciones? \u00bfPuedo cambiarme a otro tipo de alojamiento? (por ejemplo, dormitorio a casa de familia) \u00bfCu\u00e1l es la pol\u00edtica de cancelaci\u00f3n? \u00bfPuedo ver la casa de la familia anfitriona antes de mudarme? \u00bfCu\u00e1ndo recuperar\u00e9 mi dep\u00f3sito de seguridad? \u00bfCu\u00e1ntos ba\u00f1os hay? \u00bfHay toque de queda? \u00bfPuedo beber alcohol? \u00bfHay [&hellip;]","protected":false},"author":1,"featured_media":0,"parent":0,"menu_order":0,"comment_status":"closed","ping_status":"closed","template":"","meta":[],"yoast_head":"<!-- This site is optimized with the Yoast SEO plugin v20.11 - https:\/\/yoast.com\/wordpress\/plugins\/seo\/ -->\n<title>Preguntas frecuentes - U.S. Support Service Inc<\/title>\n<meta name=\"robots\" content=\"index, follow, max-snippet:-1, max-image-preview:large, max-video-preview:-1\" \/>\n<link rel=\"canonical\" href=\"https:\/\/usssinc.net\/sp\/faq\/\" \/>\n<meta property=\"og:locale\" content=\"en_US\" \/>\n<meta property=\"og:type\" content=\"article\" \/>\n<meta property=\"og:title\" content=\"Preguntas frecuentes - U.S. Support Service Inc\" \/>\n<meta property=\"og:description\" content=\"\u00bfC\u00f3mo puedo inscribirme\uff1f \u00bfNecesitar\u00e9 limpiar las habitaciones? \u00bfPuedo cambiarme a otro tipo de alojamiento? (por ejemplo, dormitorio a casa de familia) \u00bfCu\u00e1l es la pol\u00edtica de cancelaci\u00f3n? \u00bfPuedo ver la casa de la familia anfitriona antes de mudarme? \u00bfCu\u00e1ndo recuperar\u00e9 mi dep\u00f3sito de seguridad? \u00bfCu\u00e1ntos ba\u00f1os hay? \u00bfHay toque de queda? \u00bfPuedo beber alcohol? \u00bfHay [&hellip;]\" \/>\n<meta property=\"og:url\" content=\"https:\/\/usssinc.net\/sp\/faq\/\" \/>\n<meta property=\"og:site_name\" content=\"U.S. Support Service Inc\" \/>\n<meta property=\"article:modified_time\" content=\"2021-01-13T18:57:39+00:00\" \/>\n<meta name=\"twitter:card\" content=\"summary_large_image\" \/>\n<meta name=\"twitter:label1\" content=\"Est. reading time\" \/>\n\t<meta name=\"twitter:data1\" content=\"3 minutes\" \/>\n<script type=\"application\/ld+json\" class=\"yoast-schema-graph\">{\"@context\":\"https:\/\/schema.org\",\"@graph\":[{\"@type\":\"WebPage\",\"@id\":\"https:\/\/usssinc.net\/sp\/faq\/\",\"url\":\"https:\/\/usssinc.net\/sp\/faq\/\",\"name\":\"Preguntas frecuentes - U.S. Support Service Inc\",\"isPartOf\":{\"@id\":\"https:\/\/usssinc.net\/sp\/#website\"},\"datePublished\":\"2020-04-15T03:35:09+00:00\",\"dateModified\":\"2021-01-13T18:57:39+00:00\",\"breadcrumb\":{\"@id\":\"https:\/\/usssinc.net\/sp\/faq\/#breadcrumb\"},\"inLanguage\":\"en-US\",\"potentialAction\":[{\"@type\":\"ReadAction\",\"target\":[\"https:\/\/usssinc.net\/sp\/faq\/\"]}]},{\"@type\":\"BreadcrumbList\",\"@id\":\"https:\/\/usssinc.net\/sp\/faq\/#breadcrumb\",\"itemListElement\":[{\"@type\":\"ListItem\",\"position\":1,\"name\":\"Home\",\"item\":\"https:\/\/usssinc.net\/sp\/\"},{\"@type\":\"ListItem\",\"position\":2,\"name\":\"Preguntas frecuentes\"}]},{\"@type\":\"WebSite\",\"@id\":\"https:\/\/usssinc.net\/sp\/#website\",\"url\":\"https:\/\/usssinc.net\/sp\/\",\"name\":\"U.S. Support Service Inc\",\"description\":\"Offering high quality of housing in Los Angeles for short and long term\",\"potentialAction\":[{\"@type\":\"SearchAction\",\"target\":{\"@type\":\"EntryPoint\",\"urlTemplate\":\"https:\/\/usssinc.net\/sp\/?s={search_term_string}\"},\"query-input\":\"required name=search_term_string\"}],\"inLanguage\":\"en-US\"}]}<\/script>\n<!-- \/ Yoast SEO plugin. -->","yoast_head_json":{"title":"Preguntas frecuentes - U.S. Support Service Inc","robots":{"index":"index","follow":"follow","max-snippet":"max-snippet:-1","max-image-preview":"max-image-preview:large","max-video-preview":"max-video-preview:-1"},"canonical":"https:\/\/usssinc.net\/sp\/faq\/","og_locale":"en_US","og_type":"article","og_title":"Preguntas frecuentes - U.S. Support Service Inc","og_description":"\u00bfC\u00f3mo puedo inscribirme\uff1f \u00bfNecesitar\u00e9 limpiar las habitaciones? \u00bfPuedo cambiarme a otro tipo de alojamiento? (por ejemplo, dormitorio a casa de familia) \u00bfCu\u00e1l es la pol\u00edtica de cancelaci\u00f3n? \u00bfPuedo ver la casa de la familia anfitriona antes de mudarme? \u00bfCu\u00e1ndo recuperar\u00e9 mi dep\u00f3sito de seguridad? \u00bfCu\u00e1ntos ba\u00f1os hay? \u00bfHay toque de queda? \u00bfPuedo beber alcohol? \u00bfHay [&hellip;]","og_url":"https:\/\/usssinc.net\/sp\/faq\/","og_site_name":"U.S. Support Service Inc","article_modified_time":"2021-01-13T18:57:39+00:00","twitter_card":"summary_large_image","twitter_misc":{"Est. reading time":"3 minutes"},"schema":{"@context":"https:\/\/schema.org","@graph":[{"@type":"WebPage","@id":"https:\/\/usssinc.net\/sp\/faq\/","url":"https:\/\/usssinc.net\/sp\/faq\/","name":"Preguntas frecuentes - U.S. Support Service Inc","isPartOf":{"@id":"https:\/\/usssinc.net\/sp\/#website"},"datePublished":"2020-04-15T03:35:09+00:00","dateModified":"2021-01-13T18:57:39+00:00","breadcrumb":{"@id":"https:\/\/usssinc.net\/sp\/faq\/#breadcrumb"},"inLanguage":"en-US","potentialAction":[{"@type":"ReadAction","target":["https:\/\/usssinc.net\/sp\/faq\/"]}]},{"@type":"BreadcrumbList","@id":"https:\/\/usssinc.net\/sp\/faq\/#breadcrumb","itemListElement":[{"@type":"ListItem","position":1,"name":"Home","item":"https:\/\/usssinc.net\/sp\/"},{"@type":"ListItem","position":2,"name":"Preguntas frecuentes"}]},{"@type":"WebSite","@id":"https:\/\/usssinc.net\/sp\/#website","url":"https:\/\/usssinc.net\/sp\/","name":"U.S. Support Service Inc","description":"Offering high quality of housing in Los Angeles for short and long term","potentialAction":[{"@type":"SearchAction","target":{"@type":"EntryPoint","urlTemplate":"https:\/\/usssinc.net\/sp\/?s={search_term_string}"},"query-input":"required name=search_term_string"}],"inLanguage":"en-US"}]}},"_links":{"self":[{"href":"https:\/\/usssinc.net\/sp\/wp-json\/wp\/v2\/pages\/19"}],"collection":[{"href":"https:\/\/usssinc.net\/sp\/wp-json\/wp\/v2\/pages"}],"about":[{"href":"https:\/\/usssinc.net\/sp\/wp-json\/wp\/v2\/types\/page"}],"author":[{"embeddable":true,"href":"https:\/\/usssinc.net\/sp\/wp-json\/wp\/v2\/users\/1"}],"replies":[{"embeddable":true,"href":"https:\/\/usssinc.net\/sp\/wp-json\/wp\/v2\/comments?post=19"}],"version-history":[{"count":4,"href":"https:\/\/usssinc.net\/sp\/wp-json\/wp\/v2\/pages\/19\/revisions"}],"predecessor-version":[{"id":375,"href":"https:\/\/usssinc.net\/sp\/wp-json\/wp\/v2\/pages\/19\/revisions\/375"}],"wp:attachment":[{"href":"https:\/\/usssinc.net\/sp\/wp-json\/wp\/v2\/media?parent=19"}],"curies":[{"name":"wp","href":"https:\/\/api.w.org\/{rel}","templated":true}]}}