{"id":42,"date":"2020-04-20T03:18:14","date_gmt":"2020-04-20T03:18:14","guid":{"rendered":"https:\/\/wp.usssinc.net\/?page_id=42"},"modified":"2020-12-20T01:53:20","modified_gmt":"2020-12-20T01:53:20","slug":"homestay","status":"publish","type":"page","link":"https:\/\/usssinc.net\/sp\/homestay\/","title":{"rendered":"Homestay"},"content":{"rendered":"<div id=\"main-contents\" class=\"page-homestay\"> <!-- #main-contents -->\r\n  <section class=\"homestay\">\r\n    <div class=\"homestay-contents\">\r\n      <p class=\"homestay-title\">Nuestras casas de familia<\/p>\r\n      <div class=\"wrapper\">\r\n        <span class=\"homestay-description pc\">\r\n        Recomendamos la estad\u00eda en casa de familia a personas que deseen experimentar la vida con una familia estadounidense. Se proporcionan comidas (desayuno y cena)\r\n        <\/span>\r\n        <span class=\"homestay-description sp\">\r\n         Recomendamos la estad\u00eda en casa de familia a personas que deseen experimentar la vida con una familia estadounidense. Se proporcionan comidas (desayuno y cena)\r\n        <\/span>\r\n        <figure class=\"homestay-cover\" style=\"background-image: url('https:\/\/usssinc.net\/wp-content\/themes\/usss\/images\/homestay-cover.png')\">\r\n          <div class=\"homestay-info\">\r\n            <p class=\"homestay-text\">Perm\u00edtanos presentarle algunas de nuestras familias anfitrionas cuidadosamente seleccionadas.<\/p>\r\n          <\/div>\r\n        <\/figure>\r\n      <\/div>\r\n    <\/div>\r\n  <\/section>\r\n  <section class=\"area\">\r\n    <div class=\"wrapper\">\r\n      <h2 class=\"title\">Zona<\/h2>\r\n      <span class=\"sub-title\">M\u00e1s de 100 familias anfitrionas en L.\u00c1. est\u00e1n afiliadas<\/span>\r\n      <div class=\"area-contents\">\r\n        <figure>\r\n\t\t\t\t<iframe loading=\"lazy\" src=\"https:\/\/www.google.com\/maps\/d\/u\/3\/embed?mid=1W8tPHpb7Kx4vZvvnWxYOvphksel808li\" width=\"100%\" height=\"500\"><\/iframe>\r\n        <\/figure>\r\n      <\/div>\r\n    <\/div>\r\n  <\/section>\r\n  <section class=\"families\">\r\n    <div class=\"wrapper\">\r\n      <h2 class=\"title\">Familias anfitrionas<\/h2>\r\n      <span class=\"sub-title\">Conoce algunas de nuestras familias anfitrionas cuidadosamente seleccionadas<\/span>\r\n      <div class=\"families-contents\">\r\n        <ul class=\"families-lists\">\r\n          <li class=\"families-lists--item\">\r\n            <h3 class=\"families-title\">Perfil de familia Sigh #01 <\/h3>\r\n            <figure class=\"families-cover\">\r\n              <img decoding=\"async\" src=\"https:\/\/usssinc.net\/wp-content\/themes\/usss\/images\/families_cover_01.png\" alt=\"\">\r\n            <\/figure>\r\n            <div class=\"families-info\">\r\n              <ul class=\"info-lists\">\r\n                <li class=\"info-lists--item\">Nombre: Sigh<\/li>\r\n                <li class=\"info-lists--item\">Ubicaci\u00f3n: Santa Monica<\/li>\r\n                <li class=\"info-lists--item\">30 minutos en autob\u00fas a la playa de Santa M\u00f3nica<\/li>\r\n                <li class=\"info-lists--item\">Mascota: No<\/li>\r\n              <\/ul>\r\n              <p class=\"families-description\">\r\n              Hemos recibido estudiantes desde 2011 y hemos tenido muchos estudiantes de diferentes pa\u00edses. Es un placer conocer a diferentes estudiantes de diferentes pa\u00edses. Nuestros estudiantes se han convertido en parte de la familia y tenemos a alguien en muchas partes del mundo. He tenido el placer de ser visitada por muchos de mis estudiantes que regresaron a Los \u00c1ngeles.\r\n              <\/p>\r\n            <\/div>\r\n          <\/li>\r\n          <li class=\"families-lists--item\">\r\n            <h3 class=\"families-title\">Perfil de familia Miriam #02<\/h3>\r\n            <figure class=\"families-cover\">\r\n              <img decoding=\"async\" src=\"https:\/\/usssinc.net\/wp-content\/themes\/usss\/images\/families_cover_02.png\" alt=\"\">\r\n            <\/figure>\r\n            <div class=\"families-info\">\r\n              <ul class=\"info-lists\">\r\n                <li class=\"info-lists--item\">Nombre: Miriam<\/li>\r\n                <li class=\"info-lists--item\">Ubicaci\u00f3n: \u00c1rea de North Hollywood<\/li>\r\n                <li class=\"info-lists--item\">30 minutos en autob\u00fas hasta Movement Lifestyle<\/li>\r\n                <li class=\"info-lists--item\">Mascota: No<\/li>\r\n              <\/ul>\r\n              <p class=\"families-description\">\r\n              Mi hija y yo hemos disfrutado de ser una familia anfitriona porque no solo ganamos experiencia de otras culturas sino amistades tambi\u00e9n.\r\n              <\/p>\r\n            <\/div>\r\n          <\/li>\r\n          <li class=\"families-lists--item\">\r\n            <h3 class=\"families-title\">Perfil de familia Sanvicente #3<\/h3>\r\n            <figure class=\"families-cover\">\r\n              <img decoding=\"async\" src=\"https:\/\/usssinc.net\/wp-content\/themes\/usss\/images\/families_cover_03.png\" alt=\"\">\r\n            <\/figure>\r\n            <div class=\"families-info\">\r\n              <ul class=\"info-lists\">\r\n                <li class=\"info-lists--item\">Nombre: Sanvicente<\/li>\r\n                <li class=\"info-lists--item\">Ubicaci\u00f3n: North Hollywood<\/li>\r\n                <li class=\"info-lists--item\">10 minutos en autob\u00fas a Universal Studios<\/li>\r\n                <li class=\"info-lists--item\">Mascota: No<\/li>\r\n              <\/ul>\r\n              <p class=\"families-description\">\r\n              Nos gusta aprovechar la oportunidad de ser una familia anfitriona para estudiantes internacionales. Nuestra familia disfruta de la diversidad en la que podemos compartir nuestra cultura, tradiciones y estilo de vida estadounidenses y, al mismo tiempo, aprender sobre los suyos. Esperamos construir relaciones y recuerdos sinceros.\r\n              <\/p>\r\n            <\/div>\r\n          <\/li>\r\n          <li class=\"families-lists--item\">\r\n            <h3 class=\"families-title\">Perfil de familia Rodr\u00edguez #4<\/h3>\r\n            <figure class=\"families-cover\">\r\n              <img decoding=\"async\" src=\"https:\/\/usssinc.net\/wp-content\/themes\/usss\/images\/families_cover_04.png\" alt=\"\">\r\n            <\/figure>\r\n            <div class=\"families-info\">\r\n              <ul class=\"info-lists\">\r\n                <li class=\"info-lists--item\">Nombre: Rodr\u00edguez<\/li>\r\n                <li class=\"info-lists--item\">Ubicaci\u00f3n: North Hollywood<\/li>\r\n                <li class=\"info-lists--item\">Cerca del Millennium Dance Complex Dance Studio<\/li>\r\n                <li class=\"info-lists--item\">Mascota: No<\/li>\r\n              <\/ul>\r\n              <p class=\"families-description\">\r\n              \u00a1\u00a1Nos gustar\u00eda darle la bienvenida a nuestra casa en Hollywood, CA !! <br \/>\u00a1Esperamos que tenga una experiencia incre\u00edble y disfrute cada segundo!\r\n              <\/p>\r\n            <\/div>\r\n          <\/li>\r\n          <li class=\"families-lists--item\">\r\n            <h3 class=\"families-title\">Perfil de Marcela #5<\/h3>\r\n            <figure class=\"families-cover\">\r\n              <img decoding=\"async\" src=\"https:\/\/usssinc.net\/wp-content\/themes\/usss\/images\/families_cover_05.png\" alt=\"\">\r\n            <\/figure>\r\n            <div class=\"families-info\">\r\n              <ul class=\"info-lists\">\r\n                <li class=\"info-lists--item\">Nombre: Marcela<\/li>\r\n                <li class=\"info-lists--item\">Ubicaci\u00f3n: North hollywood<\/li>\r\n                <li class=\"info-lists--item\">A 10 mitunes de Disney Studio<\/li>\r\n                <li class=\"info-lists--item\">Mascotas: Perros<\/li>\r\n              <\/ul>\r\n              <p class=\"families-description more-height\">\r\n              Hola mi Familia es Bartolo y Marcela Gonz\u00e1lez, estamos casados desde hace 33 a\u00f1os, siendo anfitriones por m\u00e1s de 20 a\u00f1os, disfrutando cada minuto y aprendiendo la cultura de nuestros estudiantes, mantenemos contacto con ellos a trav\u00e9s de los a\u00f1os. Ellos han regresado con su familia a\u00f1os despu\u00e9s de quedarse en nuestra casa, \u00a1Nos convertimos en mam\u00e1 y pap\u00e1 en el sentido de la palabra para ellos! lo que nos hace muy felices, hacemos nuestras cenas caseras! Para que disfruten de 3 culturas diferentes. Las comidas americanas, chilenas y mexicanas son siempre la prioridad, crear un ambiente seguro para nuestros huespedes es el # 1, Dios no nos bendijo con ni\u00f1os&#8230;nos bendijo con estudiantes siendo su familia anfitriona. Muchas muchas gracias. \r\n              <\/p>\r\n            <\/div>\r\n          <\/li>\r\n          <li class=\"families-lists--item\">\r\n            <h3 class=\"families-title\">Perfil de familia Washington #6<\/h3>\r\n            <figure class=\"families-cover\">\r\n              <img decoding=\"async\" src=\"https:\/\/usssinc.net\/wp-content\/themes\/usss\/images\/families_cover_06.png\" alt=\"\">\r\n            <\/figure>\r\n            <div class=\"families-info\">\r\n              <ul class=\"info-lists\">\r\n                <li class=\"info-lists--item\">Nombre: Washington<\/li>\r\n                <li class=\"info-lists--item\">Ubicaci\u00f3n: North 20<\/li>\r\n                <li class=\"info-lists--item\">20 minutos en autob\u00fas a Beverly Hills<\/li>\r\n                <li class=\"info-lists--item\">Mascota: No<\/li>\r\n              <\/ul>\r\n              <p class=\"families-description\">\r\n              \u00a1Hola chicos! \u00a1Ya es agradable tener\/dar la bienvenida a los estudiantes a nuestra casa y pasar tiempo juntos! \u00a1A menudo tenemos fiestas en nuestra casa y es muy divertido! \u00a1Nuestra familia estar\u00e1 emocionada de tenerte! \u00a1Muchas gracias!\r\n              <\/p>\r\n            <\/div>\r\n          <\/li>\r\n        <\/ul>\r\n      <\/div>\r\n    <\/div>\r\n  <\/section>\r\n  <\/div> <!-- \/\/ #main-contents -->","protected":false},"excerpt":{"rendered":"Nuestras casas de familia Recomendamos la estad\u00eda en casa de familia a personas que deseen experimentar la vida con una familia estadounidense. Se proporcionan comidas (desayuno y cena) Recomendamos la estad\u00eda en casa de familia a personas que deseen experimentar la vida con una familia estadounidense. Se proporcionan comidas (desayuno y cena) Perm\u00edtanos presentarle algunas [&hellip;]","protected":false},"author":1,"featured_media":0,"parent":0,"menu_order":0,"comment_status":"closed","ping_status":"closed","template":"","meta":[],"yoast_head":"<!-- This site is optimized with the Yoast SEO plugin v20.11 - https:\/\/yoast.com\/wordpress\/plugins\/seo\/ -->\n<title>Homestay - U.S. Support Service Inc<\/title>\n<meta name=\"robots\" content=\"index, follow, max-snippet:-1, max-image-preview:large, max-video-preview:-1\" \/>\n<link rel=\"canonical\" href=\"https:\/\/usssinc.net\/sp\/homestay\/\" \/>\n<meta property=\"og:locale\" content=\"en_US\" \/>\n<meta property=\"og:type\" content=\"article\" \/>\n<meta property=\"og:title\" content=\"Homestay - U.S. Support Service Inc\" \/>\n<meta property=\"og:description\" content=\"Nuestras casas de familia Recomendamos la estad\u00eda en casa de familia a personas que deseen experimentar la vida con una familia estadounidense. Se proporcionan comidas (desayuno y cena) Recomendamos la estad\u00eda en casa de familia a personas que deseen experimentar la vida con una familia estadounidense. Se proporcionan comidas (desayuno y cena) Perm\u00edtanos presentarle algunas [&hellip;]\" \/>\n<meta property=\"og:url\" content=\"https:\/\/usssinc.net\/sp\/homestay\/\" \/>\n<meta property=\"og:site_name\" content=\"U.S. Support Service Inc\" \/>\n<meta property=\"article:modified_time\" content=\"2020-12-20T01:53:20+00:00\" \/>\n<meta property=\"og:image\" content=\"https:\/\/usssinc.net\/wp-content\/themes\/usss\/images\/families_cover_01.png\" \/>\n<meta name=\"twitter:card\" content=\"summary_large_image\" \/>\n<meta name=\"twitter:label1\" content=\"Est. reading time\" \/>\n\t<meta name=\"twitter:data1\" content=\"3 minutes\" \/>\n<script type=\"application\/ld+json\" class=\"yoast-schema-graph\">{\"@context\":\"https:\/\/schema.org\",\"@graph\":[{\"@type\":\"WebPage\",\"@id\":\"https:\/\/usssinc.net\/sp\/homestay\/\",\"url\":\"https:\/\/usssinc.net\/sp\/homestay\/\",\"name\":\"Homestay - U.S. Support Service Inc\",\"isPartOf\":{\"@id\":\"https:\/\/usssinc.net\/sp\/#website\"},\"datePublished\":\"2020-04-20T03:18:14+00:00\",\"dateModified\":\"2020-12-20T01:53:20+00:00\",\"breadcrumb\":{\"@id\":\"https:\/\/usssinc.net\/sp\/homestay\/#breadcrumb\"},\"inLanguage\":\"en-US\",\"potentialAction\":[{\"@type\":\"ReadAction\",\"target\":[\"https:\/\/usssinc.net\/sp\/homestay\/\"]}]},{\"@type\":\"BreadcrumbList\",\"@id\":\"https:\/\/usssinc.net\/sp\/homestay\/#breadcrumb\",\"itemListElement\":[{\"@type\":\"ListItem\",\"position\":1,\"name\":\"Home\",\"item\":\"https:\/\/usssinc.net\/sp\/\"},{\"@type\":\"ListItem\",\"position\":2,\"name\":\"Homestay\"}]},{\"@type\":\"WebSite\",\"@id\":\"https:\/\/usssinc.net\/sp\/#website\",\"url\":\"https:\/\/usssinc.net\/sp\/\",\"name\":\"U.S. Support Service Inc\",\"description\":\"Offering high quality of housing in Los Angeles for short and long term\",\"potentialAction\":[{\"@type\":\"SearchAction\",\"target\":{\"@type\":\"EntryPoint\",\"urlTemplate\":\"https:\/\/usssinc.net\/sp\/?s={search_term_string}\"},\"query-input\":\"required name=search_term_string\"}],\"inLanguage\":\"en-US\"}]}<\/script>\n<!-- \/ Yoast SEO plugin. -->","yoast_head_json":{"title":"Homestay - U.S. Support Service Inc","robots":{"index":"index","follow":"follow","max-snippet":"max-snippet:-1","max-image-preview":"max-image-preview:large","max-video-preview":"max-video-preview:-1"},"canonical":"https:\/\/usssinc.net\/sp\/homestay\/","og_locale":"en_US","og_type":"article","og_title":"Homestay - U.S. Support Service Inc","og_description":"Nuestras casas de familia Recomendamos la estad\u00eda en casa de familia a personas que deseen experimentar la vida con una familia estadounidense. Se proporcionan comidas (desayuno y cena) Recomendamos la estad\u00eda en casa de familia a personas que deseen experimentar la vida con una familia estadounidense. Se proporcionan comidas (desayuno y cena) Perm\u00edtanos presentarle algunas [&hellip;]","og_url":"https:\/\/usssinc.net\/sp\/homestay\/","og_site_name":"U.S. Support Service Inc","article_modified_time":"2020-12-20T01:53:20+00:00","og_image":[{"url":"https:\/\/usssinc.net\/wp-content\/themes\/usss\/images\/families_cover_01.png"}],"twitter_card":"summary_large_image","twitter_misc":{"Est. reading time":"3 minutes"},"schema":{"@context":"https:\/\/schema.org","@graph":[{"@type":"WebPage","@id":"https:\/\/usssinc.net\/sp\/homestay\/","url":"https:\/\/usssinc.net\/sp\/homestay\/","name":"Homestay - U.S. Support Service Inc","isPartOf":{"@id":"https:\/\/usssinc.net\/sp\/#website"},"datePublished":"2020-04-20T03:18:14+00:00","dateModified":"2020-12-20T01:53:20+00:00","breadcrumb":{"@id":"https:\/\/usssinc.net\/sp\/homestay\/#breadcrumb"},"inLanguage":"en-US","potentialAction":[{"@type":"ReadAction","target":["https:\/\/usssinc.net\/sp\/homestay\/"]}]},{"@type":"BreadcrumbList","@id":"https:\/\/usssinc.net\/sp\/homestay\/#breadcrumb","itemListElement":[{"@type":"ListItem","position":1,"name":"Home","item":"https:\/\/usssinc.net\/sp\/"},{"@type":"ListItem","position":2,"name":"Homestay"}]},{"@type":"WebSite","@id":"https:\/\/usssinc.net\/sp\/#website","url":"https:\/\/usssinc.net\/sp\/","name":"U.S. Support Service Inc","description":"Offering high quality of housing in Los Angeles for short and long term","potentialAction":[{"@type":"SearchAction","target":{"@type":"EntryPoint","urlTemplate":"https:\/\/usssinc.net\/sp\/?s={search_term_string}"},"query-input":"required name=search_term_string"}],"inLanguage":"en-US"}]}},"_links":{"self":[{"href":"https:\/\/usssinc.net\/sp\/wp-json\/wp\/v2\/pages\/42"}],"collection":[{"href":"https:\/\/usssinc.net\/sp\/wp-json\/wp\/v2\/pages"}],"about":[{"href":"https:\/\/usssinc.net\/sp\/wp-json\/wp\/v2\/types\/page"}],"author":[{"embeddable":true,"href":"https:\/\/usssinc.net\/sp\/wp-json\/wp\/v2\/users\/1"}],"replies":[{"embeddable":true,"href":"https:\/\/usssinc.net\/sp\/wp-json\/wp\/v2\/comments?post=42"}],"version-history":[{"count":5,"href":"https:\/\/usssinc.net\/sp\/wp-json\/wp\/v2\/pages\/42\/revisions"}],"predecessor-version":[{"id":345,"href":"https:\/\/usssinc.net\/sp\/wp-json\/wp\/v2\/pages\/42\/revisions\/345"}],"wp:attachment":[{"href":"https:\/\/usssinc.net\/sp\/wp-json\/wp\/v2\/media?parent=42"}],"curies":[{"name":"wp","href":"https:\/\/api.w.org\/{rel}","templated":true}]}}