{"id":52,"date":"2020-04-20T03:32:04","date_gmt":"2020-04-20T03:32:04","guid":{"rendered":"https:\/\/wp.usssinc.net\/?page_id=52"},"modified":"2021-01-09T22:31:25","modified_gmt":"2021-01-09T22:31:25","slug":"voice","status":"publish","type":"page","link":"https:\/\/usssinc.net\/sp\/voice\/","title":{"rendered":"Testimonios de estudiantes"},"content":{"rendered":"<div id=\"main-contents\" class=\"page-voice\"> <!-- #main-contents -->\r\n    <section class=\"residence\">\r\n      <div class=\"wrapper\">\r\n        <div class=\"residence-contents\">\r\n          <h2 class=\"residence-title\"><p>Residencia de lujo<\/p><\/h2>\r\n          <div class=\"residence-lists\">\r\n            <div class=\"residence-lists--item\">\r\n              <div class=\"info\">\r\n                <p class=\"name\">Marco<\/p>\r\n                <div class=\"sub-info\">\r\n                  <p class=\"sub-info--item\">Alojado en Brockton Residence<\/p>\r\n                  <p class=\"sub-info--item\">De Italia<\/p>\r\n                <\/div>\r\n                <figure class=\"cover-sp\">\r\n                  <img decoding=\"async\" src=\"https:\/\/usssinc.net\/wp-content\/themes\/usss\/images\/img_voice_residence_01.png\" alt=\"\">\r\n                <\/figure>\r\n                <div class=\"quote\">\r\n                  <p>\r\n                    \u00a1Brockton Dorm super\u00f3 mis expectativas! El apartamento estaba limpio, acogedor y espacioso, me sent\u00ed como en casa durante mi estad\u00eda. El vecindario era s\u00faper seguro y bien ubicado. Las paradas de autob\u00fas est\u00e1n a solo 5 minutos a pie, podr\u00e1 llegar a la escuela y a muchos lugares famosos en pocos minutos. Supermercados, farmacias, bares etc\u2026 est\u00e1n muy cerca y abren hasta tarde. El personal de USSS fue muy servicial, amable y super profesional.\r\n                  <\/p>\r\n                <\/div>\r\n              <\/div>\r\n              <figure class=\"cover\">\r\n                <img decoding=\"async\" src=\"https:\/\/usssinc.net\/wp-content\/themes\/usss\/images\/img_voice_residence_01.png\" alt=\"\">\r\n              <\/figure>\r\n            <\/div>\r\n            <div class=\"residence-lists--item\">\r\n              <div class=\"info\">\r\n                <p class=\"name\">Mizuki<\/p>\r\n                <div class=\"sub-info\">\r\n                  <p class=\"sub-info--item\">Alojada en Bakman Residence<\/p>\r\n                  <p class=\"sub-info--item\">De Jap\u00f3n<\/p>\r\n                <\/div>\r\n                <figure class=\"cover-sp\">\r\n                  <img decoding=\"async\" src=\"https:\/\/usssinc.net\/wp-content\/themes\/usss\/images\/img_voice_residence_02.png\" alt=\"\">\r\n                <\/figure>\r\n                <div class=\"quote\">\r\n                  <p>\r\n                    \u00a1Puede conocer amigos internacionales f\u00e1cilmente y experimentar la vida en Los \u00c1ngeles! Adem\u00e1s, este dormitorio es tan limpio y conveniente que puede pasar un buen rato con seguridad incluso si es la primera vez que visita Los \u00c1ngeles.\r\n                  <\/p>\r\n                <\/div>\r\n              <\/div>\r\n              <figure class=\"cover\">\r\n                <img decoding=\"async\" src=\"https:\/\/usssinc.net\/wp-content\/themes\/usss\/images\/img_voice_residence_02.png\" alt=\"\">\r\n              <\/figure>\r\n            <\/div>\r\n            <div class=\"residence-lists--item\">\r\n              <div class=\"info\">\r\n                <p class=\"name\">Raphael<\/p>\r\n                <div class=\"sub-info\">\r\n                  <p class=\"sub-info--item\">Alojado en Poinsettia Residence<\/p>\r\n                  <p class=\"sub-info--item\">De Francia<\/p>\r\n                <\/div>\r\n                <figure class=\"cover-sp\">\r\n                  <img decoding=\"async\" src=\"https:\/\/usssinc.net\/wp-content\/themes\/usss\/images\/img_voice_residence_03.png\" alt=\"\">\r\n                <\/figure>\r\n                <div class=\"quote\">\r\n                  <p>\r\n                    Experiencia asombrosa. He conocido a gente de todo el mundo. El dormitorio es limpio, organizado y muy acogedor. Excelente ubicaci\u00f3n, seguro y muy cerca al centro comercial, muy bueno. Se lo recomiendo a cualquiera que desee pasar un buen rato en Los \u00c1ngeles.\r\n                  <\/p>\r\n                <\/div>\r\n              <\/div>\r\n              <figure class=\"cover\">\r\n                <img decoding=\"async\" src=\"https:\/\/usssinc.net\/wp-content\/themes\/usss\/images\/img_voice_residence_03.png\" alt=\"\">\r\n              <\/figure>\r\n            <\/div>\r\n          <\/div>\r\n          <a href=\"https:\/\/usssinc.net\/residence\" class=\"residence-button\">Ver nuestra residencia<\/a>\r\n        <\/div>\r\n      <\/div>\r\n    <\/section>\r\n    <section class=\"homestay\">\r\n      <div class=\"wrapper\">\r\n        <div class=\"homestay-contents\">\r\n          <h2 class=\"homestay-title\"><p>Casas de familia<\/p><\/h2>\r\n          <div class=\"homestay-lists\">\r\n            <div class=\"homestay-lists--item\">\r\n              <div class=\"info\">\r\n                <p class=\"name\">Ami<\/p>\r\n                <div class=\"sub-info\">\r\n                  <p class=\"sub-info--item\">Alojada en casa de familia<\/p>\r\n                  <p class=\"sub-info--item\">De Jap\u00f3n<\/p>\r\n                <\/div>\r\n                <figure class=\"cover-sp\">\r\n                  <img decoding=\"async\" src=\"https:\/\/usssinc.net\/wp-content\/themes\/usss\/images\/img_voice_homestay_01.png\" alt=\"\">\r\n                <\/figure>\r\n                <div class=\"quote\">\r\n                  <p>\r\n                    He estado en 2 casas de familia durante mi estad\u00eda en los Estados Unidos la mitad de mi tiempo en cada una. Yo estaba un poco ansiosa pero tambi\u00e9n esperaba disfrutar. Hab\u00eda tantas diferencias calturales, pero eran una gran oportunidad para saber c\u00f3mo es la caltura estadounidense. Hablo ingl\u00e9s todo el tiempo. Hay eventos y fiestas todos los dpias festivos y, en mi opini\u00f3n, podr\u00e1s tener m\u00e1s amigos. No sab\u00eda nada sobre Estados Unidos antes de venir, pero ahora s\u00e9 muchas cosas y amo a Los \u00c1ngeles.\r\n                  <\/p>\r\n                <\/div>\r\n              <\/div>\r\n              <figure class=\"cover\">\r\n                <img decoding=\"async\" src=\"https:\/\/usssinc.net\/wp-content\/themes\/usss\/images\/img_voice_homestay_01.png\" alt=\"\">\r\n              <\/figure>\r\n            <\/div>\r\n            <div class=\"homestay-lists--item\">\r\n              <div class=\"info\">\r\n                <p class=\"name\">Yuka Seiki<\/p>\r\n                <div class=\"sub-info\">\r\n                  <p class=\"sub-info--item\">Alojada en casa de familia<\/p>\r\n                  <p class=\"sub-info--item\">De Jap\u00f3n<\/p>\r\n                <\/div>\r\n                <figure class=\"cover-sp\">\r\n                  <img decoding=\"async\" src=\"https:\/\/usssinc.net\/wp-content\/themes\/usss\/images\/img_voice_homestay_02.png\" alt=\"\">\r\n                <\/figure>\r\n                <div class=\"quote\">\r\n                  <p>\r\n                    Pasar tiempo con una familia estadounidense es la mejor manera de experimentar la cultura real. Ellos me ense\u00f1aron jerga divertida, conversaciones diarias y sus h\u00e1bitos \u00fanicos. A veces hay diferencias culturales, \u00a1pero lo disfrutar\u00e1s!\r\n                  <\/p>\r\n                <\/div>\r\n              <\/div>\r\n              <figure class=\"cover\">\r\n                <img decoding=\"async\" src=\"https:\/\/usssinc.net\/wp-content\/themes\/usss\/images\/img_voice_homestay_02.png\" alt=\"\">\r\n              <\/figure>\r\n            <\/div>\r\n            <div class=\"homestay-lists--item\">\r\n              <div class=\"info\">\r\n                <p class=\"name\">Iori Kubota<\/p>\r\n                <div class=\"sub-info\">\r\n                  <p class=\"sub-info--item\">Alojado en casa de familia<\/p>\r\n                  <p class=\"sub-info--item\">De Jap\u00f3n<\/p>\r\n                <\/div>\r\n                <figure class=\"cover-sp\">\r\n                  <img decoding=\"async\" src=\"https:\/\/usssinc.net\/wp-content\/themes\/usss\/images\/img_voice_homestay_03.png\" alt=\"\">\r\n                <\/figure>\r\n                <div class=\"quote\">\r\n                  <p>\r\n                    Tengo mucha suerte de que mi primer alojamiento haya sido esta casa porque es muy limpia. Para m\u00ed fue muy c\u00f3moda. La madre anfitriona es cari\u00f1osa, adem\u00e1s cuando cenamos, siempre hablamos de la historia del otro. Muchas veces me ense\u00f1a la cultura estadounidense. Creo que esta es una oportunidad exclusiva para ti. Si te preocupas tu vida en este pa\u00eds, te recomiendo encarecidamente que te quedes en casa de familia.\r\n                  <\/p>\r\n                <\/div>\r\n              <\/div>\r\n              <figure class=\"cover\">\r\n                <img decoding=\"async\" src=\"https:\/\/usssinc.net\/wp-content\/themes\/usss\/images\/img_voice_homestay_03.png\" alt=\"\">\r\n              <\/figure>\r\n            <\/div>\r\n          <\/div>\r\n          <a href=\"https:\/\/usssinc.net\/homestay\" class=\"homestay-button\">Ver nuestras casas de familia<\/a>\r\n        <\/div>\r\n      <\/div>\r\n    <\/section>\r\n  <\/div> <!-- \/\/ #main-contents -->","protected":false},"excerpt":{"rendered":"Residencia de lujo Marco Alojado en Brockton Residence De Italia \u00a1Brockton Dorm super\u00f3 mis expectativas! El apartamento estaba limpio, acogedor y espacioso, me sent\u00ed como en casa durante mi estad\u00eda. El vecindario era s\u00faper seguro y bien ubicado. Las paradas de autob\u00fas est\u00e1n a solo 5 minutos a pie, podr\u00e1 llegar a la escuela y [&hellip;]","protected":false},"author":1,"featured_media":0,"parent":0,"menu_order":0,"comment_status":"closed","ping_status":"closed","template":"","meta":[],"yoast_head":"<!-- This site is optimized with the Yoast SEO plugin v20.11 - https:\/\/yoast.com\/wordpress\/plugins\/seo\/ -->\n<title>Testimonios de estudiantes - U.S. Support Service Inc<\/title>\n<meta name=\"robots\" content=\"index, follow, max-snippet:-1, max-image-preview:large, max-video-preview:-1\" \/>\n<link rel=\"canonical\" href=\"https:\/\/usssinc.net\/sp\/voice\/\" \/>\n<meta property=\"og:locale\" content=\"en_US\" \/>\n<meta property=\"og:type\" content=\"article\" \/>\n<meta property=\"og:title\" content=\"Testimonios de estudiantes - U.S. Support Service Inc\" \/>\n<meta property=\"og:description\" content=\"Residencia de lujo Marco Alojado en Brockton Residence De Italia \u00a1Brockton Dorm super\u00f3 mis expectativas! El apartamento estaba limpio, acogedor y espacioso, me sent\u00ed como en casa durante mi estad\u00eda. El vecindario era s\u00faper seguro y bien ubicado. Las paradas de autob\u00fas est\u00e1n a solo 5 minutos a pie, podr\u00e1 llegar a la escuela y [&hellip;]\" \/>\n<meta property=\"og:url\" content=\"https:\/\/usssinc.net\/sp\/voice\/\" \/>\n<meta property=\"og:site_name\" content=\"U.S. Support Service Inc\" \/>\n<meta property=\"article:modified_time\" content=\"2021-01-09T22:31:25+00:00\" \/>\n<meta property=\"og:image\" content=\"https:\/\/usssinc.net\/wp-content\/themes\/usss\/images\/img_voice_residence_01.png\" \/>\n<meta name=\"twitter:card\" content=\"summary_large_image\" \/>\n<meta name=\"twitter:label1\" content=\"Est. reading time\" \/>\n\t<meta name=\"twitter:data1\" content=\"2 minutes\" \/>\n<script type=\"application\/ld+json\" class=\"yoast-schema-graph\">{\"@context\":\"https:\/\/schema.org\",\"@graph\":[{\"@type\":\"WebPage\",\"@id\":\"https:\/\/usssinc.net\/sp\/voice\/\",\"url\":\"https:\/\/usssinc.net\/sp\/voice\/\",\"name\":\"Testimonios de estudiantes - U.S. Support Service Inc\",\"isPartOf\":{\"@id\":\"https:\/\/usssinc.net\/sp\/#website\"},\"datePublished\":\"2020-04-20T03:32:04+00:00\",\"dateModified\":\"2021-01-09T22:31:25+00:00\",\"breadcrumb\":{\"@id\":\"https:\/\/usssinc.net\/sp\/voice\/#breadcrumb\"},\"inLanguage\":\"en-US\",\"potentialAction\":[{\"@type\":\"ReadAction\",\"target\":[\"https:\/\/usssinc.net\/sp\/voice\/\"]}]},{\"@type\":\"BreadcrumbList\",\"@id\":\"https:\/\/usssinc.net\/sp\/voice\/#breadcrumb\",\"itemListElement\":[{\"@type\":\"ListItem\",\"position\":1,\"name\":\"Home\",\"item\":\"https:\/\/usssinc.net\/sp\/\"},{\"@type\":\"ListItem\",\"position\":2,\"name\":\"Testimonios de estudiantes\"}]},{\"@type\":\"WebSite\",\"@id\":\"https:\/\/usssinc.net\/sp\/#website\",\"url\":\"https:\/\/usssinc.net\/sp\/\",\"name\":\"U.S. Support Service Inc\",\"description\":\"Offering high quality of housing in Los Angeles for short and long term\",\"potentialAction\":[{\"@type\":\"SearchAction\",\"target\":{\"@type\":\"EntryPoint\",\"urlTemplate\":\"https:\/\/usssinc.net\/sp\/?s={search_term_string}\"},\"query-input\":\"required name=search_term_string\"}],\"inLanguage\":\"en-US\"}]}<\/script>\n<!-- \/ Yoast SEO plugin. -->","yoast_head_json":{"title":"Testimonios de estudiantes - U.S. Support Service Inc","robots":{"index":"index","follow":"follow","max-snippet":"max-snippet:-1","max-image-preview":"max-image-preview:large","max-video-preview":"max-video-preview:-1"},"canonical":"https:\/\/usssinc.net\/sp\/voice\/","og_locale":"en_US","og_type":"article","og_title":"Testimonios de estudiantes - U.S. Support Service Inc","og_description":"Residencia de lujo Marco Alojado en Brockton Residence De Italia \u00a1Brockton Dorm super\u00f3 mis expectativas! El apartamento estaba limpio, acogedor y espacioso, me sent\u00ed como en casa durante mi estad\u00eda. El vecindario era s\u00faper seguro y bien ubicado. Las paradas de autob\u00fas est\u00e1n a solo 5 minutos a pie, podr\u00e1 llegar a la escuela y [&hellip;]","og_url":"https:\/\/usssinc.net\/sp\/voice\/","og_site_name":"U.S. Support Service Inc","article_modified_time":"2021-01-09T22:31:25+00:00","og_image":[{"url":"https:\/\/usssinc.net\/wp-content\/themes\/usss\/images\/img_voice_residence_01.png"}],"twitter_card":"summary_large_image","twitter_misc":{"Est. reading time":"2 minutes"},"schema":{"@context":"https:\/\/schema.org","@graph":[{"@type":"WebPage","@id":"https:\/\/usssinc.net\/sp\/voice\/","url":"https:\/\/usssinc.net\/sp\/voice\/","name":"Testimonios de estudiantes - U.S. Support Service Inc","isPartOf":{"@id":"https:\/\/usssinc.net\/sp\/#website"},"datePublished":"2020-04-20T03:32:04+00:00","dateModified":"2021-01-09T22:31:25+00:00","breadcrumb":{"@id":"https:\/\/usssinc.net\/sp\/voice\/#breadcrumb"},"inLanguage":"en-US","potentialAction":[{"@type":"ReadAction","target":["https:\/\/usssinc.net\/sp\/voice\/"]}]},{"@type":"BreadcrumbList","@id":"https:\/\/usssinc.net\/sp\/voice\/#breadcrumb","itemListElement":[{"@type":"ListItem","position":1,"name":"Home","item":"https:\/\/usssinc.net\/sp\/"},{"@type":"ListItem","position":2,"name":"Testimonios de estudiantes"}]},{"@type":"WebSite","@id":"https:\/\/usssinc.net\/sp\/#website","url":"https:\/\/usssinc.net\/sp\/","name":"U.S. Support Service Inc","description":"Offering high quality of housing in Los Angeles for short and long term","potentialAction":[{"@type":"SearchAction","target":{"@type":"EntryPoint","urlTemplate":"https:\/\/usssinc.net\/sp\/?s={search_term_string}"},"query-input":"required name=search_term_string"}],"inLanguage":"en-US"}]}},"_links":{"self":[{"href":"https:\/\/usssinc.net\/sp\/wp-json\/wp\/v2\/pages\/52"}],"collection":[{"href":"https:\/\/usssinc.net\/sp\/wp-json\/wp\/v2\/pages"}],"about":[{"href":"https:\/\/usssinc.net\/sp\/wp-json\/wp\/v2\/types\/page"}],"author":[{"embeddable":true,"href":"https:\/\/usssinc.net\/sp\/wp-json\/wp\/v2\/users\/1"}],"replies":[{"embeddable":true,"href":"https:\/\/usssinc.net\/sp\/wp-json\/wp\/v2\/comments?post=52"}],"version-history":[{"count":4,"href":"https:\/\/usssinc.net\/sp\/wp-json\/wp\/v2\/pages\/52\/revisions"}],"predecessor-version":[{"id":359,"href":"https:\/\/usssinc.net\/sp\/wp-json\/wp\/v2\/pages\/52\/revisions\/359"}],"wp:attachment":[{"href":"https:\/\/usssinc.net\/sp\/wp-json\/wp\/v2\/media?parent=52"}],"curies":[{"name":"wp","href":"https:\/\/api.w.org\/{rel}","templated":true}]}}