{"id":55,"date":"2020-04-20T03:35:53","date_gmt":"2020-04-20T03:35:53","guid":{"rendered":"https:\/\/wp.usssinc.net\/?page_id=55"},"modified":"2021-01-13T18:57:22","modified_gmt":"2021-01-13T18:57:22","slug":"flow","status":"publish","type":"page","link":"https:\/\/usssinc.net\/sp\/flow\/","title":{"rendered":"C\u00f3mo inscribirme"},"content":{"rendered":"<div id=\"main-contents\" class=\"page-flow\"> <!-- #main-contents -->\r\n  <span class=\"flow-title\">Proceso desde la solicitud hasta el check-in<\/span>\r\n  <section class=\"flow\">\r\n    <div class=\"wrapper\">\r\n      <div class=\"flow-contents\">\r\n        <div class=\"tabs-stage\">\r\n          <ul class=\"flow-lists\">\r\n            <li class=\"flow-lists--item\">\r\n              <b class=\"num\">1.<\/b>\r\n              <figure class=\"flow-cover\">\r\n                <img decoding=\"async\" src=\"https:\/\/usssinc.net\/wp-content\/themes\/usss\/images\/icon_flow_01.png\" alt=\"\">\r\n              <\/figure>\r\n              <span class=\"inner-title-sp\">\u00a1Verifique la disponibilidad primero\uff01<\/span>\r\n              <div class=\"flow-info\">\r\n                <span class=\"inner-title\">\u00a1Verifique la disponibilidad primero\uff01<\/span>\r\n                <p class=\"flow-description\">\r\n                  Verifique la disponibilidad completando la secci\u00f3n de residencia\/lugar\/tipo de habitaci\u00f3n\/m\u00e9todo de hospedaje preferido.\r\nNuestro personal de alojamiento comprobar\u00e1 la disponibilidad y se pondr\u00e1 en contacto con usted. Haganos saber si tiene alguna pregunta o inquietud.\r\n                <\/p>\r\n                <a href=\"\/wp-content\/themes\/usss\/en\/document\/\" class=\"btn\">\u00a1Consulte la disponibilidad!\uff01<\/a>\r\n              <\/div>\r\n            <\/li>\r\n            <li class=\"flow-lists--item\">\r\n              <b class=\"num\">2.<\/b>\r\n              <figure class=\"flow-cover\">\r\n                <img decoding=\"async\" src=\"https:\/\/usssinc.net\/wp-content\/themes\/usss\/images\/icon_flow_02.png\" alt=\"\">\r\n              <\/figure>\r\n              <span class=\"inner-title-sp\">\u00a1Aplique en l\u00ednea\uff01<\/span>\r\n              <div class=\"flow-info\">\r\n                <span class=\"inner-title\">\u00a1Aplique en l\u00ednea\uff01<\/span>\r\n                <p class=\"flow-description\">\r\n                  Complete todas las secciones de nuestra sencilla solicitud en l\u00ednea. \r\nUna vez que haya terminado con el proceso de solicitud, se le cobrar\u00e1 una tarifa de colocaci\u00f3n. \r\nLuego, nuestro personal se comunicar\u00e1 con usted.\r\n                <\/p>\r\n                <a href=\"https:\/\/usssinc.net\/booking\/\" class=\"btn\">Ir a inscribirme en l\u00ednea<\/a>\r\n              <\/div>\r\n            <\/li>\r\n            <li class=\"flow-lists--item\">\r\n              <b class=\"num\">3.<\/b>\r\n              <figure class=\"flow-cover\">\r\n                <img decoding=\"async\" src=\"https:\/\/usssinc.net\/wp-content\/themes\/usss\/images\/icon_flow_03.png\" alt=\"\">\r\n              <\/figure>\r\n              <span class=\"inner-title-sp\">\u00a1Env\u00ede la informaci\u00f3n de su vuelo\uff01<\/span>\r\n              <div class=\"flow-info\">\r\n                <span class=\"inner-title\">\u00a1Env\u00ede la informaci\u00f3n de su vuelo\uff01<\/span>\r\n                <p class=\"flow-description\">\r\n                  Una vez confirmado su vuelo, env\u00edenos el n\u00famero de vuelo, la hora de llegada y la fecha de llegada al menos dos semanas antes de la fecha de salida.\r\n                <\/p>\r\n              <\/div>\r\n            <\/li>\r\n            <li class=\"flow-lists--item\">\r\n              <b class=\"num\">4.<\/b>\r\n              <figure class=\"flow-cover\">\r\n                <i class=\"fas fa-file-alt\"><\/i>\r\n              <\/figure>\r\n              <span class=\"inner-title-sp\">\u00a1Dos semanas antes de su salida\uff01<\/span>\r\n              <div class=\"flow-info\">\r\n                <span class=\"inner-title\">\u00a1Dos semanas antes de su salida\uff01<\/span>\r\n                <p class=\"flow-description\">\r\n                  Nuestro personal le enviar\u00e1 un comprobante de confirmaci\u00f3n final con los detalles de la vivienda. \r\n                <\/p>\r\n              <\/div>\r\n            <\/li>\r\n            <li class=\"flow-lists--item\">\r\n              <div class=\"flow-info\">\r\n                <p class=\"flow-description\">\r\n                  <span class=\"num\">5.<\/span>\u00a1Por fin, prepar\u00e9monos para partir hacia Los \u00c1ngeles!\r\n                <\/p>\r\n              <\/div>\r\n            <\/li>\r\n            <li class=\"flow-lists--item\">\r\n              <b class=\"num\">6.<\/b>\r\n              <figure class=\"flow-cover\">\r\n                <img decoding=\"async\" src=\"https:\/\/usssinc.net\/wp-content\/themes\/usss\/images\/icon_flow_06.png\" alt=\"\">\r\n              <\/figure>\r\n              <span class=\"inner-title-sp\">Recogida en el aeropuerto Nuestro personal lo recibir\u00e1 en el aeropuerto <\/span>\r\n              <div class=\"flow-info\">\r\n                <span class=\"inner-title\">Recogida en el aeropuerto Nuestro personal lo recibir\u00e1 en el aeropuerto <\/span>\r\n                <p class=\"flow-description\">\r\n                  Nuestro personal lo recibir\u00e1 en el aeropuerto\r\n                <\/p>\r\n              <\/div>\r\n            <\/li>\r\n            <li class=\"flow-lists--item\">\r\n              <b class=\"num\">7.<\/b>\r\n              <figure class=\"flow-cover\">\r\n                <img decoding=\"async\" src=\"https:\/\/usssinc.net\/wp-content\/themes\/usss\/images\/icon_flow_07.png\" alt=\"\">\r\n              <\/figure>\r\n              <span class=\"inner-title-sp\">Llegada al alojamiento <\/span>\r\n              <div class=\"flow-info\">\r\n                <span class=\"inner-title\">Llegada al alojamiento <\/span>\r\n                <p class=\"flow-description\">\r\n                  Una vez que llegue a la residencia, se le pedir\u00e1 el dep\u00f3sito de seguridad. \r\nNuestro personal lo ayudar\u00e1 con el proceso de registro.\r\n                <\/p>\r\n              <\/div>\r\n            <\/li>\r\n            <li class=\"flow-lists--item\">\r\n              <b class=\"num\">8.<\/b>\r\n              <figure class=\"flow-cover\">\r\n                <i class=\"far fa-smile\"><\/i>\r\n              <\/figure>\r\n              <span class=\"inner-title-sp\">\u00a1Prep\u00e1rese para una nueva vida!<\/span>\r\n              <div class=\"flow-info\">\r\n                <span class=\"inner-title\">\u00a1Prep\u00e1rese para una nueva vida!<\/span>\r\n                <p class=\"flow-description\">\r\n                  \u00a1Disfruta de la vida en Los \u00c1ngeles! \r\nComun\u00edquese con nuestro personal en cualquier momento si tiene alguna pregunta, problema o inquietud.\r\n                <\/p>\r\n              <\/div>\r\n            <\/li>\r\n          <\/ul>\r\n        <\/div>\r\n      <\/div>\r\n    <\/div>\r\n  <\/section>\r\n  <\/div> <!-- \/\/ #main-contents -->","protected":false},"excerpt":{"rendered":"Proceso desde la solicitud hasta el check-in 1. \u00a1Verifique la disponibilidad primero\uff01 \u00a1Verifique la disponibilidad primero\uff01 Verifique la disponibilidad completando la secci\u00f3n de residencia\/lugar\/tipo de habitaci\u00f3n\/m\u00e9todo de hospedaje preferido. Nuestro personal de alojamiento comprobar\u00e1 la disponibilidad y se pondr\u00e1 en contacto con usted. Haganos saber si tiene alguna pregunta o inquietud. \u00a1Consulte la disponibilidad!\uff01 2. [&hellip;]","protected":false},"author":1,"featured_media":0,"parent":0,"menu_order":0,"comment_status":"closed","ping_status":"closed","template":"","meta":[],"yoast_head":"<!-- This site is optimized with the Yoast SEO plugin v20.11 - https:\/\/yoast.com\/wordpress\/plugins\/seo\/ -->\n<title>C\u00f3mo inscribirme - U.S. Support Service Inc<\/title>\n<meta name=\"robots\" content=\"index, follow, max-snippet:-1, max-image-preview:large, max-video-preview:-1\" \/>\n<link rel=\"canonical\" href=\"https:\/\/usssinc.net\/sp\/flow\/\" \/>\n<meta property=\"og:locale\" content=\"en_US\" \/>\n<meta property=\"og:type\" content=\"article\" \/>\n<meta property=\"og:title\" content=\"C\u00f3mo inscribirme - U.S. Support Service Inc\" \/>\n<meta property=\"og:description\" content=\"Proceso desde la solicitud hasta el check-in 1. \u00a1Verifique la disponibilidad primero\uff01 \u00a1Verifique la disponibilidad primero\uff01 Verifique la disponibilidad completando la secci\u00f3n de residencia\/lugar\/tipo de habitaci\u00f3n\/m\u00e9todo de hospedaje preferido. Nuestro personal de alojamiento comprobar\u00e1 la disponibilidad y se pondr\u00e1 en contacto con usted. Haganos saber si tiene alguna pregunta o inquietud. \u00a1Consulte la disponibilidad!\uff01 2. [&hellip;]\" \/>\n<meta property=\"og:url\" content=\"https:\/\/usssinc.net\/sp\/flow\/\" \/>\n<meta property=\"og:site_name\" content=\"U.S. Support Service Inc\" \/>\n<meta property=\"article:modified_time\" content=\"2021-01-13T18:57:22+00:00\" \/>\n<meta property=\"og:image\" content=\"https:\/\/usssinc.net\/wp-content\/themes\/usss\/images\/icon_flow_01.png\" \/>\n<meta name=\"twitter:card\" content=\"summary_large_image\" \/>\n<meta name=\"twitter:label1\" content=\"Est. reading time\" \/>\n\t<meta name=\"twitter:data1\" content=\"1 minute\" \/>\n<script type=\"application\/ld+json\" class=\"yoast-schema-graph\">{\"@context\":\"https:\/\/schema.org\",\"@graph\":[{\"@type\":\"WebPage\",\"@id\":\"https:\/\/usssinc.net\/sp\/flow\/\",\"url\":\"https:\/\/usssinc.net\/sp\/flow\/\",\"name\":\"C\u00f3mo inscribirme - U.S. Support Service Inc\",\"isPartOf\":{\"@id\":\"https:\/\/usssinc.net\/sp\/#website\"},\"datePublished\":\"2020-04-20T03:35:53+00:00\",\"dateModified\":\"2021-01-13T18:57:22+00:00\",\"breadcrumb\":{\"@id\":\"https:\/\/usssinc.net\/sp\/flow\/#breadcrumb\"},\"inLanguage\":\"en-US\",\"potentialAction\":[{\"@type\":\"ReadAction\",\"target\":[\"https:\/\/usssinc.net\/sp\/flow\/\"]}]},{\"@type\":\"BreadcrumbList\",\"@id\":\"https:\/\/usssinc.net\/sp\/flow\/#breadcrumb\",\"itemListElement\":[{\"@type\":\"ListItem\",\"position\":1,\"name\":\"Home\",\"item\":\"https:\/\/usssinc.net\/sp\/\"},{\"@type\":\"ListItem\",\"position\":2,\"name\":\"C\u00f3mo inscribirme\"}]},{\"@type\":\"WebSite\",\"@id\":\"https:\/\/usssinc.net\/sp\/#website\",\"url\":\"https:\/\/usssinc.net\/sp\/\",\"name\":\"U.S. Support Service Inc\",\"description\":\"Offering high quality of housing in Los Angeles for short and long term\",\"potentialAction\":[{\"@type\":\"SearchAction\",\"target\":{\"@type\":\"EntryPoint\",\"urlTemplate\":\"https:\/\/usssinc.net\/sp\/?s={search_term_string}\"},\"query-input\":\"required name=search_term_string\"}],\"inLanguage\":\"en-US\"}]}<\/script>\n<!-- \/ Yoast SEO plugin. -->","yoast_head_json":{"title":"C\u00f3mo inscribirme - U.S. Support Service Inc","robots":{"index":"index","follow":"follow","max-snippet":"max-snippet:-1","max-image-preview":"max-image-preview:large","max-video-preview":"max-video-preview:-1"},"canonical":"https:\/\/usssinc.net\/sp\/flow\/","og_locale":"en_US","og_type":"article","og_title":"C\u00f3mo inscribirme - U.S. Support Service Inc","og_description":"Proceso desde la solicitud hasta el check-in 1. \u00a1Verifique la disponibilidad primero\uff01 \u00a1Verifique la disponibilidad primero\uff01 Verifique la disponibilidad completando la secci\u00f3n de residencia\/lugar\/tipo de habitaci\u00f3n\/m\u00e9todo de hospedaje preferido. Nuestro personal de alojamiento comprobar\u00e1 la disponibilidad y se pondr\u00e1 en contacto con usted. Haganos saber si tiene alguna pregunta o inquietud. \u00a1Consulte la disponibilidad!\uff01 2. [&hellip;]","og_url":"https:\/\/usssinc.net\/sp\/flow\/","og_site_name":"U.S. Support Service Inc","article_modified_time":"2021-01-13T18:57:22+00:00","og_image":[{"url":"https:\/\/usssinc.net\/wp-content\/themes\/usss\/images\/icon_flow_01.png"}],"twitter_card":"summary_large_image","twitter_misc":{"Est. reading time":"1 minute"},"schema":{"@context":"https:\/\/schema.org","@graph":[{"@type":"WebPage","@id":"https:\/\/usssinc.net\/sp\/flow\/","url":"https:\/\/usssinc.net\/sp\/flow\/","name":"C\u00f3mo inscribirme - U.S. Support Service Inc","isPartOf":{"@id":"https:\/\/usssinc.net\/sp\/#website"},"datePublished":"2020-04-20T03:35:53+00:00","dateModified":"2021-01-13T18:57:22+00:00","breadcrumb":{"@id":"https:\/\/usssinc.net\/sp\/flow\/#breadcrumb"},"inLanguage":"en-US","potentialAction":[{"@type":"ReadAction","target":["https:\/\/usssinc.net\/sp\/flow\/"]}]},{"@type":"BreadcrumbList","@id":"https:\/\/usssinc.net\/sp\/flow\/#breadcrumb","itemListElement":[{"@type":"ListItem","position":1,"name":"Home","item":"https:\/\/usssinc.net\/sp\/"},{"@type":"ListItem","position":2,"name":"C\u00f3mo inscribirme"}]},{"@type":"WebSite","@id":"https:\/\/usssinc.net\/sp\/#website","url":"https:\/\/usssinc.net\/sp\/","name":"U.S. Support Service Inc","description":"Offering high quality of housing in Los Angeles for short and long term","potentialAction":[{"@type":"SearchAction","target":{"@type":"EntryPoint","urlTemplate":"https:\/\/usssinc.net\/sp\/?s={search_term_string}"},"query-input":"required name=search_term_string"}],"inLanguage":"en-US"}]}},"_links":{"self":[{"href":"https:\/\/usssinc.net\/sp\/wp-json\/wp\/v2\/pages\/55"}],"collection":[{"href":"https:\/\/usssinc.net\/sp\/wp-json\/wp\/v2\/pages"}],"about":[{"href":"https:\/\/usssinc.net\/sp\/wp-json\/wp\/v2\/types\/page"}],"author":[{"embeddable":true,"href":"https:\/\/usssinc.net\/sp\/wp-json\/wp\/v2\/users\/1"}],"replies":[{"embeddable":true,"href":"https:\/\/usssinc.net\/sp\/wp-json\/wp\/v2\/comments?post=55"}],"version-history":[{"count":3,"href":"https:\/\/usssinc.net\/sp\/wp-json\/wp\/v2\/pages\/55\/revisions"}],"predecessor-version":[{"id":374,"href":"https:\/\/usssinc.net\/sp\/wp-json\/wp\/v2\/pages\/55\/revisions\/374"}],"wp:attachment":[{"href":"https:\/\/usssinc.net\/sp\/wp-json\/wp\/v2\/media?parent=55"}],"curies":[{"name":"wp","href":"https:\/\/api.w.org\/{rel}","templated":true}]}}